{"id":17657,"date":"2018-10-01T13:32:50","date_gmt":"2018-10-01T08:02:50","guid":{"rendered":"http:\/\/www.ritsukaparts.com\/new\/?page_id=17657"},"modified":"2018-11-06T12:52:53","modified_gmt":"2018-11-06T07:22:53","slug":"aviso-legal","status":"publish","type":"page","link":"https:\/\/www.ritsukaparts.com\/br\/aviso-legal\/","title":{"rendered":"Aviso Legal"},"content":{"rendered":"<p>[vc_row][vc_column][vc_column_text]A Eastman Auto and Power Ltd (EAPL) reserva-se o direito de alterar ou modificar equipamentos, produtos e especifica\u00e7\u00f5es a qualquer momento sem aviso pr\u00e9vio. Detalhes, descri\u00e7\u00f5es, imagens e ilustra\u00e7\u00f5es s\u00e3o apenas para fins informativos.<\/p>\n<p>[\/vc_column_text][\/vc_column][\/vc_row]<\/p>\n","protected":false},"excerpt":{"rendered":"<p>[vc_row][vc_column][vc_column_text]A Eastman Auto and Power Ltd (EAPL) reserva-se o direito de alterar ou modificar equipamentos, produtos e especifica\u00e7\u00f5es a qualquer momento sem aviso pr\u00e9vio. Detalhes, descri\u00e7\u00f5es, imagens e ilustra\u00e7\u00f5es s\u00e3o apenas para fins informativos. [\/vc_column_text][\/vc_column][\/vc_row]<\/p>\n","protected":false},"author":1,"featured_media":0,"parent":0,"menu_order":5,"comment_status":"open","ping_status":"open","template":"","meta":{"footnotes":""},"_links":{"self":[{"href":"https:\/\/www.ritsukaparts.com\/br\/wp-json\/wp\/v2\/pages\/17657"}],"collection":[{"href":"https:\/\/www.ritsukaparts.com\/br\/wp-json\/wp\/v2\/pages"}],"about":[{"href":"https:\/\/www.ritsukaparts.com\/br\/wp-json\/wp\/v2\/types\/page"}],"author":[{"embeddable":true,"href":"https:\/\/www.ritsukaparts.com\/br\/wp-json\/wp\/v2\/users\/1"}],"replies":[{"embeddable":true,"href":"https:\/\/www.ritsukaparts.com\/br\/wp-json\/wp\/v2\/comments?post=17657"}],"version-history":[{"count":3,"href":"https:\/\/www.ritsukaparts.com\/br\/wp-json\/wp\/v2\/pages\/17657\/revisions"}],"predecessor-version":[{"id":18525,"href":"https:\/\/www.ritsukaparts.com\/br\/wp-json\/wp\/v2\/pages\/17657\/revisions\/18525"}],"wp:attachment":[{"href":"https:\/\/www.ritsukaparts.com\/br\/wp-json\/wp\/v2\/media?parent=17657"}],"curies":[{"name":"wp","href":"https:\/\/api.w.org\/{rel}","templated":true}]}}