{"id":17661,"date":"2018-10-01T14:04:55","date_gmt":"2018-10-01T08:34:55","guid":{"rendered":"http:\/\/www.ritsukaparts.com\/new\/?page_id=17661"},"modified":"2018-11-06T13:18:31","modified_gmt":"2018-11-06T07:48:31","slug":"perguntas-frequentes","status":"publish","type":"page","link":"https:\/\/www.ritsukaparts.com\/br\/perguntas-frequentes\/","title":{"rendered":"Perguntas Frequentes"},"content":{"rendered":"<p>[vc_row][vc_column][vc_column_text css_animation=&#8221;appear&#8221;]N\u00f3s tentamos o nosso melhor para fornecer informa\u00e7\u00f5es para voc\u00ea em nosso site. Se houver mais perguntas ou alguma informa\u00e7\u00e3o que voc\u00ea procura, estamos ansiosos para ajud\u00e1-lo. No entanto, antes de chegar at\u00e9 n\u00f3s, verifique a lista abaixo das perguntas mais frequentes. Isso nos ajudar\u00e1 a responder especifica\u00e7\u00f5es e tamb\u00e9m poupar\u00e1 seu tempo esperando nossa resposta.[\/vc_column_text][vc_tta_accordion style=&#8221;modern&#8221; shape=&#8221;square&#8221; color=&#8221;black&#8221; active_section=&#8221;1&#8243;][vc_tta_section title=&#8221; Por que parceiro conosco?&#8221; tab_id=&#8221;1538382523392-59a20f6c-f952&#8243;][vc_column_text]A Eastman Auto and Power, colocam quase 10 anos de experi\u00eancia e lideran\u00e7a no fornecimento de produtos automotivos. Nossa comprovada equipe de profissionais altamente promovidos de marketing internacional pode navegar nas complexidades dos neg\u00f3cios internacionais, liberando voc\u00ea para se concentrar em maiores oportunidades. Voc\u00ea pode confiar em nossa experi\u00eancia global profunda para suportar as necessidades da sua empresa em seu mercado. Do com\u00e9rcio e orienta\u00e7\u00e3o do produto para fornecer suporte o que seu mercado precisa, Eastman auto e energia fornece as solu\u00e7\u00f5es, para que voc\u00ea possa avan\u00e7ar em sua empresa com facilidade.<\/p>\n<ul>\n<li>Gerente de conta dedicado<\/li>\n<li>Suporte de Mercado.<\/li>\n<li>Conhecimento extensivo das normas de importa\u00e7\u00e3o e regulamenta\u00e7\u00e3o.<\/li>\n<li>Garantia da Qualidade<\/li>\n<li>Transa\u00e7\u00e3o comercial 100% transparente<\/li>\n<li>Suporte \u00e0 promo\u00e7\u00e3o de vendas<\/li>\n<li>Etiquetagem branca privada<\/li>\n<\/ul>\n<p>[\/vc_column_text][\/vc_tta_section][vc_tta_section title=&#8221; Em que tipo de atividades a matriz \u00e9 a Eastman Auto and Power?&#8221; tab_id=&#8221;1538382523416-96b8d06f-f7a7&#8243;][vc_column_text]A Eastman Auto and Power est\u00e1 no mercado internacional de produtos \/ componentes para autom\u00f3veis (motocicletas)<\/p>\n<ul>\n<li>Pneus e c\u00e2maras<\/li>\n<li>Pe\u00e7as sobressalentes<\/li>\n<li>Baterias<\/li>\n<li>Motocicletas<\/li>\n<\/ul>\n<p>Somos fornecedores de servi\u00e7os de ponta a ponta, desde o abastecimento e controle de qualidade at\u00e9 a log\u00edstica para os produtos para os pa\u00edses onde fornecemos.[\/vc_column_text][\/vc_tta_section][vc_tta_section title=&#8221; Onde tudo a marca \/ empresa tem presen\u00e7a?&#8221; tab_id=&#8221;1538382660738-30f7714d-ce28&#8243;][vc_column_text]A Eastman trabalha com muitos clientes com base em um conjunto diversificado de locais, incluindo Am\u00e9rica Latina, Oriente M\u00e9dio, \u00c1frica e \u00c1sia. Veja todos os nossos\u00a0<a href=\"http:\/\/www.eastmanautogroup.com\/br\/network\">locais globais<\/a>.[\/vc_column_text][\/vc_tta_section][vc_tta_section title=&#8221; Como fazer parceria ou se tornar um importador?&#8221; tab_id=&#8221;1538986100774-e38c9e03-7758&#8243;][vc_column_text]A parceria com a Eastman abre muitas s\u00e9ries de oportunidades. Voc\u00ea pode se tornar um parceiro simplesmente preenchendo um formul\u00e1rio, para que possamos saber mais sobre voc\u00ea.[\/vc_column_text][\/vc_tta_section][vc_tta_section title=&#8221; Onde a empresa est\u00e1 localizada?&#8221; tab_id=&#8221;1538382728460-42ae0a4b-1cd4&#8243;][vc_column_text]Somos uma empresa internacional com sede em Gurgaon, Haryanna. Nosso escrit\u00f3rio de marketing tamb\u00e9m est\u00e1 em Gurgaon, Haryanna. Internacionalmente, temos um escrit\u00f3rio na China, juntamente com laborat\u00f3rios de testes de produtos.[\/vc_column_text][\/vc_tta_section][vc_tta_section title=&#8221;Como posso me conectar com a Eastman?&#8221; tab_id=&#8221;1538382698565-e9bef013-a7ec&#8221;][vc_column_text]Voce pode nos\u00a0<a href=\"http:\/\/www.eastmanautogroup.com\/br\/contact-us\">contactar<\/a>\u00a0via telephone ou email.[\/vc_column_text][\/vc_tta_section][vc_tta_section title=&#8221;E se eu tiver uma pergunta sobre outro assunto?&#8221; tab_id=&#8221;1538382802704-41d12141-82c0&#8243;][vc_column_text]Voc\u00ea pode nos escrever para:\u00a0<a href=\"mailto:support@eastmanglobal.com\">support@eastmanglobal.com<\/a>ou solicitor uma information\u00a0<a href=\"http:\/\/www.eastmanautogroup.com\/br\/contact-us\">aqui<\/a>.[\/vc_column_text][\/vc_tta_section][vc_tta_section title=&#8221;Onde posso encontrar informa\u00e7\u00f5es completas sobre a empresa?&#8221; tab_id=&#8221;1538382831909-4d32a192-b960&#8243;][vc_column_text]Para deixar um coment\u00e1rio, voc\u00ea pode escrever para support@eastmanglobal.com. Voc\u00ea tamb\u00e9m pode deixar um coment\u00e1rio em nossa p\u00e1gina\u00a0<a href=\"http:\/\/www.eastmanautogroup.com\/br\/feedback\">de coment\u00e1rios.<\/a>.[\/vc_column_text][\/vc_tta_section][vc_tta_section title=&#8221; Posso obter mais informa\u00e7\u00f5es sobre o produto?&#8221; tab_id=&#8221;1538382861678-9e34bcc9-633d&#8221;][vc_column_text]Visite a se\u00e7\u00e3o da jornada do\u00a0<a href=\"http:\/\/http\/\/eastmangroup.co.in\/journey.php\">nosso grupo no site.<\/a>[\/vc_column_text][\/vc_tta_section][\/vc_tta_accordion][\/vc_column][\/vc_row][vc_row][vc_column][vc_column_text]<\/p>\n<p>[\/vc_column_text][\/vc_column][\/vc_row]<\/p>\n","protected":false},"excerpt":{"rendered":"<p>[vc_row][vc_column][vc_column_text css_animation=&#8221;appear&#8221;]N\u00f3s tentamos o nosso melhor para fornecer informa\u00e7\u00f5es para voc\u00ea em nosso site. Se houver mais perguntas ou alguma informa\u00e7\u00e3o que voc\u00ea procura, estamos ansiosos para ajud\u00e1-lo. No entanto, antes de chegar at\u00e9 n\u00f3s, verifique a lista abaixo das perguntas mais frequentes. Isso nos ajudar\u00e1 a responder especifica\u00e7\u00f5es e tamb\u00e9m poupar\u00e1 seu tempo esperando [&hellip;]<\/p>\n","protected":false},"author":1,"featured_media":0,"parent":0,"menu_order":7,"comment_status":"open","ping_status":"open","template":"","meta":{"footnotes":""},"_links":{"self":[{"href":"https:\/\/www.ritsukaparts.com\/br\/wp-json\/wp\/v2\/pages\/17661"}],"collection":[{"href":"https:\/\/www.ritsukaparts.com\/br\/wp-json\/wp\/v2\/pages"}],"about":[{"href":"https:\/\/www.ritsukaparts.com\/br\/wp-json\/wp\/v2\/types\/page"}],"author":[{"embeddable":true,"href":"https:\/\/www.ritsukaparts.com\/br\/wp-json\/wp\/v2\/users\/1"}],"replies":[{"embeddable":true,"href":"https:\/\/www.ritsukaparts.com\/br\/wp-json\/wp\/v2\/comments?post=17661"}],"version-history":[{"count":13,"href":"https:\/\/www.ritsukaparts.com\/br\/wp-json\/wp\/v2\/pages\/17661\/revisions"}],"predecessor-version":[{"id":18527,"href":"https:\/\/www.ritsukaparts.com\/br\/wp-json\/wp\/v2\/pages\/17661\/revisions\/18527"}],"wp:attachment":[{"href":"https:\/\/www.ritsukaparts.com\/br\/wp-json\/wp\/v2\/media?parent=17661"}],"curies":[{"name":"wp","href":"https:\/\/api.w.org\/{rel}","templated":true}]}}