{"id":17671,"date":"2018-10-01T14:13:40","date_gmt":"2018-10-01T08:43:40","guid":{"rendered":"http:\/\/www.ritsukaparts.com\/new\/?page_id=17671"},"modified":"2021-07-15T12:21:15","modified_gmt":"2021-07-15T06:51:15","slug":"mapa-do-site","status":"publish","type":"page","link":"https:\/\/www.ritsukaparts.com\/br\/mapa-do-site\/","title":{"rendered":"Mapa do Site"},"content":{"rendered":"<p>[vc_row][vc_column width=&#8221;1\/4&#8243;][vc_column_text]<\/p>\n<h4>Gama de Productos<\/h4>\n<div class=\"\"><div class=\"decor-1 decor-1_mod-b\"><\/div><\/div>[\/vc_column_text][vc_toggle title=&#8221;Freio e Partes do Corpo&#8221; custom_font_container=&#8221;tag:h4|text_align:left|color:%23000000&#8243; custom_use_theme_fonts=&#8221;yes&#8221; use_custom_heading=&#8221;true&#8221;]<\/p>\n<ul class=\"site-list\">\n<li><a href=\"http:\/\/www.ritsukaparts.com\/br\/produtos\/sapata-de-freio\/\">Sapata de Freio<\/a><\/li>\n<li><a href=\"http:\/\/www.ritsukaparts.com\/en\/product\/brake-pad\/\">Pastilla de Freno<\/a><\/li>\n<li><a href=\"http:\/\/www.ritsukaparts.com\/br\/produtos\/amortecedor\/\">Amortecedor<\/a><\/li>\n<li><a href=\"http:\/\/www.ritsukaparts.com\/br\/produtos\/cabos\/\">Cabos<\/a><\/li>\n<li><a href=\"http:\/\/www.ritsukaparts.com\/br\/produtos\/pedais\/\">Pedais<\/a><\/li>\n<li><a href=\"http:\/\/www.ritsukaparts.com\/br\/produtos\/tampa-do-tanque-de-combustivel-e-conjunto-de-chaves-de-ignicao\/\">Tampa do Tanque de Combust\u00edvel e Conjunto de Chaves de Igni\u00e7\u00e3o<\/a><\/li>\n<li><a href=\"http:\/\/www.ritsukaparts.com\/br\/produtos\/raios-e-pecas-de-encaixe\/\">Raios e Pe\u00e7as de encaixe<\/a><\/li>\n<li><a href=\"http:\/\/www.ritsukaparts.com\/br\/produtos\/alavanca\/\">Alavanca<\/a><\/li>\n<li><a href=\"http:\/\/www.ritsukaparts.com\/br\/produtos\/soldadura-do-aro\/\">Soldadura do Aro<\/a><\/li>\n<li><a href=\"http:\/\/www.ritsukaparts.com\/br\/produtos\/rolamentos\/\">Rolamentos<\/a><\/li>\n<\/ul>\n<p>[\/vc_toggle][vc_toggle title=&#8221;Motor Partes&#8221; custom_font_container=&#8221;tag:h4|text_align:left|color:%23000000&#8243; custom_use_theme_fonts=&#8221;yes&#8221; use_custom_heading=&#8221;true&#8221;]<\/p>\n<ul class=\"site-list\">\n<li><a href=\"http:\/\/www.ritsukaparts.com\/br\/produtos\/kit-de-cilindros\/\">Kit de Cilindros<\/a><\/li>\n<li><a href=\"http:\/\/www.ritsukaparts.com\/br\/produtos\/kit-de-pistao\/\">Kit de Pist\u00e3o<\/a><\/li>\n<li><a href=\"http:\/\/www.ritsukaparts.com\/br\/produtos\/junta\/\">Junta<\/a><\/li>\n<li><a href=\"http:\/\/www.ritsukaparts.com\/br\/produtos\/balancim\/\">Balancim<\/a><\/li>\n<li><a href=\"http:\/\/www.ritsukaparts.com\/br\/produtos\/biela\/\">Biela<\/a><\/li>\n<li><a href=\"http:\/\/www.ritsukaparts.com\/br\/produtos\/valvula\/\">V\u00e3lvula<\/a><\/li>\n<li><a href=\"http:\/\/www.ritsukaparts.com\/br\/produtos\/carburador\/\">Carburador<\/a><\/li>\n<li><a href=\"http:\/\/www.ritsukaparts.com\/br\/produtos\/placa-de-friccao-de-embreagem\/\">Placa de Fric\u00e7\u00e3o de Embreagem<\/a><\/li>\n<\/ul>\n<p>[\/vc_toggle][vc_toggle title=&#8221;El\u00e9tricas Partes&#8221; custom_font_container=&#8221;tag:h4|text_align:left|color:%23000000&#8243; custom_use_theme_fonts=&#8221;yes&#8221; use_custom_heading=&#8221;true&#8221;]<\/p>\n<ul class=\"site-list\">\n<li><a href=\"http:\/\/www.ritsukaparts.com\/br\/produtos\/cdi\/\">CDI<\/a><\/li>\n<li><a href=\"http:\/\/www.ritsukaparts.com\/br\/produtos\/rele\/\">Rel\u00ea<\/a><\/li>\n<li><a href=\"http:\/\/www.ritsukaparts.com\/br\/produtos\/regulador\/\">Regulador<\/a><\/li>\n<li><a href=\"http:\/\/www.ritsukaparts.com\/br\/produtos\/pisca\/\">Pisca<\/a><\/li>\n<li><a href=\"http:\/\/www.ritsukaparts.com\/br\/produtos\/estator\/\">Estator<\/a><\/li>\n<li><a href=\"http:\/\/www.ritsukaparts.com\/br\/produtos\/lampada\/\">L\u00e2mpada<\/a><\/li>\n<li><a href=\"http:\/\/www.ritsukaparts.com\/br\/produtos\/componentes-para-luzes\/\">Componentes para luzes<\/a><\/li>\n<li><a href=\"http:\/\/www.ritsukaparts.com\/br\/produtos\/painel-de-instrumentos\/\">Painel de Instrumentos<\/a><\/li>\n<\/ul>\n<p>[\/vc_toggle][vc_toggle title=&#8221;Transmiss\u00e3o Partes&#8221; custom_font_container=&#8221;tag:h4|text_align:left|color:%23000000&#8243; custom_use_theme_fonts=&#8221;yes&#8221; use_custom_heading=&#8221;true&#8221;]<\/p>\n<ul class=\"site-list\">\n<li><a href=\"http:\/\/www.ritsukaparts.com\/br\/produtos\/corona\/\">Corona<\/a><\/li>\n<li><a href=\"http:\/\/www.ritsukaparts.com\/br\/produtos\/corrento\/\">Corrente<\/a><\/li>\n<\/ul>\n<p>[\/vc_toggle][vc_toggle title=&#8221;Bateria de SMF e DC&#8221; custom_font_container=&#8221;tag:h4|text_align:left|color:%23000000&#8243; custom_use_theme_fonts=&#8221;yes&#8221; use_custom_heading=&#8221;true&#8221;]<\/p>\n<ul class=\"site-list\">\n<li><a href=\"http:\/\/www.ritsukaparts.com\/br\/produtos\/sealed-maintenance-free-battery\/\">Bateria Selada Livre de Manuten\u00e7\u00e3o<\/a><\/li>\n<li><a href=\"http:\/\/www.ritsukaparts.com\/br\/produtos\/bateria-de-carga-seca\/\">Bateria de Carga Seca<\/a><\/li>\n<\/ul>\n<p>[\/vc_toggle][vc_toggle title=&#8221;Pneus e Camaras&#8221; custom_font_container=&#8221;tag:h4|text_align:left|color:%23000000&#8243; custom_use_theme_fonts=&#8221;yes&#8221; use_custom_heading=&#8221;true&#8221;]<\/p>\n<ul class=\"site-list\">\n<li><a href=\"http:\/\/www.ritsukaparts.com\/br\/categoria-de-produto\/pneus-e-camaras\/rua\/\">Rua<\/a><\/li>\n<li><a href=\"http:\/\/www.ritsukaparts.com\/br\/categoria-de-produto\/pneus-e-camaras\/fora-da-estrada\/\">Fora da estrada<\/a><\/li>\n<li><a href=\"http:\/\/www.ritsukaparts.com\/br\/categoria-de-produto\/pneus-e-camaras\/commercial\/\">Commercial<\/a><\/li>\n<li><a href=\"http:\/\/www.ritsukaparts.com\/br\/categoria-de-produto\/pneus-e-camaras\/mobilete\/\">Mobilete<\/a><\/li>\n<li><a href=\"http:\/\/www.ritsukaparts.com\/br\/categoria-de-produto\/pneus-e-camaras\/moto-taxi\/\">Moto Taxi<\/a><\/li>\n<\/ul>\n<p>[\/vc_toggle][\/vc_column][vc_column width=&#8221;1\/4&#8243;][vc_column_text]<\/p>\n<h4>Sobre<\/h4>\n<div class=\"\"><div class=\"decor-1 decor-1_mod-b\"><\/div><\/div>[\/vc_column_text][vc_column_text]<\/p>\n<ul>\n<li><a href=\"http:\/\/www.ritsukaparts.com\/br\">Ritsuka<\/a><\/li>\n<li><a href=\"www.eaplworld.com\">Eastman<\/a><\/li>\n<\/ul>\n<p>[\/vc_column_text][vc_column_text]<\/p>\n<h4>Baixar<\/h4>\n<div class=\"\"><div class=\"decor-1 decor-1_mod-b\"><\/div><\/div>[\/vc_column_text][vc_column_text]<\/p>\n<ul>\n<li><a href=\"http:\/\/www.ritsukaparts.com\/br\/baixar\/\">Produtos Brochuras<\/a><\/li>\n<\/ul>\n<p>[\/vc_column_text][\/vc_column][vc_column width=&#8221;1\/4&#8243;][vc_column_text]<\/p>\n<h4>Pessoas<\/h4>\n<div class=\"\"><div class=\"decor-1 decor-1_mod-b\"><\/div><\/div>[\/vc_column_text][vc_column_text]<\/p>\n<ul>\n<li><a href=\"http:\/\/www.ritsukaparts.com\/br\/empresa\/\">Vida@Eastman<\/a><\/li>\n<\/ul>\n<p>[\/vc_column_text][vc_column_text]<\/p>\n<h4>Outros links<\/h4>\n<div class=\"\"><div class=\"decor-1 decor-1_mod-b\"><\/div><\/div>[\/vc_column_text][vc_column_text]<\/p>\n<ul>\n<li><a href=\"http:\/\/www.ritsukaparts.com\/br\/politica-de-privacidade\/\">Pol\u00edtica de Privacidade<\/a><\/li>\n<li><a href=\"http:\/\/www.eastmanautogroup.com\/br\/opiniao\">Opini\u00e3o<\/a><\/li>\n<li><a href=\"http:\/\/www.ritsukaparts.com\/br\/desaprovado\/\">Desaprovado<\/a><\/li>\n<li><a href=\"http:\/\/www.ritsukaparts.com\/br\/perguntas-frequentes\/\">Perguntas Frequentes<\/a><\/li>\n<\/ul>\n<p>[\/vc_column_text][\/vc_column][vc_column width=&#8221;1\/4&#8243;][vc_column_text]<\/p>\n<h4>Centro de Informa\u00e7\u00e3o<\/h4>\n<div class=\"\"><div class=\"decor-1 decor-1_mod-b\"><\/div><\/div>[\/vc_column_text][vc_column_text]<\/p>\n<ul>\n<li><a href=\"http:\/\/www.ritsukaparts.com\/br\/contact\/\">Contacto<\/a><\/li>\n<li><a href=\"http:\/\/www.ritsukaparts.com\/br\/torne-se-um-distribuidor\/\">Importador\/Distribuidor<\/a><\/li>\n<\/ul>\n<p>[\/vc_column_text][\/vc_column][\/vc_row][vc_row][vc_column][vc_column_text][\/vc_column_text][\/vc_column][\/vc_row]<\/p>\n","protected":false},"excerpt":{"rendered":"<p>[vc_row][vc_column width=&#8221;1\/4&#8243;][vc_column_text] Gama de Productos [\/vc_column_text][vc_toggle title=&#8221;Freio e Partes do Corpo&#8221; custom_font_container=&#8221;tag:h4|text_align:left|color:%23000000&#8243; custom_use_theme_fonts=&#8221;yes&#8221; use_custom_heading=&#8221;true&#8221;] Sapata de Freio Pastilla de Freno Amortecedor Cabos Pedais Tampa do Tanque de Combust\u00edvel e Conjunto de Chaves de Igni\u00e7\u00e3o Raios e Pe\u00e7as de encaixe Alavanca Soldadura do Aro Rolamentos [\/vc_toggle][vc_toggle title=&#8221;Motor Partes&#8221; custom_font_container=&#8221;tag:h4|text_align:left|color:%23000000&#8243; custom_use_theme_fonts=&#8221;yes&#8221; use_custom_heading=&#8221;true&#8221;] Kit de Cilindros Kit de [&hellip;]<\/p>\n","protected":false},"author":1,"featured_media":0,"parent":0,"menu_order":10,"comment_status":"open","ping_status":"open","template":"","meta":{"footnotes":""},"_links":{"self":[{"href":"https:\/\/www.ritsukaparts.com\/br\/wp-json\/wp\/v2\/pages\/17671"}],"collection":[{"href":"https:\/\/www.ritsukaparts.com\/br\/wp-json\/wp\/v2\/pages"}],"about":[{"href":"https:\/\/www.ritsukaparts.com\/br\/wp-json\/wp\/v2\/types\/page"}],"author":[{"embeddable":true,"href":"https:\/\/www.ritsukaparts.com\/br\/wp-json\/wp\/v2\/users\/1"}],"replies":[{"embeddable":true,"href":"https:\/\/www.ritsukaparts.com\/br\/wp-json\/wp\/v2\/comments?post=17671"}],"version-history":[{"count":21,"href":"https:\/\/www.ritsukaparts.com\/br\/wp-json\/wp\/v2\/pages\/17671\/revisions"}],"predecessor-version":[{"id":18689,"href":"https:\/\/www.ritsukaparts.com\/br\/wp-json\/wp\/v2\/pages\/17671\/revisions\/18689"}],"wp:attachment":[{"href":"https:\/\/www.ritsukaparts.com\/br\/wp-json\/wp\/v2\/media?parent=17671"}],"curies":[{"name":"wp","href":"https:\/\/api.w.org\/{rel}","templated":true}]}}