{"id":18685,"date":"2021-07-15T11:52:24","date_gmt":"2021-07-15T06:22:24","guid":{"rendered":"http:\/\/www.ritsukaparts.com\/br\/?page_id=18685"},"modified":"2021-07-15T11:53:49","modified_gmt":"2021-07-15T06:23:49","slug":"torne-se-um-distribuidor","status":"publish","type":"page","link":"https:\/\/www.ritsukaparts.com\/br\/torne-se-um-distribuidor\/","title":{"rendered":"Torne-se um distribuidor"},"content":{"rendered":"<p>[vc_row][vc_column][vc_column_text]<\/p>\n<p style=\"text-align: center;\"><div class=\"center-content\"><div class=\"decor-2\"><i class=\"icon fa fa-caret-down\"><\/i><\/div><\/div>\n            <div class=\"center-content\"><h2 class=\"ui-title-inner\">TORNE-SE UM IMPORTADOR \/ DISTRIBUIDOR<br \/>\n<\/h2><\/div>\n<p style=\"text-align: center;\">Acreditamos em fornecer a melhor experi\u00eancia \u00e0s pessoas com quem trabalhamos, sejam nossos clientes ou fornecedores. Por isso, nossos servi\u00e7os e processos s\u00e3o elaborados de forma a atender a todos os requisitos que nossos parceiros possam ter. Faz parte do nosso processo desde a obten\u00e7\u00e3o do produto at\u00e9 a disponibiliza\u00e7\u00e3o do produto no destino e, ainda, o suporte para venda no respectivo mercado. <div class=\"center-content\"><div class=\"decor-1\"><\/div><\/div>\n<p>[\/vc_column_text][\/vc_column][\/vc_row][vc_row][vc_column]<div class=\"kameleon-cf7-container kameleon-cf7-containerYyzeIMUG\" data-classname=\".kameleon-cf7-containerYyzeIMUG\" data-style-name=\"default\"  data-style=\"qaswara\" data-button-style=\"qaswara\" data-style-css=\"--kmcf7-btn-fontsize: 16px;--kmcf7-btn-align: center;--kmcf7-btn-width: 50%;--kmcf7-btn-letterspacing: 1px;--kmcf7-btn-height: 45px;--kmcf7-btn-mgtop: 15px;--kmcf7-btn-mgbottom: 15px;--kmcf7-btn-border-radius: 0;--kmcf7-btn-color: #ccc;--kmcf7-btn-border-width: 0;--kmcf7-btn-bg-color: #111;--kmcf7-btn-border-color: #1a1a1a;--kmcf7-btn-color-hover: #fff;--kmcf7-btn-bg-color-hover: #269AD6;--kmcf7-btn-border-color-hover: #2492CA;--qaswara-input-height:50px;--qaswara-input-margin-top:15px;--qaswara-input-margin-bottom:15px;--qaswara-input-font-size:15px;  --qaswara-input-color: #888;    --qaswara-color: #bbb;     --qaswara-font-size:15px;--qaswara-border-width: 1px;  --qaswara-border-color:#eee;--qaswara-border-active-color:#269AD6;--qaswara-textarea-height:250px;;\" style=\"--kmcf7-btn-fontsize: 16px;--kmcf7-btn-align: center;--kmcf7-btn-width: 50%;--kmcf7-btn-letterspacing: 1px;--kmcf7-btn-height: 45px;--kmcf7-btn-mgtop: 15px;--kmcf7-btn-mgbottom: 15px;--kmcf7-btn-border-radius: 0;--kmcf7-btn-color: #ccc;--kmcf7-btn-border-width: 0;--kmcf7-btn-bg-color: #111;--kmcf7-btn-border-color: #1a1a1a;--kmcf7-btn-color-hover: #fff;--kmcf7-btn-bg-color-hover: #269AD6;--kmcf7-btn-border-color-hover: #2492CA;--qaswara-input-height:50px;--qaswara-input-margin-top:15px;--qaswara-input-margin-bottom:15px;--qaswara-input-font-size:15px;  --qaswara-input-color: #888;    --qaswara-color: #bbb;     --qaswara-font-size:15px;--qaswara-border-width: 1px;  --qaswara-border-color:#eee;--qaswara-border-active-color:#269AD6;--qaswara-textarea-height:250px;;\">\n<div class=\"wpcf7 no-js\" id=\"wpcf7-f18684-o1\" lang=\"en-US\" dir=\"ltr\">\n<div class=\"screen-reader-response\"><p role=\"status\" aria-live=\"polite\" aria-atomic=\"true\"><\/p> <ul><\/ul><\/div>\n<form action=\"\/br\/wp-json\/wp\/v2\/pages\/18685#wpcf7-f18684-o1\" method=\"post\" class=\"wpcf7-form init\" aria-label=\"Contact form\" novalidate=\"novalidate\" data-status=\"init\">\n<div style=\"display: none;\">\n<input type=\"hidden\" name=\"_wpcf7\" value=\"18684\" \/>\n<input type=\"hidden\" name=\"_wpcf7_version\" value=\"5.9.8\" \/>\n<input type=\"hidden\" name=\"_wpcf7_locale\" value=\"en_US\" \/>\n<input type=\"hidden\" name=\"_wpcf7_unit_tag\" value=\"wpcf7-f18684-o1\" \/>\n<input type=\"hidden\" name=\"_wpcf7_container_post\" value=\"0\" \/>\n<input type=\"hidden\" name=\"_wpcf7_posted_data_hash\" value=\"\" \/>\n<input type=\"hidden\" name=\"_wpcf7_recaptcha_response\" value=\"\" \/>\n<\/div>\n<div class=\"form-contact\" id=\"cnt\">\n\t<div class=\"\" style=\"margin-top:10px\">\n\t\t<p><span class=\"wpcf7-form-control-wrap\" data-name=\"partner_type\"><select class=\"wpcf7-form-control wpcf7-select wpcf7-validates-as-required\" aria-required=\"true\" aria-invalid=\"false\" name=\"partner_type\"><option value=\"Selecione o tipo de parceiro *\">Selecione o tipo de parceiro *<\/option><option value=\"Eu sou um importador \/ distribuidor\">Eu sou um importador \/ distribuidor<\/option><option value=\"Eu sou um fornecedor\">Eu sou um fornecedor<\/option><\/select><\/span>\n\t\t<\/p>\n\t<\/div>\n\t<div class=\"row\" style=\"margin-top:10px\">\n\t\t<div class=\" col-md-2\">\n\t\t\t<p><span class=\"wpcf7-form-control-wrap\" data-name=\"Title\"><select class=\"wpcf7-form-control wpcf7-select wpcf7-validates-as-required\" aria-required=\"true\" aria-invalid=\"false\" name=\"Title\"><option value=\"T\u00edtulo*\">T\u00edtulo*<\/option><option value=\"senhor\">senhor<\/option><option value=\"Senhora\">Senhora<\/option><\/select><\/span>\n\t\t\t<\/p>\n\t\t<\/div>\n\t\t<div class=\" col-md-5\">\n\t\t\t<p><span class=\"wpcf7-form-control-wrap your-name km_cf7-input-container \">     \n      <input size=\"40\" class=\"wpcf7-form-control wpcf7-text wpcf7-validates-as-required km_cf7-input\" id=\"kmcf7-your-nameLkunhel6\" aria-required=\"true\" aria-invalid=\"false\" value=\"\" type=\"text\" name=\"your-name\" onfocus=\"km_cf7_designer_focus(this)\" onblur=\"km_cf7_designer_blur()\"\/>\n      <label class=\"km_cf7-label\" for=\"kmcf7-your-nameLkunhel6\" data-content=\"Primeiro Nome*\">\n        <span class=\"km_cf7_label-content\" data-content=\"Primeiro Nome*\">Primeiro Nome*<\/span>\n      <\/label>\n      \n    <\/span>\n\t\t\t<\/p>\n\t\t<\/div>\n\t\t<div class=\" col-md-5\" >\n\t\t\t<p><span class=\"wpcf7-form-control-wrap last_name km_cf7-input-container \">     \n      <input size=\"40\" class=\"wpcf7-form-control wpcf7-text wpcf7-validates-as-required km_cf7-input\" id=\"kmcf7-last_namebeTErJ19\" aria-required=\"true\" aria-invalid=\"false\" value=\"\" type=\"text\" name=\"last_name\" onfocus=\"km_cf7_designer_focus(this)\" onblur=\"km_cf7_designer_blur()\"\/>\n      <label class=\"km_cf7-label\" for=\"kmcf7-last_namebeTErJ19\" data-content=\"Ultimo Nome*\">\n        <span class=\"km_cf7_label-content\" data-content=\"Ultimo Nome*\">Ultimo Nome*<\/span>\n      <\/label>\n      \n    <\/span>\n\t\t\t<\/p>\n\t\t<\/div>\n\t<\/div>\n\t<div class=\"row\" style=\"margin-top:10px\">\n\t\t<div class=\" col-md-6\" >\n\t\t\t<p><span class=\"wpcf7-form-control-wrap Designation km_cf7-input-container \">     \n      <input size=\"40\" class=\"wpcf7-form-control wpcf7-text wpcf7-validates-as-required km_cf7-input\" id=\"kmcf7-Designationr9QcfHqR\" aria-required=\"true\" aria-invalid=\"false\" value=\"\" type=\"text\" name=\"Designation\" onfocus=\"km_cf7_designer_focus(this)\" onblur=\"km_cf7_designer_blur()\"\/>\n      <label class=\"km_cf7-label\" for=\"kmcf7-Designationr9QcfHqR\" data-content=\"designaci\u00f3n*\">\n        <span class=\"km_cf7_label-content\" data-content=\"designaci\u00f3n*\">designaci\u00f3n*<\/span>\n      <\/label>\n      \n    <\/span>\n\t\t\t<\/p>\n\t\t<\/div>\n\t\t<div class=\" col-md-6\">\n\t\t\t<p><span class=\"wpcf7-form-control-wrap your-email km_cf7-input-container \">     \n      <input size=\"40\" class=\"wpcf7-form-control wpcf7-email wpcf7-text wpcf7-validates-as-email km_cf7-input\" id=\"kmcf7-your-emailLcEfyuaO\" aria-invalid=\"false\" value=\"\" type=\"email\" name=\"your-email\" onfocus=\"km_cf7_designer_focus(this)\" onblur=\"km_cf7_designer_blur()\"\/>\n      <label class=\"km_cf7-label\" for=\"kmcf7-your-emailLcEfyuaO\" data-content=\"Email*\">\n        <span class=\"km_cf7_label-content\" data-content=\"Email*\">Email*<\/span>\n      <\/label>\n      \n    <\/span>\n\t\t\t<\/p>\n\t\t<\/div>\n\t<\/div>\n\t<div class=\"row\" style=\"margin-top:10px\">\n\t\t<div class=\" col-md-6\">\n\t\t\t<p><span class=\"wpcf7-form-control-wrap Direction km_cf7-input-container \">     \n      <input size=\"40\" class=\"wpcf7-form-control wpcf7-text wpcf7-validates-as-required km_cf7-input\" id=\"kmcf7-Direction0ElDmvOB\" aria-required=\"true\" aria-invalid=\"false\" value=\"\" type=\"text\" name=\"Direction\" onfocus=\"km_cf7_designer_focus(this)\" onblur=\"km_cf7_designer_blur()\"\/>\n      <label class=\"km_cf7-label\" for=\"kmcf7-Direction0ElDmvOB\" data-content=\"Dire\u00e7\u00e3o*\">\n        <span class=\"km_cf7_label-content\" data-content=\"Dire\u00e7\u00e3o*\">Dire\u00e7\u00e3o*<\/span>\n      <\/label>\n      \n    <\/span>\n\t\t\t<\/p>\n\t\t<\/div>\n\t\t<div class=\" col-md-6\">\n\t\t\t<p><span class=\"wpcf7-form-control-wrap number km_cf7-input-container \">     \n      <input size=\"40\" class=\"wpcf7-form-control wpcf7-tel wpcf7-validates-as-required wpcf7-text wpcf7-validates-as-tel phoneNumber km_cf7-input\" id=\"kmcf7-numberFrMIsvkP\" aria-required=\"true\" aria-invalid=\"false\" value=\"\" type=\"tel\" name=\"number\" onfocus=\"km_cf7_designer_focus(this)\" onblur=\"km_cf7_designer_blur()\"\/>\n      <label class=\"km_cf7-label\" for=\"kmcf7-numberFrMIsvkP\" data-content=\"Numero de Celular*\">\n        <span class=\"km_cf7_label-content\" data-content=\"Numero de Celular*\">Numero de Celular*<\/span>\n      <\/label>\n      \n    <\/span>\n\t\t\t<\/p>\n\t\t<\/div>\n\t<\/div>\n\t<div class=\"row\" style=\"margin-top:10px\">\n\t\t<div class=\" col-md-4\">\n\t\t\t<p><span class=\"wpcf7-form-control-wrap\" data-name=\"pick-fields\"><select class=\"wpcf7-form-control wpcf7-select allCountryList\" id=\"country\" aria-invalid=\"false\" name=\"pick-fields\"><option value=\"Selecione o pa\u00eds\">Selecione o pa\u00eds<\/option><option value=\"Argentina\">Argentina<\/option><option value=\"Bolivia\">Bolivia<\/option><option value=\"Brazil\">Brazil<\/option><option value=\"Chile\">Chile<\/option><option value=\"Colombia\">Colombia<\/option><option value=\"Ecuador\">Ecuador<\/option><option value=\"Guyana\">Guyana<\/option><option value=\"Paraguay\">Paraguay<\/option><option value=\"Peru\">Peru<\/option><option value=\"Suriname\">Suriname<\/option><option value=\"Uruguay\">Uruguay<\/option><option value=\"Venezuela\">Venezuela<\/option><option value=\"Mexico\">Mexico<\/option><option value=\"Guatemala\">Guatemala<\/option><option value=\"Dominican Republic\">Dominican Republic<\/option><option value=\"Honduras\">Honduras<\/option><option value=\"El Salvador\">El Salvador<\/option><option value=\"Nicaragua\">Nicaragua<\/option><option value=\"Costa Rica\">Costa Rica<\/option><option value=\"Panama\">Panama<\/option><option value=\"India\">India<\/option><option value=\"Nepal\">Nepal<\/option><option value=\"Vietnam\">Vietnam<\/option><option value=\"Pakistan\">Pakistan<\/option><option value=\"Indonesia\">Indonesia<\/option><option value=\"Sri Lanka\">Sri Lanka<\/option><option value=\"Burma\">Burma<\/option><option value=\"Malaysia\">Malaysia<\/option><option value=\"Cambodia\">Cambodia<\/option><option value=\"Afghanistan\">Afghanistan<\/option><option value=\"Philippines\">Philippines<\/option><option value=\"Syria\">Syria<\/option><option value=\"Saudi Arabia\">Saudi Arabia<\/option><option value=\"United Arab Emirates\">United Arab Emirates<\/option><option value=\"Egypt\">Egypt<\/option><option value=\"Lebanon\">Lebanon<\/option><option value=\"Qatar\">Qatar<\/option><option value=\"Oman\">Oman<\/option><option value=\"Kuwait\">Kuwait<\/option><option value=\"Yemen\">Yemen<\/option><option value=\"Bahrain\">Bahrain<\/option><option value=\"Nigeria\">Nigeria<\/option><option value=\"Ethiopia\">Ethiopia<\/option><option value=\"Kenya\">Kenya<\/option><option value=\"Tanzania\">Tanzania<\/option><option value=\"Senegal\">Senegal<\/option><option value=\"Sudan\">Sudan<\/option><option value=\"Uganda\">Uganda<\/option><\/select><\/span>\n\t\t\t<\/p>\n\t\t<\/div>\n\t\t<div class=\" col-md-4\">\n\t\t\t<p><span class=\"wpcf7-form-control-wrap\" data-name=\"Seleccione\"><select class=\"wpcf7-form-control wpcf7-select states\" id=\"state\" aria-invalid=\"false\" name=\"Seleccione\"><option value=\"Selecionar Estado\">Selecionar Estado<\/option><\/select><\/span>\n\t\t\t<\/p>\n\t\t<\/div>\n\t\t<div class=\" col-md-4\">\n\t\t\t<p><span class=\"wpcf7-form-control-wrap city km_cf7-input-container \">     \n      <input size=\"40\" class=\"wpcf7-form-control wpcf7-text wpcf7-validates-as-required km_cf7-input\" id=\"kmcf7-citylICXLJj0\" aria-required=\"true\" aria-invalid=\"false\" value=\"\" type=\"text\" name=\"city\" onfocus=\"km_cf7_designer_focus(this)\" onblur=\"km_cf7_designer_blur()\"\/>\n      <label class=\"km_cf7-label\" for=\"kmcf7-citylICXLJj0\" data-content=\"Cidade*\">\n        <span class=\"km_cf7_label-content\" data-content=\"Cidade*\">Cidade*<\/span>\n      <\/label>\n      \n    <\/span>\n\t\t\t<\/p>\n\t\t<\/div>\n\t<\/div>\n\t<div class=\"row\" style=\"margin-top:10px\">\n\t\t<div class=\" col-md-6\">\n\t\t\t<p><span class=\"wpcf7-form-control-wrap postal-code km_cf7-input-container \">     \n      <input size=\"40\" class=\"wpcf7-form-control wpcf7-text wpcf7-validates-as-required km_cf7-input\" id=\"kmcf7-postal-codeDg206rsw\" aria-required=\"true\" aria-invalid=\"false\" value=\"\" type=\"text\" name=\"postal-code\" onfocus=\"km_cf7_designer_focus(this)\" onblur=\"km_cf7_designer_blur()\"\/>\n      <label class=\"km_cf7-label\" for=\"kmcf7-postal-codeDg206rsw\" data-content=\"C\u00f3digo postal*\">\n        <span class=\"km_cf7_label-content\" data-content=\"C\u00f3digo postal*\">C\u00f3digo postal*<\/span>\n      <\/label>\n      \n    <\/span>\n\t\t\t<\/p>\n\t\t<\/div>\n\t\t<div class=\" col-md-6\">\n\t\t\t<p><span class=\"wpcf7-form-control-wrap website km_cf7-input-container \">     \n      <input size=\"40\" class=\"wpcf7-form-control wpcf7-text wpcf7-validates-as-required km_cf7-input\" id=\"kmcf7-websiteRObueZQN\" aria-required=\"true\" aria-invalid=\"false\" value=\"\" type=\"text\" name=\"website\" onfocus=\"km_cf7_designer_focus(this)\" onblur=\"km_cf7_designer_blur()\"\/>\n      <label class=\"km_cf7-label\" for=\"kmcf7-websiteRObueZQN\" data-content=\"Website*\">\n        <span class=\"km_cf7_label-content\" data-content=\"Website*\">Website*<\/span>\n      <\/label>\n      \n    <\/span>\n\t\t\t<\/p>\n\t\t<\/div>\n\t<\/div>\n\t<div class=\"row\" style=\"margin-top:10px\">\n\t\t<div class=\" col-md-6\">\n\t\t\t<p><span class=\"wpcf7-form-control-wrap\" data-name=\"no-of-employes\"><select class=\"wpcf7-form-control wpcf7-select wpcf7-validates-as-required\" aria-required=\"true\" aria-invalid=\"false\" name=\"no-of-employes\"><option value=\"N\u00ba de funcion\u00e1rios*\">N\u00ba de funcion\u00e1rios*<\/option><option value=\"1-5\">1-5<\/option><option value=\"6-10\">6-10<\/option><option value=\"11-20\">11-20<\/option><option value=\"21-50\">21-50<\/option><option value=\"51-100\">51-100<\/option><option value=\"Above 100\">Above 100<\/option><\/select><\/span>\n\t\t\t<\/p>\n\t\t<\/div>\n\t\t<div class=\" col-md-6\">\n\t\t\t<p><span class=\"wpcf7-form-control-wrap import-USD km_cf7-input-container \">     \n      <input size=\"40\" class=\"wpcf7-form-control wpcf7-text wpcf7-validates-as-required km_cf7-input\" id=\"kmcf7-import-USDOa402Qpz\" aria-required=\"true\" aria-invalid=\"false\" value=\"\" type=\"text\" name=\"import-USD\" onfocus=\"km_cf7_designer_focus(this)\" onblur=\"km_cf7_designer_blur()\"\/>\n      <label class=\"km_cf7-label\" for=\"kmcf7-import-USDOa402Qpz\" data-content=\"Importa\u00e7\u00f5es (USD) in 2019-2020*\">\n        <span class=\"km_cf7_label-content\" data-content=\"Importa\u00e7\u00f5es (USD) in 2019-2020*\">Importa\u00e7\u00f5es (USD) in 2019-2020*<\/span>\n      <\/label>\n      \n    <\/span>\n\t\t\t<\/p>\n\t\t<\/div>\n\t<\/div>\n\t<div class=\"row\" style=\"margin-top:10px\">\n\t\t<div class=\" col-md-6\">\n\t\t\t<p><span class=\"wpcf7-form-control-wrap\" data-name=\"type-of-establish\"><select class=\"wpcf7-form-control wpcf7-select wpcf7-validates-as-required\" aria-required=\"true\" aria-invalid=\"false\" name=\"type-of-establish\"><option value=\"Tipo de estabelecimento*\">Tipo de estabelecimento*<\/option><option value=\"Proprietorship\">Proprietorship<\/option><option value=\"Association\">Association<\/option><option value=\"Private limited\">Private limited<\/option><option value=\"P\u00fablic limited\">P\u00fablic limited<\/option><\/select><\/span>\n\t\t\t<\/p>\n\t\t<\/div>\n\t\t<div class=\" col-md-6\">\n\t\t\t<p><span class=\"wpcf7-form-control-wrap\" data-name=\"year-in-business\"><select class=\"wpcf7-form-control wpcf7-select wpcf7-validates-as-required\" aria-required=\"true\" aria-invalid=\"false\" name=\"year-in-business\"><option value=\"Anos no neg\u00f3cio*\">Anos no neg\u00f3cio*<\/option><option value=\"0-1 Year\">0-1 Year<\/option><option value=\"1-3 Year\">1-3 Year<\/option><option value=\"3-5 Year\">3-5 Year<\/option><option value=\"5-10 Year\">5-10 Year<\/option><option value=\"More than 10 Year\">More than 10 Year<\/option><\/select><\/span>\n\t\t\t<\/p>\n\t\t<\/div>\n\t<\/div>\n\t<div class=\"\" style=\"margin-top:20px\">\n\t\t<div class=\"km_cf7-submit-container\">\n        <div class=\"km_cf7-submit-insider\">\n          <div class=\"km_cf7-submit-btn-txt km_cf7-btn-txt-r\">Mandar<\/div>\n          <div class=\"km_cf7-submit-btn-txt km_cf7-btn-txt-h\">Mandar<\/div>\n          <div class=\"km_cf7-btn-bg-r\"><\/div><div class=\"km_cf7-btn-bg-h\"><\/div>\n          <input class=\"wpcf7-form-control wpcf7-submit btn-default-submit-btn km_cf7-button\" id=\"submit-type\" type=\"submit\" value=\"Mandar\" \/>\n        <\/div>\n      <\/div>\n\t<\/div>\n<\/div><div class=\"wpcf7-response-output\" aria-hidden=\"true\"><\/div>\n<\/form>\n<\/div>\n<\/div>[\/vc_column][\/vc_row]<\/p>\n","protected":false},"excerpt":{"rendered":"<p>[vc_row][vc_column][vc_column_text] Acreditamos em fornecer a melhor experi\u00eancia \u00e0s pessoas com quem trabalhamos, sejam nossos clientes ou fornecedores. Por isso, nossos servi\u00e7os e processos s\u00e3o elaborados de forma a atender a todos os requisitos que nossos parceiros possam ter. Faz parte do nosso processo desde a obten\u00e7\u00e3o do produto at\u00e9 a disponibiliza\u00e7\u00e3o do produto no destino [&hellip;]<\/p>\n","protected":false},"author":1,"featured_media":0,"parent":0,"menu_order":0,"comment_status":"open","ping_status":"open","template":"","meta":{"footnotes":""},"_links":{"self":[{"href":"https:\/\/www.ritsukaparts.com\/br\/wp-json\/wp\/v2\/pages\/18685"}],"collection":[{"href":"https:\/\/www.ritsukaparts.com\/br\/wp-json\/wp\/v2\/pages"}],"about":[{"href":"https:\/\/www.ritsukaparts.com\/br\/wp-json\/wp\/v2\/types\/page"}],"author":[{"embeddable":true,"href":"https:\/\/www.ritsukaparts.com\/br\/wp-json\/wp\/v2\/users\/1"}],"replies":[{"embeddable":true,"href":"https:\/\/www.ritsukaparts.com\/br\/wp-json\/wp\/v2\/comments?post=18685"}],"version-history":[{"count":3,"href":"https:\/\/www.ritsukaparts.com\/br\/wp-json\/wp\/v2\/pages\/18685\/revisions"}],"predecessor-version":[{"id":18688,"href":"https:\/\/www.ritsukaparts.com\/br\/wp-json\/wp\/v2\/pages\/18685\/revisions\/18688"}],"wp:attachment":[{"href":"https:\/\/www.ritsukaparts.com\/br\/wp-json\/wp\/v2\/media?parent=18685"}],"curies":[{"name":"wp","href":"https:\/\/api.w.org\/{rel}","templated":true}]}}