{"id":16884,"date":"2018-09-22T14:46:09","date_gmt":"2018-09-22T09:16:09","guid":{"rendered":"http:\/\/www.ritsukaparts.com\/new\/product\/import-placeholder-for-115\/"},"modified":"2018-10-31T14:18:23","modified_gmt":"2018-10-31T08:48:23","slug":"carburador","status":"publish","type":"product","link":"https:\/\/www.ritsukaparts.com\/br\/produtos\/carburador\/","title":{"rendered":"Carburador"},"content":{"rendered":"","protected":false},"excerpt":{"rendered":"<p>Fabricamos carburadores de alto desempenho que oferecem \u00f3tima qualidade. Nosso forte zelo em continuar como uma organiza\u00e7\u00e3o direcionada para a qualidade, aliada a iniciativas inovadoras no desenvolvimento de produtos, garante que os produtos sejam aceitos e preferidos por nossos clientes em todo o mundo. N\u00f3s derivamos nossa habilidade e superioridade dos mais altos padr\u00f5es de qualidade e seguran\u00e7a a que aderimos a cada momento. Sonhamos em conduzir o caminho para um futuro melhor e seguro com nosso carburador confi\u00e1vel e econ\u00f4mico.<\/p>\n<p class=\"prd-tt-txt\">Fortalezas:<\/p>\n<ul>\n<li>Economical fuel consumption<\/li>\n<li>In-house quality testing<\/li>\n<li>~100,000 units\/month Production capacity<\/li>\n<li>Adequate production lead time<\/li>\n<li>Streamlined production processes<\/li>\n<li>Availability of wide range of carburetors.<\/li>\n<\/ul>\n<p class=\"prd-tt-txt\">Caracter\u00edsticas:<\/p>\n<ul>\n<li>Consumo de combust\u00edvel econ\u00f4mico<\/li>\n<li>Teste de qualidade interna<\/li>\n<li>~ 100.000 unidades \/ m\u00eas Capacidade de produ\u00e7\u00e3o<\/li>\n<li>Tempo de entrega de produ\u00e7\u00e3o adequado<\/li>\n<li>Processos de produ\u00e7\u00e3o simplificados<\/li>\n<li>Disponibilidade de ampla gama de carburadores.<\/li>\n<\/ul>\n","protected":false},"featured_media":16914,"template":"","meta":[],"product_cat":[314],"product_tag":[],"_links":{"self":[{"href":"https:\/\/www.ritsukaparts.com\/br\/wp-json\/wp\/v2\/product\/16884"}],"collection":[{"href":"https:\/\/www.ritsukaparts.com\/br\/wp-json\/wp\/v2\/product"}],"about":[{"href":"https:\/\/www.ritsukaparts.com\/br\/wp-json\/wp\/v2\/types\/product"}],"wp:featuredmedia":[{"embeddable":true,"href":"https:\/\/www.ritsukaparts.com\/br\/wp-json\/wp\/v2\/media\/16914"}],"wp:attachment":[{"href":"https:\/\/www.ritsukaparts.com\/br\/wp-json\/wp\/v2\/media?parent=16884"}],"wp:term":[{"taxonomy":"product_cat","embeddable":true,"href":"https:\/\/www.ritsukaparts.com\/br\/wp-json\/wp\/v2\/product_cat?post=16884"},{"taxonomy":"product_tag","embeddable":true,"href":"https:\/\/www.ritsukaparts.com\/br\/wp-json\/wp\/v2\/product_tag?post=16884"}],"curies":[{"name":"wp","href":"https:\/\/api.w.org\/{rel}","templated":true}]}}