{"id":16885,"date":"2018-09-22T14:46:11","date_gmt":"2018-09-22T09:16:11","guid":{"rendered":"http:\/\/www.ritsukaparts.com\/new\/product\/import-placeholder-for-122\/"},"modified":"2018-11-07T15:09:23","modified_gmt":"2018-11-07T09:39:23","slug":"placa-de-friccao-de-embreagem","status":"publish","type":"product","link":"https:\/\/www.ritsukaparts.com\/br\/produtos\/placa-de-friccao-de-embreagem\/","title":{"rendered":"Placa de Fric\u00e7\u00e3o de Embreagem"},"content":{"rendered":"","protected":false},"excerpt":{"rendered":"<p>Estamos produzindo placas de embreagem para ve\u00edculos a partir de 50 cc a 220 cc. Desde a mat\u00e9ria-prima, a precis\u00e3o ao procedimento, nossas chapas de fric\u00e7\u00e3o s\u00e3o excelentes em todos os aspectos. Todas as pe\u00e7as sobressalentes que fabricamos garantem uma experi\u00eancia de condu\u00e7\u00e3o perfeita. Nossas chapas de embreagem s\u00e3o incompar\u00e1veis em termos de confiabilidade, durabilidade e desempenho, j\u00e1 que aderem aos r\u00edgidos padr\u00f5es industriais e incluem componentes genu\u00ednos.<\/p>\n<p class=\"prd-tt-txt\">Caracter\u00edsticas:<\/p>\n<ul>\n<li>N\u00edveis de fric\u00e7\u00e3o elevados e est\u00e1veis<\/li>\n<li>Muito boa resist\u00eancia ao desbotamento<\/li>\n<li>Superf\u00edcie superior fornece melhor desempenho de torque<\/li>\n<li>Maior durabilidade<\/li>\n<li>Anti-corrosivo<\/li>\n<li>Opera\u00e7\u00e3o a \u00famido<\/li>\n<li>Deslocamento de engrenagem mais suave<\/li>\n<li>Coeficiente de atrito est\u00e1vel<\/li>\n<\/ul>\n","protected":false},"featured_media":16916,"template":"","meta":[],"product_cat":[314],"product_tag":[],"_links":{"self":[{"href":"https:\/\/www.ritsukaparts.com\/br\/wp-json\/wp\/v2\/product\/16885"}],"collection":[{"href":"https:\/\/www.ritsukaparts.com\/br\/wp-json\/wp\/v2\/product"}],"about":[{"href":"https:\/\/www.ritsukaparts.com\/br\/wp-json\/wp\/v2\/types\/product"}],"wp:featuredmedia":[{"embeddable":true,"href":"https:\/\/www.ritsukaparts.com\/br\/wp-json\/wp\/v2\/media\/16916"}],"wp:attachment":[{"href":"https:\/\/www.ritsukaparts.com\/br\/wp-json\/wp\/v2\/media?parent=16885"}],"wp:term":[{"taxonomy":"product_cat","embeddable":true,"href":"https:\/\/www.ritsukaparts.com\/br\/wp-json\/wp\/v2\/product_cat?post=16885"},{"taxonomy":"product_tag","embeddable":true,"href":"https:\/\/www.ritsukaparts.com\/br\/wp-json\/wp\/v2\/product_tag?post=16885"}],"curies":[{"name":"wp","href":"https:\/\/api.w.org\/{rel}","templated":true}]}}