{"id":16886,"date":"2018-09-22T14:46:11","date_gmt":"2018-09-22T09:16:11","guid":{"rendered":"http:\/\/www.ritsukaparts.com\/new\/product\/import-placeholder-for-125\/"},"modified":"2018-10-31T12:40:18","modified_gmt":"2018-10-31T07:10:18","slug":"biela","status":"publish","type":"product","link":"https:\/\/www.ritsukaparts.com\/br\/produtos\/biela\/","title":{"rendered":"Biela"},"content":{"rendered":"","protected":false},"excerpt":{"rendered":"<p>As bielas s\u00e3o fabricadas sob rigorosos par\u00e2metros de qualidade que nos fazem entregar o que h\u00e1 de melhor. Cada elemento da pe\u00e7a, desde menor para o elemento mais central, passa por v\u00e1rios testes antes que o produto esteja pronto para ser enviado. N\u00f3s fornecemos produtos completos com pino de manivela, grandes e pequenos e rolamentos.<\/p>\n<p class=\"prd-tt-txt\">Vantagens<\/p>\n<ul>\n<li>Mat\u00e9ria prima de a\u00e7o 20crmo<\/li>\n<li>Alta resist\u00eancia e alto rendimento<\/li>\n<li>Alta resist\u00eancia \u00e0 temperatura<\/li>\n<\/ul>\n<p class=\"prd-tt-txt\">Caracter\u00edsticas<\/p>\n<ul>\n<li>For\u00e7a superior, durabilidade e consist\u00eancia dimensional<\/li>\n<li>Mat\u00e9ria-prima usada 20CrMo<\/li>\n<li>Alta resist\u00eancia e alto rendimento<\/li>\n<li>Dureza entre HRC 60-62<\/li>\n<li>Rofundidade de cementa\u00e7\u00e3o do tratamento t\u00e9rmico 0,8 &#8211; 1,2 m<\/li>\n<li>Rugosidade da superf\u00edcie \u2264 0,2 RA<\/li>\n<li>Resistente a altas temperaturas<\/li>\n<li>Caixa de a\u00e7o em material de Liga de a\u00e7o forte<\/li>\n<li>Retificando para uma melhor reten\u00e7\u00e3o de \u00f3leo<\/li>\n<li>Pinos cementados e retificados<\/li>\n<li>Rolamentos importados de Taiwan<\/li>\n<\/ul>\n<p>&nbsp;<\/p>\n","protected":false},"featured_media":16918,"template":"","meta":[],"product_cat":[314],"product_tag":[],"_links":{"self":[{"href":"https:\/\/www.ritsukaparts.com\/br\/wp-json\/wp\/v2\/product\/16886"}],"collection":[{"href":"https:\/\/www.ritsukaparts.com\/br\/wp-json\/wp\/v2\/product"}],"about":[{"href":"https:\/\/www.ritsukaparts.com\/br\/wp-json\/wp\/v2\/types\/product"}],"wp:featuredmedia":[{"embeddable":true,"href":"https:\/\/www.ritsukaparts.com\/br\/wp-json\/wp\/v2\/media\/16918"}],"wp:attachment":[{"href":"https:\/\/www.ritsukaparts.com\/br\/wp-json\/wp\/v2\/media?parent=16886"}],"wp:term":[{"taxonomy":"product_cat","embeddable":true,"href":"https:\/\/www.ritsukaparts.com\/br\/wp-json\/wp\/v2\/product_cat?post=16886"},{"taxonomy":"product_tag","embeddable":true,"href":"https:\/\/www.ritsukaparts.com\/br\/wp-json\/wp\/v2\/product_tag?post=16886"}],"curies":[{"name":"wp","href":"https:\/\/api.w.org\/{rel}","templated":true}]}}