{"id":16887,"date":"2018-09-22T14:46:12","date_gmt":"2018-09-22T09:16:12","guid":{"rendered":"http:\/\/www.ritsukaparts.com\/new\/product\/import-placeholder-for-201\/"},"modified":"2018-11-07T14:16:48","modified_gmt":"2018-11-07T08:46:48","slug":"kit-de-cilindros","status":"publish","type":"product","link":"https:\/\/www.ritsukaparts.com\/br\/produtos\/kit-de-cilindros\/","title":{"rendered":"Kit de cilindros"},"content":{"rendered":"","protected":false},"excerpt":{"rendered":"<p>Composto de liga de alum\u00ednio ADC 12 de alta performance com camisa de ferro fundido resistente ao desgaste, oferecemos Kits de cilindros de qualidade de categoria mundial.<\/p>\n<div>\n<p class=\"prd-tt-txt\">Vantagens<\/p>\n<ul>\n<li>Toler\u00e2ncia precisa para melhor efici\u00eancia e menor taxa de desgaste<\/li>\n<li>Qualidade equivalente a dos padr\u00f5es OEM<\/li>\n<li>Resistente a alta temperatura<\/li>\n<\/ul>\n<p class=\"prd-tt-txt\">Caracter\u00edsticas<\/p>\n<ul>\n<li>Mat\u00e9ria-prima ADC 12 com alta porcentagem de cobre de 1,65%<\/li>\n<li>Manga de Repara\u00e7\u00e3o em um n\u00edvel de toler\u00e2ncia de di\u00e2metro de 0,002 mm a 0,003 mm<\/li>\n<li>Tratamento t\u00e9rmico a 350 graus Celsius<\/li>\n<li>Camisa de ferro fundido tratado termicamente resistente ao desgaste<\/li>\n<li>Faixa de dureza Brinell \u2265 74,1 HBS<\/li>\n<li>Faixa de resist\u00eancia \u00e0 tra\u00e7\u00e3o \u2265 190Mpa<\/li>\n<li>Flexibilidade \u22651%<\/li>\n<\/ul>\n<\/div>\n","protected":false},"featured_media":17409,"template":"","meta":[],"product_cat":[314],"product_tag":[],"_links":{"self":[{"href":"https:\/\/www.ritsukaparts.com\/br\/wp-json\/wp\/v2\/product\/16887"}],"collection":[{"href":"https:\/\/www.ritsukaparts.com\/br\/wp-json\/wp\/v2\/product"}],"about":[{"href":"https:\/\/www.ritsukaparts.com\/br\/wp-json\/wp\/v2\/types\/product"}],"wp:featuredmedia":[{"embeddable":true,"href":"https:\/\/www.ritsukaparts.com\/br\/wp-json\/wp\/v2\/media\/17409"}],"wp:attachment":[{"href":"https:\/\/www.ritsukaparts.com\/br\/wp-json\/wp\/v2\/media?parent=16887"}],"wp:term":[{"taxonomy":"product_cat","embeddable":true,"href":"https:\/\/www.ritsukaparts.com\/br\/wp-json\/wp\/v2\/product_cat?post=16887"},{"taxonomy":"product_tag","embeddable":true,"href":"https:\/\/www.ritsukaparts.com\/br\/wp-json\/wp\/v2\/product_tag?post=16887"}],"curies":[{"name":"wp","href":"https:\/\/api.w.org\/{rel}","templated":true}]}}