{"id":16888,"date":"2018-09-22T14:46:13","date_gmt":"2018-09-22T09:16:13","guid":{"rendered":"http:\/\/www.ritsukaparts.com\/new\/product\/import-placeholder-for-213\/"},"modified":"2018-10-31T08:06:26","modified_gmt":"2018-10-31T02:36:26","slug":"junta","status":"publish","type":"product","link":"https:\/\/www.ritsukaparts.com\/br\/produtos\/junta\/","title":{"rendered":"JUNTA"},"content":{"rendered":"","protected":false},"excerpt":{"rendered":"<p>Fabricamos juntas de alta performance para motores de motocicletas que oferecem \u00f3tima qualidade e s\u00e3o mais adequadas para atender \u00e0s demandas exclusivas do cliente e do mercado. Nosso forte zelo em continuar como uma organiza\u00e7\u00e3o orientada para a qualidade aliada a iniciativas inovadoras no desenvolvimento de produtos garante que nosso produto seja reconhecido.<\/p>\n<p class=\"prd-tt-txt\">Vantagens<\/p>\n<ul>\n<li>Mat\u00e9ria prima de alta qualidade<\/li>\n<li>Dimens\u00e3o precisa<\/li>\n<li>Acabamento de superf\u00edcie lisa<\/li>\n<li>Alta resist\u00eancia ao calor e resist\u00eancia \u00e0 compress\u00e3o<\/li>\n<li>Rigoroso controle de qualidade<\/li>\n<li>Caracter\u00edsticas<\/li>\n<li>Fabricado com material de alta qualidade para veda\u00e7\u00e3o final<\/li>\n<\/ul>\n","protected":false},"featured_media":16922,"template":"","meta":[],"product_cat":[314],"product_tag":[],"_links":{"self":[{"href":"https:\/\/www.ritsukaparts.com\/br\/wp-json\/wp\/v2\/product\/16888"}],"collection":[{"href":"https:\/\/www.ritsukaparts.com\/br\/wp-json\/wp\/v2\/product"}],"about":[{"href":"https:\/\/www.ritsukaparts.com\/br\/wp-json\/wp\/v2\/types\/product"}],"wp:featuredmedia":[{"embeddable":true,"href":"https:\/\/www.ritsukaparts.com\/br\/wp-json\/wp\/v2\/media\/16922"}],"wp:attachment":[{"href":"https:\/\/www.ritsukaparts.com\/br\/wp-json\/wp\/v2\/media?parent=16888"}],"wp:term":[{"taxonomy":"product_cat","embeddable":true,"href":"https:\/\/www.ritsukaparts.com\/br\/wp-json\/wp\/v2\/product_cat?post=16888"},{"taxonomy":"product_tag","embeddable":true,"href":"https:\/\/www.ritsukaparts.com\/br\/wp-json\/wp\/v2\/product_tag?post=16888"}],"curies":[{"name":"wp","href":"https:\/\/api.w.org\/{rel}","templated":true}]}}