{"id":16889,"date":"2018-09-22T14:46:14","date_gmt":"2018-09-22T09:16:14","guid":{"rendered":"http:\/\/www.ritsukaparts.com\/new\/product\/import-placeholder-for-216\/"},"modified":"2018-11-07T14:27:00","modified_gmt":"2018-11-07T08:57:00","slug":"kit-de-pistao","status":"publish","type":"product","link":"https:\/\/www.ritsukaparts.com\/br\/produtos\/kit-de-pistao\/","title":{"rendered":"KIT DE PIST\u00c3O"},"content":{"rendered":"","protected":false},"excerpt":{"rendered":"<p>Os Pist\u00f5es fabricados por n\u00f3s s\u00e3o sempre feitos de materiais de qualidade. Cada parte do pist\u00e3o, como anel de<br \/>\ncompress\u00e3o, anel do raspador, anel de \u00f3leo, pino do pist\u00e3o, etc, \u00e9 fabricada com a m\u00e1xima precis\u00e3o.<\/p>\n<p class=\"prd-tt-txt\">Vantagens<\/p>\n<ul>\n<li>Revestimentos e atritos dos lados para manter a tens\u00e3o radial nos an\u00e9is<\/li>\n<li>Alta longevidade dos pist\u00f5es<\/li>\n<\/ul>\n<div class=\"shop_attributes product-dimensions prd-dim\">\n<p class=\"prd-tt-txt\">Caracter\u00edsticas<\/p>\n<ul>\n<li>Composto por material de alum\u00ednio AC8A<\/li>\n<li>An\u00e9is de compress\u00e3o fabricados com especifica\u00e7\u00f5es de precis\u00e3o de fundi\u00e7\u00e3o de ferro de alta qualidade<\/li>\n<li>Fabricado sob rigorosa supervis\u00e3o para manter a qualidade<\/li>\n<li>Cada componente \u00e9 testado para que n\u00e3o haja margem de erro<\/li>\n<li>Anel de compress\u00e3o fabricado com ferro fundido nodular DH 30<\/li>\n<li>Anel raspador fabricado com a\u00e7o DQ 20<\/li>\n<li>An\u00e9is de \u00f3leo fabricado com a\u00e7o DS 45<\/li>\n<li>Pino do Pist\u00e3o fabricado com a\u00e7o de 20 CrMo<\/li>\n<li>Pist\u00e3o dispon\u00edvel em acabamento prateado, acabamento preto, acabamento em estanho<\/li>\n<li>Mat\u00e9ria-prima ADC 12 com alta porcentagem de cobre de 1,65%<\/li>\n<li>Manuten\u00e7\u00e3o da manga atrav\u00e9s do n\u00edvel de toler\u00e2ncia de 0,002 mm a 0,003 mm<\/li>\n<li>Tratamento t\u00e9rmico a 350 graus<\/li>\n<li>Usinagem de VMC altamente precisa<\/li>\n<li>Faixa de dureza Brinell \u226571 HBS<\/li>\n<li>Faixa de resist\u00eancia \u00e0 tra\u00e7\u00e3o \u2265125Mpa<\/li>\n<li>Flexibilidade \u22651%<\/li>\n<\/ul>\n<\/div>\n","protected":false},"featured_media":16929,"template":"","meta":[],"product_cat":[314],"product_tag":[],"_links":{"self":[{"href":"https:\/\/www.ritsukaparts.com\/br\/wp-json\/wp\/v2\/product\/16889"}],"collection":[{"href":"https:\/\/www.ritsukaparts.com\/br\/wp-json\/wp\/v2\/product"}],"about":[{"href":"https:\/\/www.ritsukaparts.com\/br\/wp-json\/wp\/v2\/types\/product"}],"wp:featuredmedia":[{"embeddable":true,"href":"https:\/\/www.ritsukaparts.com\/br\/wp-json\/wp\/v2\/media\/16929"}],"wp:attachment":[{"href":"https:\/\/www.ritsukaparts.com\/br\/wp-json\/wp\/v2\/media?parent=16889"}],"wp:term":[{"taxonomy":"product_cat","embeddable":true,"href":"https:\/\/www.ritsukaparts.com\/br\/wp-json\/wp\/v2\/product_cat?post=16889"},{"taxonomy":"product_tag","embeddable":true,"href":"https:\/\/www.ritsukaparts.com\/br\/wp-json\/wp\/v2\/product_tag?post=16889"}],"curies":[{"name":"wp","href":"https:\/\/api.w.org\/{rel}","templated":true}]}}