{"id":16890,"date":"2018-09-22T14:46:15","date_gmt":"2018-09-22T09:16:15","guid":{"rendered":"http:\/\/www.ritsukaparts.com\/new\/product\/import-placeholder-for-220\/"},"modified":"2018-11-07T14:38:39","modified_gmt":"2018-11-07T09:08:39","slug":"balancim","status":"publish","type":"product","link":"https:\/\/www.ritsukaparts.com\/br\/produtos\/balancim\/","title":{"rendered":"Balancim"},"content":{"rendered":"","protected":false},"excerpt":{"rendered":"<p>Balancim \u00e9 uma alavanca oscilante em um motor. \u00c9 uma extremidade aumentada que \u00e9 abaixada por um l\u00f3bulo rotativo do eixo de comando enquanto a outra extremidade serve para trabalhar em uma haste de v\u00e1lvula. N\u00f3s cuidamos da resist\u00eancia ao desgaste com ferro fundido refrigerado junto com o tratamento t\u00e9rmico e atingimos apenas a rigidezperfeita da superf\u00edcie, controlando os par\u00e2metros de corte de metal.<\/p>\n<p class=\"prd-tt-txt\">Vantagens<\/p>\n<ul>\n<li>Dureza perfeita<\/li>\n<li>Tratado termicamente<\/li>\n<li>Desempenho livre de problemas<\/li>\n<li>Rolamento fabricado em Taiwan inclu\u00eddo<\/li>\n<\/ul>\n<p class=\"prd-tt-txt\">Caracter\u00edsticas<\/p>\n<ul>\n<li>Mat\u00e9ria-prima usada 20CrMo<\/li>\n<li>Dureza entre HRC 60-62<\/li>\n<li>Profundidade de cementa\u00e7\u00e3o do tratamento t\u00e9rmico 0,8 &#8211; 1,2 m<\/li>\n<li>Rugosidade da superf\u00edcie \u2264 0.2 RA<\/li>\n<li>Rela\u00e7\u00e3o do balancim entre 1.5: 1.0 e 1.8: 1.0<\/li>\n<\/ul>\n","protected":false},"featured_media":16931,"template":"","meta":[],"product_cat":[314],"product_tag":[],"_links":{"self":[{"href":"https:\/\/www.ritsukaparts.com\/br\/wp-json\/wp\/v2\/product\/16890"}],"collection":[{"href":"https:\/\/www.ritsukaparts.com\/br\/wp-json\/wp\/v2\/product"}],"about":[{"href":"https:\/\/www.ritsukaparts.com\/br\/wp-json\/wp\/v2\/types\/product"}],"wp:featuredmedia":[{"embeddable":true,"href":"https:\/\/www.ritsukaparts.com\/br\/wp-json\/wp\/v2\/media\/16931"}],"wp:attachment":[{"href":"https:\/\/www.ritsukaparts.com\/br\/wp-json\/wp\/v2\/media?parent=16890"}],"wp:term":[{"taxonomy":"product_cat","embeddable":true,"href":"https:\/\/www.ritsukaparts.com\/br\/wp-json\/wp\/v2\/product_cat?post=16890"},{"taxonomy":"product_tag","embeddable":true,"href":"https:\/\/www.ritsukaparts.com\/br\/wp-json\/wp\/v2\/product_tag?post=16890"}],"curies":[{"name":"wp","href":"https:\/\/api.w.org\/{rel}","templated":true}]}}