{"id":16891,"date":"2018-09-22T14:46:16","date_gmt":"2018-09-22T09:16:16","guid":{"rendered":"http:\/\/www.ritsukaparts.com\/new\/product\/import-placeholder-for-223\/"},"modified":"2018-11-07T14:59:06","modified_gmt":"2018-11-07T09:29:06","slug":"valvula","status":"publish","type":"product","link":"https:\/\/www.ritsukaparts.com\/br\/produtos\/valvula\/","title":{"rendered":"V\u00c1LVULA"},"content":{"rendered":"","protected":false},"excerpt":{"rendered":"<p>Nossas v\u00e1lvulas de motor de peso leve oferecem melhor desempenho do motor, melhor efici\u00eancia de combust\u00edvel para atender \u00e0s normas de emiss\u00e3o em constante mudan\u00e7a. Melhora a resist\u00eancia \u00e0 fadiga e \u00e0 corros\u00e3o devido \u00e0 maior profundidade das caixas para v\u00e1lvulas de nitreto. Todas as nossas v\u00e1lvulas s\u00e3o devidamente tratadas termicamente, aumentando assim a tenacidade e a resist\u00eancia ao desgaste nas \u00e1reas da haste e do assento. Essas v\u00e1lvulas s\u00e3o feitas de acordo com as especifica\u00e7\u00f5es OE com testes adequados que passam por inspe\u00e7\u00e3o 100% exigentes caracter\u00edsticas. Eles tamb\u00e9m passam por testes de detec\u00e7\u00e3o de rachaduras 100%.<\/p>\n<p class=\"prd-tt-txt\">For\u00e7as<\/p>\n<ul>\n<li>Liga de sil\u00edcio de alta resist\u00eancia<\/li>\n<li>Soldagem a v\u00e1cuo<\/li>\n<li>Mat\u00e9ria prima de qualidade En52<\/li>\n<li>1 hora em temperature de 650 \u00b0 C<\/li>\n<li>M\u00e9todo de detec\u00e7\u00e3o de falhas por ondas ultrass\u00f4nicas<\/li>\n<\/ul>\n<p class=\"prd-tt-txt\">Caracter\u00edsticas<\/p>\n<ul>\n<li>Soldagem a v\u00e1cuo<\/li>\n<li>Liga sat\u00e9lite com propriedade resistente ao desgaste<\/li>\n<li>O teste de estanquidade ao ar da superf\u00edcie c\u00f3nica assegura uma pot\u00eancia forte.<\/li>\n<li>M\u00e9todo de detec\u00e7\u00e3o de falhas por ondas ultrass\u00f4nicas<\/li>\n<li>v\u00e1lvula de escape SCr21Mn9Ni4n grau de mat\u00e9ria prima<\/li>\n<li>por 1 hora com temperatura a 650 \u00b0 C<\/li>\n<li>Diferencial de press\u00e3o na v\u00e1lvula de admiss\u00e3o &lt;1 atmosfera<\/li>\n<li>Diferencial de press\u00e3o na v\u00e1lvula de escape&gt; 3 a 4 atmosferas<\/li>\n<li>entrada 4Cr10Si2MO<\/li>\n<\/ul>\n","protected":false},"featured_media":16933,"template":"","meta":[],"product_cat":[314],"product_tag":[],"_links":{"self":[{"href":"https:\/\/www.ritsukaparts.com\/br\/wp-json\/wp\/v2\/product\/16891"}],"collection":[{"href":"https:\/\/www.ritsukaparts.com\/br\/wp-json\/wp\/v2\/product"}],"about":[{"href":"https:\/\/www.ritsukaparts.com\/br\/wp-json\/wp\/v2\/types\/product"}],"wp:featuredmedia":[{"embeddable":true,"href":"https:\/\/www.ritsukaparts.com\/br\/wp-json\/wp\/v2\/media\/16933"}],"wp:attachment":[{"href":"https:\/\/www.ritsukaparts.com\/br\/wp-json\/wp\/v2\/media?parent=16891"}],"wp:term":[{"taxonomy":"product_cat","embeddable":true,"href":"https:\/\/www.ritsukaparts.com\/br\/wp-json\/wp\/v2\/product_cat?post=16891"},{"taxonomy":"product_tag","embeddable":true,"href":"https:\/\/www.ritsukaparts.com\/br\/wp-json\/wp\/v2\/product_tag?post=16891"}],"curies":[{"name":"wp","href":"https:\/\/api.w.org\/{rel}","templated":true}]}}