{"id":16892,"date":"2018-09-22T14:46:16","date_gmt":"2018-09-22T09:16:16","guid":{"rendered":"http:\/\/www.ritsukaparts.com\/new\/product\/import-placeholder-for-519\/"},"modified":"2018-11-07T13:52:29","modified_gmt":"2018-11-07T08:22:29","slug":"rolamentos","status":"publish","type":"product","link":"https:\/\/www.ritsukaparts.com\/br\/produtos\/rolamentos\/","title":{"rendered":"Rolamentos"},"content":{"rendered":"","protected":false},"excerpt":{"rendered":"<p>Fabricamos rolamentos para motocicletas de alto desempenho que oferecem \u00f3tima qualidade e s\u00e3o mais adequados para atender \u00e0s demandas exclusivas dos clientes. Nosso forte zelo em continuar como uma organiza\u00e7\u00e3o orientada \u00e0 qualidade, juntamente com iniciativas inovadoras no desenvolvimento de produtos, garante que os produtos sejam reconhecidos e aceitos por nossos clientes em todo o mundo. Nossa equipe de especialistas adere aos mais altos padr\u00f5es de qualidade e seguran\u00e7a para oferecer o melhor.<\/p>\n<p class=\"prd-tt-txt\">Caracter\u00edsticas:<\/p>\n<ul>\n<li>Sistema de lubrifica\u00e7\u00e3o simples<\/li>\n<li>Capacidade de auto-alinhamento<\/li>\n<li>N\u00edvel m\u00e9dio a alto de capacidade de impuls\u00e3o<\/li>\n<li>Capacidade de carga din\u00e2mica m\u00e9dia em todos os \u00e2ngulos<\/li>\n<li>Bom desempenho de alta velocidade em sulcos profundos e contatos angulares<\/li>\n<li>Baixo atrito<\/li>\n<li>Baixo atrito inicial<\/li>\n<li>Alta toler\u00e2ncia ao desalinhamento<\/li>\n<li>Alta toler\u00e2ncia a sujeira<\/li>\n<li>Qualidade Z1<\/li>\n<\/ul>\n","protected":false},"featured_media":16935,"template":"","meta":[],"product_cat":[315],"product_tag":[],"_links":{"self":[{"href":"https:\/\/www.ritsukaparts.com\/br\/wp-json\/wp\/v2\/product\/16892"}],"collection":[{"href":"https:\/\/www.ritsukaparts.com\/br\/wp-json\/wp\/v2\/product"}],"about":[{"href":"https:\/\/www.ritsukaparts.com\/br\/wp-json\/wp\/v2\/types\/product"}],"wp:featuredmedia":[{"embeddable":true,"href":"https:\/\/www.ritsukaparts.com\/br\/wp-json\/wp\/v2\/media\/16935"}],"wp:attachment":[{"href":"https:\/\/www.ritsukaparts.com\/br\/wp-json\/wp\/v2\/media?parent=16892"}],"wp:term":[{"taxonomy":"product_cat","embeddable":true,"href":"https:\/\/www.ritsukaparts.com\/br\/wp-json\/wp\/v2\/product_cat?post=16892"},{"taxonomy":"product_tag","embeddable":true,"href":"https:\/\/www.ritsukaparts.com\/br\/wp-json\/wp\/v2\/product_tag?post=16892"}],"curies":[{"name":"wp","href":"https:\/\/api.w.org\/{rel}","templated":true}]}}