{"id":16893,"date":"2018-09-22T14:46:17","date_gmt":"2018-09-22T09:16:17","guid":{"rendered":"http:\/\/www.ritsukaparts.com\/new\/product\/import-placeholder-for-690\/"},"modified":"2018-11-01T13:24:35","modified_gmt":"2018-11-01T07:54:35","slug":"cabos","status":"publish","type":"product","link":"https:\/\/www.ritsukaparts.com\/br\/produtos\/cabos\/","title":{"rendered":"Cabos"},"content":{"rendered":"","protected":false},"excerpt":{"rendered":"<p>Utilizamos a mais moderna tecnologia aliada a quase uma d\u00e9cada de trabalho e dedica\u00e7\u00e3o. N\u00f3s somos superioridade na qualidade com nossa tecnologia de ponta e uso de PVC virgem e espessura superior do cabo interno.<\/p>\n<p class=\"prd-tt-txt\">Caracterist\u00edcas:<\/p>\n<ul>\n<li>O controle rigoroso da qualidade e o uso de materiais de alta qualidade garantem a perfeita montagem<\/li>\n<li>Revestimento exterior em PVC Preto para m\u00e1xima flexibilidade e durabilidade<\/li>\n<li>Caixa interna de a\u00e7o que \u00e9 bem enrolada para baixa compress\u00e3o<\/li>\n<li>Uma capa interna de nylon pr\u00e9-lubrificada garante uma opera\u00e7\u00e3o suave e longa vida \u00fatil.<\/li>\n<li>Todas as extremidades do fio s\u00e3o fixadas antes da fundi\u00e7\u00e3o do terminal para maior resist\u00eancia \u00e0 extra\u00e7\u00e3o<\/li>\n<li>Pe\u00e7as completamente testadas<\/li>\n<li>Fabrica\u00e7\u00e3o de fluxo de pe\u00e7a \u00fanica<\/li>\n<li>Movimento livre de fric\u00e7\u00e3o<\/li>\n<li>Uso avan\u00e7ado de material<\/li>\n<li>Excelente resist\u00eancia ao calor<\/li>\n<li>Robustez e design compacto<\/li>\n<li>Alta flexibilidade \u2022 Resist\u00eancia \u00e0 abras\u00e3o<\/li>\n<li>Raios de curvatura apertados<\/li>\n<li>Di\u00e2metro Total Pequeno<\/li>\n<li>Carga de ruptura 5KN<\/li>\n<\/ul>\n","protected":false},"featured_media":16937,"template":"","meta":[],"product_cat":[315],"product_tag":[],"_links":{"self":[{"href":"https:\/\/www.ritsukaparts.com\/br\/wp-json\/wp\/v2\/product\/16893"}],"collection":[{"href":"https:\/\/www.ritsukaparts.com\/br\/wp-json\/wp\/v2\/product"}],"about":[{"href":"https:\/\/www.ritsukaparts.com\/br\/wp-json\/wp\/v2\/types\/product"}],"wp:featuredmedia":[{"embeddable":true,"href":"https:\/\/www.ritsukaparts.com\/br\/wp-json\/wp\/v2\/media\/16937"}],"wp:attachment":[{"href":"https:\/\/www.ritsukaparts.com\/br\/wp-json\/wp\/v2\/media?parent=16893"}],"wp:term":[{"taxonomy":"product_cat","embeddable":true,"href":"https:\/\/www.ritsukaparts.com\/br\/wp-json\/wp\/v2\/product_cat?post=16893"},{"taxonomy":"product_tag","embeddable":true,"href":"https:\/\/www.ritsukaparts.com\/br\/wp-json\/wp\/v2\/product_tag?post=16893"}],"curies":[{"name":"wp","href":"https:\/\/api.w.org\/{rel}","templated":true}]}}