{"id":16894,"date":"2018-09-22T14:46:17","date_gmt":"2018-09-22T09:16:17","guid":{"rendered":"http:\/\/www.ritsukaparts.com\/new\/product\/import-placeholder-for-696\/"},"modified":"2018-11-07T13:15:46","modified_gmt":"2018-11-07T07:45:46","slug":"tampa-do-tanque-de-combustivel-e-conjunto-de-chaves-de-ignicao","status":"publish","type":"product","link":"https:\/\/www.ritsukaparts.com\/br\/produtos\/tampa-do-tanque-de-combustivel-e-conjunto-de-chaves-de-ignicao\/","title":{"rendered":"Tampa do Tanque de Combust\u00edvel e Conjunto de Chaves de Igni\u00e7\u00e3o"},"content":{"rendered":"","protected":false},"excerpt":{"rendered":"<div id=\"style-4\" class=\"table-scrl-igni\">\n<p>O conjunto de chaves de igni\u00e7\u00e3o consiste em 8 partes diferentes &#8211; tampa do tanque de combust\u00edvel, tomada, trava do capacete, pino trava, trava da tampa lateral, chaves, chave de igni\u00e7\u00e3o e trava do assento. N\u00f3s usamos ADC12 que tem alta porcentagem de cobre. Em poucas palavras, significa durabilidade e longevidade excepcionais. O ADC 12 aumenta a resist\u00eancia de um material que est\u00e1 para quebrar sob tens\u00e3o ou carga. Tamb\u00e9m melhora a resist\u00eancia \u00e0 tra\u00e7\u00e3o de um material e permite suportar a quantidade m\u00e1xima de tens\u00e3o de tra\u00e7\u00e3o antes de desistir at\u00e9 a falha, ou seja, quebrar. Ligas de alum\u00ednio-cobre geralmente com outras adi\u00e7\u00f5es, formam importantes fam\u00edlias de ligas. Ligas de alum\u00ednio e cobre moldadas e trabalhadas respondem ao tratamento t\u00e9rmico da solu\u00e7\u00e3o e ao est\u00e1gio subsequente com um aumento na diminui\u00e7\u00e3o do alongamento.<\/p>\n<\/div>\n<p class=\"prd-tt-txt\">Vantagens:<\/p>\n<ul>\n<li>Uso de mat\u00e9ria-prima de alta qualidade<\/li>\n<li>Chave de cobre de alta qualidade usada para evitar ferrugem<\/li>\n<li>Alta durabilidade<\/li>\n<li>Rigoroso controle de qualidade<\/li>\n<\/ul>\n","protected":false},"featured_media":16944,"template":"","meta":[],"product_cat":[315],"product_tag":[],"_links":{"self":[{"href":"https:\/\/www.ritsukaparts.com\/br\/wp-json\/wp\/v2\/product\/16894"}],"collection":[{"href":"https:\/\/www.ritsukaparts.com\/br\/wp-json\/wp\/v2\/product"}],"about":[{"href":"https:\/\/www.ritsukaparts.com\/br\/wp-json\/wp\/v2\/types\/product"}],"wp:featuredmedia":[{"embeddable":true,"href":"https:\/\/www.ritsukaparts.com\/br\/wp-json\/wp\/v2\/media\/16944"}],"wp:attachment":[{"href":"https:\/\/www.ritsukaparts.com\/br\/wp-json\/wp\/v2\/media?parent=16894"}],"wp:term":[{"taxonomy":"product_cat","embeddable":true,"href":"https:\/\/www.ritsukaparts.com\/br\/wp-json\/wp\/v2\/product_cat?post=16894"},{"taxonomy":"product_tag","embeddable":true,"href":"https:\/\/www.ritsukaparts.com\/br\/wp-json\/wp\/v2\/product_tag?post=16894"}],"curies":[{"name":"wp","href":"https:\/\/api.w.org\/{rel}","templated":true}]}}