{"id":16895,"date":"2018-09-22T14:46:18","date_gmt":"2018-09-22T09:16:18","guid":{"rendered":"http:\/\/www.ritsukaparts.com\/new\/product\/import-placeholder-for-701\/"},"modified":"2018-11-07T13:41:53","modified_gmt":"2018-11-07T08:11:53","slug":"alavanca","status":"publish","type":"product","link":"https:\/\/www.ritsukaparts.com\/br\/produtos\/alavanca\/","title":{"rendered":"Alavanca"},"content":{"rendered":"","protected":false},"excerpt":{"rendered":"<p>N\u00f3s produzimos as melhores alavancas de qualidade. Nossas alavancas s\u00e3o fabricadas em alum\u00ednio de alta qualidade ZL-104.<\/p>\n<p class=\"prd-tt-txt\">Vantagens:<\/p>\n<ul>\n<li>Mat\u00e9ria-prima de alto grau<\/li>\n<li>Dimens\u00e3o precisa<\/li>\n<li>Acabamento de superf\u00edcie lisa<\/li>\n<li>Alta durabilidade e resist\u00eancia<\/li>\n<li>Rigoroso controle de qualidade<\/li>\n<\/ul>\n<p class=\"prd-tt-txt\">Caracter\u00edsticas:<\/p>\n<ul>\n<li>Alta resist\u00eancia \u00e0 tra\u00e7\u00e3o<\/li>\n<li>Resist\u00eancia \u00e0 corros\u00e3o<\/li>\n<li>Engenharia de precis\u00e3o<\/li>\n<li>Sala de ferramentas certificada<\/li>\n<li>Teste de Vazamento<\/li>\n<li>Teste de Raios X<\/li>\n<li>Design atraente<\/li>\n<li>Umidade monitorada<\/li>\n<li>Excelente acabamento superficial<\/li>\n<li>Composi\u00e7\u00e3o homog\u00eanea<\/li>\n<li>Pe\u00e7as fundidas sem rebarbas<\/li>\n<li>Pe\u00e7as fundidas sem flash<\/li>\n<li>Parte regulada de velocidades de ciclo r\u00e1pido<\/li>\n<li>Mat\u00e9ria-prima ADC 12<\/li>\n<\/ul>\n","protected":false},"featured_media":16946,"template":"","meta":[],"product_cat":[315],"product_tag":[],"_links":{"self":[{"href":"https:\/\/www.ritsukaparts.com\/br\/wp-json\/wp\/v2\/product\/16895"}],"collection":[{"href":"https:\/\/www.ritsukaparts.com\/br\/wp-json\/wp\/v2\/product"}],"about":[{"href":"https:\/\/www.ritsukaparts.com\/br\/wp-json\/wp\/v2\/types\/product"}],"wp:featuredmedia":[{"embeddable":true,"href":"https:\/\/www.ritsukaparts.com\/br\/wp-json\/wp\/v2\/media\/16946"}],"wp:attachment":[{"href":"https:\/\/www.ritsukaparts.com\/br\/wp-json\/wp\/v2\/media?parent=16895"}],"wp:term":[{"taxonomy":"product_cat","embeddable":true,"href":"https:\/\/www.ritsukaparts.com\/br\/wp-json\/wp\/v2\/product_cat?post=16895"},{"taxonomy":"product_tag","embeddable":true,"href":"https:\/\/www.ritsukaparts.com\/br\/wp-json\/wp\/v2\/product_tag?post=16895"}],"curies":[{"name":"wp","href":"https:\/\/api.w.org\/{rel}","templated":true}]}}