{"id":16896,"date":"2018-09-22T14:46:18","date_gmt":"2018-09-22T09:16:18","guid":{"rendered":"http:\/\/www.ritsukaparts.com\/new\/product\/import-placeholder-for-705\/"},"modified":"2018-11-07T13:03:28","modified_gmt":"2018-11-07T07:33:28","slug":"pedais","status":"publish","type":"product","link":"https:\/\/www.ritsukaparts.com\/br\/produtos\/pedais\/","title":{"rendered":"Pedais"},"content":{"rendered":"","protected":false},"excerpt":{"rendered":"<p>Fabricamos conjuntos de pedais para uma ampla gama de modelos e nossas pe\u00e7as sobressalentes complementam as principais marcas globais de motocicletas.<\/p>\n<p class=\"prd-tt-txt\">Caracter\u00edsticas:<\/p>\n<ul>\n<li>Resist\u00eancia \u00e0 corros\u00e3o<\/li>\n<li>Dimens\u00e3o precisa<\/li>\n<li>Alta resist\u00eancia de soldagem<\/li>\n<li>Dur\u00e1vel<\/li>\n<li>Acabamento de superf\u00edcie lisa<\/li>\n<li>Chapeamento de seis graus<\/li>\n<\/ul>\n","protected":false},"featured_media":16948,"template":"","meta":[],"product_cat":[315],"product_tag":[],"_links":{"self":[{"href":"https:\/\/www.ritsukaparts.com\/br\/wp-json\/wp\/v2\/product\/16896"}],"collection":[{"href":"https:\/\/www.ritsukaparts.com\/br\/wp-json\/wp\/v2\/product"}],"about":[{"href":"https:\/\/www.ritsukaparts.com\/br\/wp-json\/wp\/v2\/types\/product"}],"wp:featuredmedia":[{"embeddable":true,"href":"https:\/\/www.ritsukaparts.com\/br\/wp-json\/wp\/v2\/media\/16948"}],"wp:attachment":[{"href":"https:\/\/www.ritsukaparts.com\/br\/wp-json\/wp\/v2\/media?parent=16896"}],"wp:term":[{"taxonomy":"product_cat","embeddable":true,"href":"https:\/\/www.ritsukaparts.com\/br\/wp-json\/wp\/v2\/product_cat?post=16896"},{"taxonomy":"product_tag","embeddable":true,"href":"https:\/\/www.ritsukaparts.com\/br\/wp-json\/wp\/v2\/product_tag?post=16896"}],"curies":[{"name":"wp","href":"https:\/\/api.w.org\/{rel}","templated":true}]}}