{"id":16897,"date":"2018-09-22T14:46:19","date_gmt":"2018-09-22T09:16:19","guid":{"rendered":"http:\/\/www.ritsukaparts.com\/new\/product\/import-placeholder-for-712\/"},"modified":"2018-11-07T13:48:26","modified_gmt":"2018-11-07T08:18:26","slug":"soldadura-do-aro","status":"publish","type":"product","link":"https:\/\/www.ritsukaparts.com\/br\/produtos\/soldadura-do-aro\/","title":{"rendered":"Soldadura do Aro"},"content":{"rendered":"","protected":false},"excerpt":{"rendered":"<p>Fabricamos aro de alto desempenho que oferecem \u00f3tima qualidade. O nosso forte zelo em continuar como uma organiza\u00e7\u00e3o orientada para a qualidade, aliada a iniciativas inovadoras no desenvolvimento de produtos, garante que os produtos sejam reconhecidos e aceitos pelos nossos clientes em todo o mundo.<\/p>\n<p class=\"prd-tt-txt\">Caracter\u00edsticas:<\/p>\n<ul>\n<li>Forma uniforme<\/li>\n<li>Peso leve<\/li>\n<li>Aplicabilidade universal<\/li>\n<li>Aplica\u00e7\u00e3o f\u00e1cil no pneu<\/li>\n<li>Capacidade de Carga Alta<\/li>\n<li>Acabamento de superf\u00edcie lisa<\/li>\n<\/ul>\n","protected":false},"featured_media":16950,"template":"","meta":[],"product_cat":[315],"product_tag":[],"_links":{"self":[{"href":"https:\/\/www.ritsukaparts.com\/br\/wp-json\/wp\/v2\/product\/16897"}],"collection":[{"href":"https:\/\/www.ritsukaparts.com\/br\/wp-json\/wp\/v2\/product"}],"about":[{"href":"https:\/\/www.ritsukaparts.com\/br\/wp-json\/wp\/v2\/types\/product"}],"wp:featuredmedia":[{"embeddable":true,"href":"https:\/\/www.ritsukaparts.com\/br\/wp-json\/wp\/v2\/media\/16950"}],"wp:attachment":[{"href":"https:\/\/www.ritsukaparts.com\/br\/wp-json\/wp\/v2\/media?parent=16897"}],"wp:term":[{"taxonomy":"product_cat","embeddable":true,"href":"https:\/\/www.ritsukaparts.com\/br\/wp-json\/wp\/v2\/product_cat?post=16897"},{"taxonomy":"product_tag","embeddable":true,"href":"https:\/\/www.ritsukaparts.com\/br\/wp-json\/wp\/v2\/product_tag?post=16897"}],"curies":[{"name":"wp","href":"https:\/\/api.w.org\/{rel}","templated":true}]}}