{"id":16898,"date":"2018-09-22T14:46:19","date_gmt":"2018-09-22T09:16:19","guid":{"rendered":"http:\/\/www.ritsukaparts.com\/new\/product\/import-placeholder-for-719\/"},"modified":"2018-11-07T12:59:01","modified_gmt":"2018-11-07T07:29:01","slug":"amortecedor","status":"publish","type":"product","link":"https:\/\/www.ritsukaparts.com\/br\/produtos\/amortecedor\/","title":{"rendered":"Amortecedor"},"content":{"rendered":"","protected":false},"excerpt":{"rendered":"<p>Os amortecedores, na nossa empresa, passam por v\u00e1rias inspe\u00e7\u00f5es de n\u00edvel internacional em cada est\u00e1gio da produ\u00e7\u00e3o, o que nos ajuda a manter nossa alta qualidade. Junto com esse tipo de refer\u00eancia, fabricamos cerca de 100.000 unidades por m\u00eas e uma ampla gama de cerca de 100 modelos diferentes. O bom tempo de produ\u00e7\u00e3o garantindo a entrega r\u00e1pida dos produtos e os nossos processos de produ\u00e7\u00e3o simplificados nos ajudam a atingir 100% de satisfa\u00e7\u00e3o do cliente e qualidade inigual\u00e1vel.<\/p>\n<p class=\"prd-tt-txt\">Caracter\u00edsticas:<\/p>\n<ul>\n<li>Vasta gama (tradicional e mono) adequada para v\u00e1rios modelos de motocicleta<\/li>\n<li>Alta resist\u00eancia<\/li>\n<li>Haste de pist\u00e3o cromada dura\/n\u00edquel para um bom funcionamento<\/li>\n<li>Uso de material de alta qualidade para molas de suspens\u00e3o para aumentar a durabilidade<\/li>\n<li>Design otimizado de sistemas de suspens\u00e3o para suportar altas cargas de trabalho<\/li>\n<li>Sistema hidr\u00e1ulico com carga de g\u00e1s para melhor conforto de condu\u00e7\u00e3o<\/li>\n<li>Suspens\u00f5es anti-descida abrupta para diferentes tipos de estradas<\/li>\n<li>Amortecimento elevado para maior capacidade de absor\u00e7\u00e3o de impacto<\/li>\n<li>Gr\u00e1fico de cavita\u00e7\u00e3o n\u00e3o alterado em 500 ciclos.<\/li>\n<\/ul>\n","protected":false},"featured_media":16952,"template":"","meta":[],"product_cat":[315],"product_tag":[],"_links":{"self":[{"href":"https:\/\/www.ritsukaparts.com\/br\/wp-json\/wp\/v2\/product\/16898"}],"collection":[{"href":"https:\/\/www.ritsukaparts.com\/br\/wp-json\/wp\/v2\/product"}],"about":[{"href":"https:\/\/www.ritsukaparts.com\/br\/wp-json\/wp\/v2\/types\/product"}],"wp:featuredmedia":[{"embeddable":true,"href":"https:\/\/www.ritsukaparts.com\/br\/wp-json\/wp\/v2\/media\/16952"}],"wp:attachment":[{"href":"https:\/\/www.ritsukaparts.com\/br\/wp-json\/wp\/v2\/media?parent=16898"}],"wp:term":[{"taxonomy":"product_cat","embeddable":true,"href":"https:\/\/www.ritsukaparts.com\/br\/wp-json\/wp\/v2\/product_cat?post=16898"},{"taxonomy":"product_tag","embeddable":true,"href":"https:\/\/www.ritsukaparts.com\/br\/wp-json\/wp\/v2\/product_tag?post=16898"}],"curies":[{"name":"wp","href":"https:\/\/api.w.org\/{rel}","templated":true}]}}