{"id":16899,"date":"2018-09-22T14:46:20","date_gmt":"2018-09-22T09:16:20","guid":{"rendered":"http:\/\/www.ritsukaparts.com\/new\/product\/import-placeholder-for-722\/"},"modified":"2018-11-07T13:32:55","modified_gmt":"2018-11-07T08:02:55","slug":"raios-e-pecas-de-encaixe","status":"publish","type":"product","link":"https:\/\/www.ritsukaparts.com\/br\/produtos\/raios-e-pecas-de-encaixe\/","title":{"rendered":"Raios e Pe\u00e7as de encaixe"},"content":{"rendered":"","protected":false},"excerpt":{"rendered":"<p>Somos especializados em fazer raios e pe\u00e7as de encaixe de alto desempenho para uso amador e profissional. Com testes de fadiga que lhes d\u00e3o regularmente as mais altas pontua\u00e7\u00f5es poss\u00edveis, sua for\u00e7a e flexibilidade \u00fanicas os tornam onipresentes em rodas de estrada de alta qualidade.<\/p>\n<p class=\"prd-tt-txt\">Caracter\u00edsticas:<\/p>\n<ul>\n<li>Fabricado em a\u00e7o inoxid\u00e1vel de alta resist\u00eancia \u00e0 fadiga<\/li>\n<li>Peso leve<\/li>\n<li>Resistente a corros\u00e3o<\/li>\n<li>Ultra-leve<\/li>\n<li>Boa resist\u00eancia residual<\/li>\n<li>Alta capacidade de carga<\/li>\n<li>Raio livre de tor\u00e7\u00e3o<\/li>\n<li>Chapeamento de quatro graus<\/li>\n<\/ul>\n","protected":false},"featured_media":16959,"template":"","meta":[],"product_cat":[315],"product_tag":[],"_links":{"self":[{"href":"https:\/\/www.ritsukaparts.com\/br\/wp-json\/wp\/v2\/product\/16899"}],"collection":[{"href":"https:\/\/www.ritsukaparts.com\/br\/wp-json\/wp\/v2\/product"}],"about":[{"href":"https:\/\/www.ritsukaparts.com\/br\/wp-json\/wp\/v2\/types\/product"}],"wp:featuredmedia":[{"embeddable":true,"href":"https:\/\/www.ritsukaparts.com\/br\/wp-json\/wp\/v2\/media\/16959"}],"wp:attachment":[{"href":"https:\/\/www.ritsukaparts.com\/br\/wp-json\/wp\/v2\/media?parent=16899"}],"wp:term":[{"taxonomy":"product_cat","embeddable":true,"href":"https:\/\/www.ritsukaparts.com\/br\/wp-json\/wp\/v2\/product_cat?post=16899"},{"taxonomy":"product_tag","embeddable":true,"href":"https:\/\/www.ritsukaparts.com\/br\/wp-json\/wp\/v2\/product_tag?post=16899"}],"curies":[{"name":"wp","href":"https:\/\/api.w.org\/{rel}","templated":true}]}}