{"id":16900,"date":"2018-09-22T14:46:20","date_gmt":"2018-09-22T09:16:20","guid":{"rendered":"http:\/\/www.ritsukaparts.com\/new\/product\/import-placeholder-for-733\/"},"modified":"2018-11-07T12:55:36","modified_gmt":"2018-11-07T07:25:36","slug":"pastilla-de-freno","status":"publish","type":"product","link":"https:\/\/www.ritsukaparts.com\/br\/produtos\/pastilla-de-freno\/","title":{"rendered":"Pastilla de freno"},"content":{"rendered":"","protected":false},"excerpt":{"rendered":"<p>Projetado e testado para uso predominantemente orientado ao desempenho, nossas pastilhas de freio s\u00e3o o principal n\u00edvel de atualiza\u00e7\u00e3o para qualquer mecanismo de frenagem. Nosso material de atrito empresta excelente qualidade \u00e0s nossas pastilhas de freio, tornando-as superiores \u00e0s demais no mercado.<\/p>\n<p class=\"prd-tt-txt\">Caracter\u00edsticas:<\/p>\n<ul>\n<li>Eles garantem o equil\u00edbrio ideal entre seguran\u00e7a e desempenho, al\u00e9m de minimizar o desgaste das pastilhas e discos do ve\u00edculo<\/li>\n<li>Efic\u00e1cia inicial aumentada (n\u00e3o requer amaciamento)<\/li>\n<li>Alta resist\u00eancia a quebras<\/li>\n<li>Frenagem est\u00e1vel e equilibrada<\/li>\n<li>Proporciona maior resist\u00eancia ao cisalhamento<\/li>\n<li>Ru\u00eddo e vibra\u00e7\u00e3o reduzidos<\/li>\n<li>Revestimento por imers\u00e3o de alt\u00edssima qualidade &#8211; proporciona resist\u00eancia \u00e0 corros\u00e3o para maior durabilidade<\/li>\n<li>N\u00edveis de atrito altos e est\u00e1veis<\/li>\n<li>Feito para executar em intervalos de temperatura extremos<\/li>\n<\/ul>\n","protected":false},"featured_media":16961,"template":"","meta":[],"product_cat":[315],"product_tag":[],"_links":{"self":[{"href":"https:\/\/www.ritsukaparts.com\/br\/wp-json\/wp\/v2\/product\/16900"}],"collection":[{"href":"https:\/\/www.ritsukaparts.com\/br\/wp-json\/wp\/v2\/product"}],"about":[{"href":"https:\/\/www.ritsukaparts.com\/br\/wp-json\/wp\/v2\/types\/product"}],"wp:featuredmedia":[{"embeddable":true,"href":"https:\/\/www.ritsukaparts.com\/br\/wp-json\/wp\/v2\/media\/16961"}],"wp:attachment":[{"href":"https:\/\/www.ritsukaparts.com\/br\/wp-json\/wp\/v2\/media?parent=16900"}],"wp:term":[{"taxonomy":"product_cat","embeddable":true,"href":"https:\/\/www.ritsukaparts.com\/br\/wp-json\/wp\/v2\/product_cat?post=16900"},{"taxonomy":"product_tag","embeddable":true,"href":"https:\/\/www.ritsukaparts.com\/br\/wp-json\/wp\/v2\/product_tag?post=16900"}],"curies":[{"name":"wp","href":"https:\/\/api.w.org\/{rel}","templated":true}]}}