{"id":16901,"date":"2018-09-22T14:46:21","date_gmt":"2018-09-22T09:16:21","guid":{"rendered":"http:\/\/www.ritsukaparts.com\/new\/product\/import-placeholder-for-737\/"},"modified":"2018-11-06T18:47:58","modified_gmt":"2018-11-06T13:17:58","slug":"sapata-de-freio","status":"publish","type":"product","link":"https:\/\/www.ritsukaparts.com\/br\/produtos\/sapata-de-freio\/","title":{"rendered":"Sapata de Freio"},"content":{"rendered":"","protected":false},"excerpt":{"rendered":"<div class=\"woocommerce-product-details__short-description\">\n<p>Em nossa instala\u00e7\u00e3o de projeto e fabrica\u00e7\u00e3o de \u00faltima gera\u00e7\u00e3o, fabricamos uma ampla linha de lonas de freio sem amianto. Nosso lona de freio proporciona a frenagem ideal em todas as condi\u00e7\u00f5es de temperatura, clima e terreno. Projetado para eliminar ru\u00eddos, vibra\u00e7\u00f5es e aspereza, nossa sapata de freio proporciona a melhor experi\u00eancia de frenagem. Nossa qualidade come\u00e7a na superf\u00edcie e vai at\u00e9 as profundezas. Na sapata de freio, oferecemos dois tipos de acabamento &#8211; Jateamento de Areia e Acabamento brilhante Regular. Al\u00e9m de dar \u00e0 pe\u00e7a de reposi\u00e7\u00e3o a apar\u00eancia perfeita, um bom acabamento ajuda a criar uma superf\u00edcie mais macia para um maior funcionamento geral de uma motocicleta.<\/p>\n<p class=\"prd-tt-txt\">Caracter\u00edsticas:<\/p>\n<ul>\n<li>N\u00edveis de fric\u00e7\u00e3o elevados e est\u00e1veis<\/li>\n<li>Muito boa resist\u00eancia ao desgaste<\/li>\n<li>Maior integridade de liga\u00e7\u00e3o<\/li>\n<li>Melhor desempenho e vida \u00fatil<\/li>\n<li>Redu\u00e7\u00e3o de ru\u00eddo e vibra\u00e7\u00e3o<\/li>\n<li>Garante opera\u00e7\u00e3o segura e durabilidade adequada<\/li>\n<li>Formula\u00e7\u00e3o certificada pela ECE-R90<\/li>\n<li>Facilita o contato correto entre a sapata e o tambor para melhor desempenho<\/li>\n<li>Frenagem est\u00e1vel e equilibrada<\/li>\n<li>Proporciona maior resist\u00eancia ao cisalhamento<\/li>\n<li>Redu\u00e7\u00e3o de ru\u00eddo e vibra\u00e7\u00e3o<\/li>\n<\/ul>\n<\/div>\n","protected":false},"featured_media":16963,"template":"","meta":[],"product_cat":[315],"product_tag":[],"_links":{"self":[{"href":"https:\/\/www.ritsukaparts.com\/br\/wp-json\/wp\/v2\/product\/16901"}],"collection":[{"href":"https:\/\/www.ritsukaparts.com\/br\/wp-json\/wp\/v2\/product"}],"about":[{"href":"https:\/\/www.ritsukaparts.com\/br\/wp-json\/wp\/v2\/types\/product"}],"wp:featuredmedia":[{"embeddable":true,"href":"https:\/\/www.ritsukaparts.com\/br\/wp-json\/wp\/v2\/media\/16963"}],"wp:attachment":[{"href":"https:\/\/www.ritsukaparts.com\/br\/wp-json\/wp\/v2\/media?parent=16901"}],"wp:term":[{"taxonomy":"product_cat","embeddable":true,"href":"https:\/\/www.ritsukaparts.com\/br\/wp-json\/wp\/v2\/product_cat?post=16901"},{"taxonomy":"product_tag","embeddable":true,"href":"https:\/\/www.ritsukaparts.com\/br\/wp-json\/wp\/v2\/product_tag?post=16901"}],"curies":[{"name":"wp","href":"https:\/\/api.w.org\/{rel}","templated":true}]}}