{"id":16902,"date":"2018-09-22T14:46:21","date_gmt":"2018-09-22T09:16:21","guid":{"rendered":"http:\/\/www.ritsukaparts.com\/new\/product\/import-placeholder-for-742\/"},"modified":"2018-11-02T14:29:20","modified_gmt":"2018-11-02T08:59:20","slug":"lampada","status":"publish","type":"product","link":"https:\/\/www.ritsukaparts.com\/br\/produtos\/lampada\/","title":{"rendered":"L\u00e2mpada"},"content":{"rendered":"","protected":false},"excerpt":{"rendered":"<p>N\u00f3s fabricamos uma ampla linha de l\u00e2mpadas hal\u00f3genas e normais para as principais marcas de motocicletas. A ilumina\u00e7\u00e3o perfeita \u00e9 especialmente importante na dist\u00e2ncia &#8211; normalmente entre 75 a 100 metros na frente do seu ve\u00edculo. Com Ritsuka voc\u00ea pode ver at\u00e9 mais 45 metros e, por sua vez, tem mais tempo de rea\u00e7\u00e3o. Nossas l\u00e2mpadas de halog\u00eanio aumentam sua visibilidade com uma luz mais brilhante na estrada. Isso ajuda voc\u00ea a reconhecer quaisquer poss\u00edveis obst\u00e1culos e dificuldades antes de qualquer outro farol na estrada.<\/p>\n<p class=\"prd-tt-txt\">Caracter\u00edsticas:<\/p>\n<ul>\n<li>Alta qualidade e durabilidade<\/li>\n<li>Fabricado de forma a proporcionar uma excelente produ\u00e7\u00e3o de luz e longa vida \u00fatil<\/li>\n<li>Alto fluxo luminoso<\/li>\n<li>Fluxo luminoso constante durante toda a vida \u00fatil da l\u00e2mpada<\/li>\n<li>Pe\u00e7as de reposi\u00e7\u00e3o originais<\/li>\n<li>At\u00e9 o triplo da vida \u00fatil (em compara\u00e7\u00e3o com l\u00e2mpadas padr\u00e3o)<\/li>\n<li>Apar\u00eancia elegante \u00b7 Sem efeitos de cor irritantes<\/li>\n<li>Design de filamento otimizado<\/li>\n<li>CCT Homologado<\/li>\n<li>Resistente \u00e0 vibra\u00e7\u00e3o<\/li>\n<\/ul>\n<div class=\"txt-cntr\">\n<p class=\"prd-tt-txt\">Componentes Principais da L\u00e1mpada de Halog\u00eanio<\/p>\n<p><img decoding=\"async\" loading=\"lazy\" class=\" wp-image-18373 aligncenter\" src=\"http:\/\/www.ritsukaparts.com\/br\/wp-content\/uploads\/2018\/09\/ribr6.png\" alt=\"\" width=\"573\" height=\"295\" srcset=\"https:\/\/www.ritsukaparts.com\/br\/wp-content\/uploads\/2018\/09\/ribr6.png 620w, https:\/\/www.ritsukaparts.com\/br\/wp-content\/uploads\/2018\/09\/ribr6-300x154.png 300w, https:\/\/www.ritsukaparts.com\/br\/wp-content\/uploads\/2018\/09\/ribr6-117x60.png 117w, https:\/\/www.ritsukaparts.com\/br\/wp-content\/uploads\/2018\/09\/ribr6-200x103.png 200w, https:\/\/www.ritsukaparts.com\/br\/wp-content\/uploads\/2018\/09\/ribr6-600x309.png 600w\" sizes=\"(max-width: 573px) 100vw, 573px\" \/><\/p>\n<\/div>\n","protected":false},"featured_media":16965,"template":"","meta":[],"product_cat":[316],"product_tag":[],"_links":{"self":[{"href":"https:\/\/www.ritsukaparts.com\/br\/wp-json\/wp\/v2\/product\/16902"}],"collection":[{"href":"https:\/\/www.ritsukaparts.com\/br\/wp-json\/wp\/v2\/product"}],"about":[{"href":"https:\/\/www.ritsukaparts.com\/br\/wp-json\/wp\/v2\/types\/product"}],"wp:featuredmedia":[{"embeddable":true,"href":"https:\/\/www.ritsukaparts.com\/br\/wp-json\/wp\/v2\/media\/16965"}],"wp:attachment":[{"href":"https:\/\/www.ritsukaparts.com\/br\/wp-json\/wp\/v2\/media?parent=16902"}],"wp:term":[{"taxonomy":"product_cat","embeddable":true,"href":"https:\/\/www.ritsukaparts.com\/br\/wp-json\/wp\/v2\/product_cat?post=16902"},{"taxonomy":"product_tag","embeddable":true,"href":"https:\/\/www.ritsukaparts.com\/br\/wp-json\/wp\/v2\/product_tag?post=16902"}],"curies":[{"name":"wp","href":"https:\/\/api.w.org\/{rel}","templated":true}]}}