{"id":16903,"date":"2018-09-22T14:46:23","date_gmt":"2018-09-22T09:16:23","guid":{"rendered":"http:\/\/www.ritsukaparts.com\/new\/product\/import-placeholder-for-745\/"},"modified":"2018-10-31T18:02:55","modified_gmt":"2018-10-31T12:32:55","slug":"corrento","status":"publish","type":"product","link":"https:\/\/www.ritsukaparts.com\/br\/produtos\/corrento\/","title":{"rendered":"Corrente"},"content":{"rendered":"","protected":false},"excerpt":{"rendered":"<p>N\u00f3s nos concentramos em conceitos b\u00e1sicos na fabrica\u00e7\u00e3o de correntes para criar um produto perfeito. Nosso b\u00e1sico detalha que uma corrente de rolos \u00e9 usada para conectar duas rodas dentadas e transferir o torque. As Corrente de rolos s\u00e3o compostas de uma s\u00e9rie de elos internos e externos conectados para formar um eixo flex\u00edvel. N\u00f3s constru\u00edmos nosso conhecimento e experi\u00eancia para fortalecer ainda mais a precis\u00e3o e a engenharia. Cada uma das pe\u00e7as singulares \u00e9 finamente fabricada com qualidade e durabilidade superiores, a partir da excepcional mat\u00e9ria-prima ou processos aprimorados.<\/p>\n<p><img decoding=\"async\" loading=\"lazy\" class=\"size-full wp-image-18341 aligncenter\" src=\"http:\/\/www.ritsukaparts.com\/br\/wp-content\/uploads\/2018\/09\/rikbr10.png\" alt=\"\" width=\"794\" height=\"213\" srcset=\"https:\/\/www.ritsukaparts.com\/br\/wp-content\/uploads\/2018\/09\/rikbr10.png 794w, https:\/\/www.ritsukaparts.com\/br\/wp-content\/uploads\/2018\/09\/rikbr10-300x80.png 300w, https:\/\/www.ritsukaparts.com\/br\/wp-content\/uploads\/2018\/09\/rikbr10-768x206.png 768w, https:\/\/www.ritsukaparts.com\/br\/wp-content\/uploads\/2018\/09\/rikbr10-117x31.png 117w, https:\/\/www.ritsukaparts.com\/br\/wp-content\/uploads\/2018\/09\/rikbr10-200x54.png 200w, https:\/\/www.ritsukaparts.com\/br\/wp-content\/uploads\/2018\/09\/rikbr10-600x161.png 600w\" sizes=\"(max-width: 794px) 100vw, 794px\" \/><\/p>\n<p>Elos Externos consistem em duas placas externas que s\u00e3o conectadas por dois pinos que s\u00e3o pressionados em cada placa. Os pinos no elo externo passam pelo interior das buchas quando os elos interno e externo s\u00e3o montados. Os pinos podem girar livremente no interior das buchas.<\/p>\n<p>Elos Internos consiste em duas placas internas conectadas por duas buchas ocas, que s\u00e3o pressionadas em cada placa. Os dentes da roda dentada contactam a superf\u00edcie das buchas quando a corrente \u00e9 enrolada em torno de uma roda dentada. Passo \u00e9 a dist\u00e2ncia entre os centros de dois pinos adjacentes. Passo~s comuns s\u00e3o 0.25\u201d, conhecido como #25, e 0.375\u201d(#35).<\/p>\n<p>A seguran\u00e7a e o conforto de um motociclista, \u00e9 a nossa principal raz\u00e3o e o que nos impulsiona a fabricar o melhor produto. As amostras das correntes fabricadas finalizadas passam por testes rigorosos em laborat\u00f3rios de testes de \u00faltima gera\u00e7\u00e3o para alta velocidade e carga para avaliar seu desempenho e manter os padr\u00f5es internacionais. Todas as correntes s\u00e3o pr\u00e9-lubrificadas com lubrificantes especiais para garantir uma longa vida operacional.<\/p>\n","protected":false},"featured_media":16967,"template":"","meta":[],"product_cat":[317],"product_tag":[],"_links":{"self":[{"href":"https:\/\/www.ritsukaparts.com\/br\/wp-json\/wp\/v2\/product\/16903"}],"collection":[{"href":"https:\/\/www.ritsukaparts.com\/br\/wp-json\/wp\/v2\/product"}],"about":[{"href":"https:\/\/www.ritsukaparts.com\/br\/wp-json\/wp\/v2\/types\/product"}],"wp:featuredmedia":[{"embeddable":true,"href":"https:\/\/www.ritsukaparts.com\/br\/wp-json\/wp\/v2\/media\/16967"}],"wp:attachment":[{"href":"https:\/\/www.ritsukaparts.com\/br\/wp-json\/wp\/v2\/media?parent=16903"}],"wp:term":[{"taxonomy":"product_cat","embeddable":true,"href":"https:\/\/www.ritsukaparts.com\/br\/wp-json\/wp\/v2\/product_cat?post=16903"},{"taxonomy":"product_tag","embeddable":true,"href":"https:\/\/www.ritsukaparts.com\/br\/wp-json\/wp\/v2\/product_tag?post=16903"}],"curies":[{"name":"wp","href":"https:\/\/api.w.org\/{rel}","templated":true}]}}