{"id":16904,"date":"2018-09-22T14:46:25","date_gmt":"2018-09-22T09:16:25","guid":{"rendered":"http:\/\/www.ritsukaparts.com\/new\/product\/import-placeholder-for-749\/"},"modified":"2018-11-07T15:28:03","modified_gmt":"2018-11-07T09:58:03","slug":"cdi","status":"publish","type":"product","link":"https:\/\/www.ritsukaparts.com\/br\/produtos\/cdi\/","title":{"rendered":"CDI"},"content":{"rendered":"","protected":false},"excerpt":{"rendered":"<p>Utilizamos a mais moderna tecnologia aliada a quase uma d\u00e9cada de trabalho e dedica\u00e7\u00e3o. Somos superioridade em qualidade com nossa tecnologia de \u00faltima gera\u00e7\u00e3o e outros recursos.<\/p>\n<p class=\"prd-tt-txt\">Caracter\u00edsticas:<\/p>\n<ul>\n<li>Os transistores s\u00e3o substitu\u00eddos pelo MOSFET para aumentar a efici\u00eancia<\/li>\n<li>Circuito preciso para opera\u00e7\u00e3o livre de erros<\/li>\n<li>Circuito Integrado Philips para melhor vida de programa\u00e7\u00e3o<\/li>\n<li>Capacitor de alta capacidade para baixo uso de RPM<\/li>\n<li>Tomada de Nylon PA66 a prova de calor e \u00e0 prova de fogo<\/li>\n<\/ul>\n","protected":false},"featured_media":16974,"template":"","meta":[],"product_cat":[316],"product_tag":[],"_links":{"self":[{"href":"https:\/\/www.ritsukaparts.com\/br\/wp-json\/wp\/v2\/product\/16904"}],"collection":[{"href":"https:\/\/www.ritsukaparts.com\/br\/wp-json\/wp\/v2\/product"}],"about":[{"href":"https:\/\/www.ritsukaparts.com\/br\/wp-json\/wp\/v2\/types\/product"}],"wp:featuredmedia":[{"embeddable":true,"href":"https:\/\/www.ritsukaparts.com\/br\/wp-json\/wp\/v2\/media\/16974"}],"wp:attachment":[{"href":"https:\/\/www.ritsukaparts.com\/br\/wp-json\/wp\/v2\/media?parent=16904"}],"wp:term":[{"taxonomy":"product_cat","embeddable":true,"href":"https:\/\/www.ritsukaparts.com\/br\/wp-json\/wp\/v2\/product_cat?post=16904"},{"taxonomy":"product_tag","embeddable":true,"href":"https:\/\/www.ritsukaparts.com\/br\/wp-json\/wp\/v2\/product_tag?post=16904"}],"curies":[{"name":"wp","href":"https:\/\/api.w.org\/{rel}","templated":true}]}}