{"id":16905,"date":"2018-09-22T14:46:26","date_gmt":"2018-09-22T09:16:26","guid":{"rendered":"http:\/\/www.ritsukaparts.com\/new\/product\/import-placeholder-for-845\/"},"modified":"2018-11-07T15:57:51","modified_gmt":"2018-11-07T10:27:51","slug":"pisca","status":"publish","type":"product","link":"https:\/\/www.ritsukaparts.com\/br\/produtos\/pisca\/","title":{"rendered":"Pisca"},"content":{"rendered":"","protected":false},"excerpt":{"rendered":"<p>Fabricamos piscas de motocicleta de alto desempenho que oferecem \u00f3tima qualidade e s\u00e3o mais adequados para atender \u00e0s demandas dos clientes. Investimos em equipamentos de alto n\u00edvel que nos permitem ter controle sobre os processos de fabrica\u00e7\u00e3o, o que garante um bom n\u00edvel de qualidade.<\/p>\n<p class=\"prd-tt-txt\">Caracter\u00edsticas:<\/p>\n<ul>\n<li>Circuito preciso para a opera\u00e7\u00e3o livre de erros<\/li>\n<li>Circuito Integrado Philips para melhor vida de programa\u00e7\u00e3o<\/li>\n<li>Capacitor de alta capacidade para restaura\u00e7\u00e3o de energia.<\/li>\n<li>Tomada de nylon PA66 a prova de calor e \u00e0 prova de fogo<\/li>\n<\/ul>\n","protected":false},"featured_media":16976,"template":"","meta":[],"product_cat":[316],"product_tag":[],"_links":{"self":[{"href":"https:\/\/www.ritsukaparts.com\/br\/wp-json\/wp\/v2\/product\/16905"}],"collection":[{"href":"https:\/\/www.ritsukaparts.com\/br\/wp-json\/wp\/v2\/product"}],"about":[{"href":"https:\/\/www.ritsukaparts.com\/br\/wp-json\/wp\/v2\/types\/product"}],"wp:featuredmedia":[{"embeddable":true,"href":"https:\/\/www.ritsukaparts.com\/br\/wp-json\/wp\/v2\/media\/16976"}],"wp:attachment":[{"href":"https:\/\/www.ritsukaparts.com\/br\/wp-json\/wp\/v2\/media?parent=16905"}],"wp:term":[{"taxonomy":"product_cat","embeddable":true,"href":"https:\/\/www.ritsukaparts.com\/br\/wp-json\/wp\/v2\/product_cat?post=16905"},{"taxonomy":"product_tag","embeddable":true,"href":"https:\/\/www.ritsukaparts.com\/br\/wp-json\/wp\/v2\/product_tag?post=16905"}],"curies":[{"name":"wp","href":"https:\/\/api.w.org\/{rel}","templated":true}]}}