{"id":16970,"date":"2018-09-22T14:48:18","date_gmt":"2018-09-22T09:18:18","guid":{"rendered":"http:\/\/www.ritsukaparts.com\/new\/product\/import-placeholder-for-1000\/"},"modified":"2018-11-05T15:52:03","modified_gmt":"2018-11-05T10:22:03","slug":"ey-831-mobilete","status":"publish","type":"product","link":"https:\/\/www.ritsukaparts.com\/br\/produtos\/ey-831-mobilete\/","title":{"rendered":"EY-831-MOBILETE"},"content":{"rendered":"","protected":false},"excerpt":{"rendered":"<p class=\"prd-tt-txt\">CARACTERISTICAS &amp; BENEF\u00cdCIOS<\/p>\n<ul class=\"nuestra-dist-list-item\">\n<li>Super alto desempenho<\/li>\n<li>Forma de V desenho<\/li>\n<li>Avan\u00e7ado desempenho ader\u00eancia<\/li>\n<li>Excelente efici\u00eancia de combust\u00edvel<\/li>\n<li>Alta quilometragem<\/li>\n<li>Carona em conforto<\/li>\n<li>Durante toda a temporada de rodagem<\/li>\n<li>Nervura central desenho<\/li>\n<li>Estabilidade de manipula\u00e7\u00e3o de alta velocidade<\/li>\n<li>Reduz as emiss\u00f5es de CO2<\/li>\n<li>Melhor resist\u00eancia ao rolamento<\/li>\n<li>Reduz a resist\u00eancia ao rolamento<\/li>\n<li>Pegada otimizada para um passeio super silencioso<\/li>\n<li>Ranhuras circunferenciais grande ajudar na evacua\u00e7\u00e3o de \u00e1gua durante as influ\u00eancias atmosf\u00e9ricas<\/li>\n<li>Vida altamente dur\u00e1vel e longa<\/li>\n<li>Excelente ader\u00eancia<\/li>\n<\/ul>\n","protected":false},"featured_media":17029,"template":"","meta":[],"product_cat":[318,321],"product_tag":[],"_links":{"self":[{"href":"https:\/\/www.ritsukaparts.com\/br\/wp-json\/wp\/v2\/product\/16970"}],"collection":[{"href":"https:\/\/www.ritsukaparts.com\/br\/wp-json\/wp\/v2\/product"}],"about":[{"href":"https:\/\/www.ritsukaparts.com\/br\/wp-json\/wp\/v2\/types\/product"}],"wp:featuredmedia":[{"embeddable":true,"href":"https:\/\/www.ritsukaparts.com\/br\/wp-json\/wp\/v2\/media\/17029"}],"wp:attachment":[{"href":"https:\/\/www.ritsukaparts.com\/br\/wp-json\/wp\/v2\/media?parent=16970"}],"wp:term":[{"taxonomy":"product_cat","embeddable":true,"href":"https:\/\/www.ritsukaparts.com\/br\/wp-json\/wp\/v2\/product_cat?post=16970"},{"taxonomy":"product_tag","embeddable":true,"href":"https:\/\/www.ritsukaparts.com\/br\/wp-json\/wp\/v2\/product_tag?post=16970"}],"curies":[{"name":"wp","href":"https:\/\/api.w.org\/{rel}","templated":true}]}}