{"id":16989,"date":"2018-09-22T14:48:48","date_gmt":"2018-09-22T09:18:48","guid":{"rendered":"http:\/\/www.ritsukaparts.com\/new\/product\/import-placeholder-for-1032\/"},"modified":"2018-11-05T14:43:48","modified_gmt":"2018-11-05T09:13:48","slug":"ey-035-fora-da-estrada","status":"publish","type":"product","link":"https:\/\/www.ritsukaparts.com\/br\/produtos\/ey-035-fora-da-estrada\/","title":{"rendered":"EY-035-FORA DA ESTRADA"},"content":{"rendered":"","protected":false},"excerpt":{"rendered":"<p class=\"prd-tt-txt\">CARACTERISTICAS &amp; BENEF\u00cdCIOS<\/p>\n<ul class=\"nuestra-dist-list-item\">\n<li>Super alto desempenho<\/li>\n<li>Excelente design de curvas<\/li>\n<li>Padr\u00e3o de piso multi-terreno<\/li>\n<li>Blocos de piso precisos para condi\u00e7\u00f5es espec\u00edficas de condu\u00e7\u00e3o<\/li>\n<li>Tra\u00e7\u00e3o excepcional em condi\u00e7\u00f5es extremas<\/li>\n<li>Vida de rodada longa<\/li>\n<li>Melhor resist\u00eancia ao rolamento<\/li>\n<li>Excelente estabilidade em alta velocidade<\/li>\n<li>Alta resist\u00eancia \u00e0 tra\u00e7\u00e3o<\/li>\n<li>Vida altamente dur\u00e1vel e longa<\/li>\n<li>Excelente ader\u00eancia<\/li>\n<\/ul>\n","protected":false},"featured_media":17487,"template":"","meta":[],"product_cat":[318,323],"product_tag":[],"_links":{"self":[{"href":"https:\/\/www.ritsukaparts.com\/br\/wp-json\/wp\/v2\/product\/16989"}],"collection":[{"href":"https:\/\/www.ritsukaparts.com\/br\/wp-json\/wp\/v2\/product"}],"about":[{"href":"https:\/\/www.ritsukaparts.com\/br\/wp-json\/wp\/v2\/types\/product"}],"wp:featuredmedia":[{"embeddable":true,"href":"https:\/\/www.ritsukaparts.com\/br\/wp-json\/wp\/v2\/media\/17487"}],"wp:attachment":[{"href":"https:\/\/www.ritsukaparts.com\/br\/wp-json\/wp\/v2\/media?parent=16989"}],"wp:term":[{"taxonomy":"product_cat","embeddable":true,"href":"https:\/\/www.ritsukaparts.com\/br\/wp-json\/wp\/v2\/product_cat?post=16989"},{"taxonomy":"product_tag","embeddable":true,"href":"https:\/\/www.ritsukaparts.com\/br\/wp-json\/wp\/v2\/product_tag?post=16989"}],"curies":[{"name":"wp","href":"https:\/\/api.w.org\/{rel}","templated":true}]}}