{"id":17027,"date":"2018-09-22T14:49:51","date_gmt":"2018-09-22T09:19:51","guid":{"rendered":"http:\/\/www.ritsukaparts.com\/new\/product\/import-placeholder-for-1087\/"},"modified":"2020-12-19T15:38:45","modified_gmt":"2020-12-19T10:08:45","slug":"ey-029-rua","status":"publish","type":"product","link":"https:\/\/www.ritsukaparts.com\/br\/produtos\/ey-029-rua\/","title":{"rendered":"EY-029-Rua"},"content":{"rendered":"","protected":false},"excerpt":{"rendered":"<p class=\"prd-tt-txt\">CARACTERISTICAS &amp; BENEF\u00cdCIOS<\/p>\n<ul class=\"nuestra-dist-list-item\">\n<li>Super alto desempenho<\/li>\n<li>Excelente design de curvas<\/li>\n<li>Padr\u00e3o de piso multi-terreno<\/li>\n<li>Blocos de piso precisos para condi\u00e7\u00f5es espec\u00edficas de condu\u00e7\u00e3o<\/li>\n<li>Tra\u00e7\u00e3o excepcional em condi\u00e7\u00f5es extremas<\/li>\n<li>Vida de rodada longa<\/li>\n<li>Melhor resist\u00eancia ao rolamento<\/li>\n<li>Excelente estabilidade em alta velocidade<\/li>\n<li>Alta resist\u00eancia \u00e0 tra\u00e7\u00e3o<\/li>\n<li>Vida altamente dur\u00e1vel e longa<\/li>\n<li>Excelente ader\u00eancia<\/li>\n<\/ul>\n","protected":false},"featured_media":17545,"template":"","meta":[],"product_cat":[318,319],"product_tag":[],"_links":{"self":[{"href":"https:\/\/www.ritsukaparts.com\/br\/wp-json\/wp\/v2\/product\/17027"}],"collection":[{"href":"https:\/\/www.ritsukaparts.com\/br\/wp-json\/wp\/v2\/product"}],"about":[{"href":"https:\/\/www.ritsukaparts.com\/br\/wp-json\/wp\/v2\/types\/product"}],"wp:featuredmedia":[{"embeddable":true,"href":"https:\/\/www.ritsukaparts.com\/br\/wp-json\/wp\/v2\/media\/17545"}],"wp:attachment":[{"href":"https:\/\/www.ritsukaparts.com\/br\/wp-json\/wp\/v2\/media?parent=17027"}],"wp:term":[{"taxonomy":"product_cat","embeddable":true,"href":"https:\/\/www.ritsukaparts.com\/br\/wp-json\/wp\/v2\/product_cat?post=17027"},{"taxonomy":"product_tag","embeddable":true,"href":"https:\/\/www.ritsukaparts.com\/br\/wp-json\/wp\/v2\/product_tag?post=17027"}],"curies":[{"name":"wp","href":"https:\/\/api.w.org\/{rel}","templated":true}]}}