{"id":17039,"date":"2018-09-22T14:50:15","date_gmt":"2018-09-22T09:20:15","guid":{"rendered":"http:\/\/www.ritsukaparts.com\/new\/product\/import-placeholder-for-1094\/"},"modified":"2018-10-31T17:00:49","modified_gmt":"2018-10-31T11:30:49","slug":"corona","status":"publish","type":"product","link":"https:\/\/www.ritsukaparts.com\/br\/produtos\/corona\/","title":{"rendered":"Corona"},"content":{"rendered":"<div id=\"style-4\" class=\"table-scrl\">\n<p><img decoding=\"async\" loading=\"lazy\" class=\"size-full wp-image-18338 aligncenter\" src=\"http:\/\/www.ritsukaparts.com\/br\/wp-content\/uploads\/2018\/09\/rikbr8.png\" alt=\"\" width=\"720\" height=\"435\" srcset=\"https:\/\/www.ritsukaparts.com\/br\/wp-content\/uploads\/2018\/09\/rikbr8.png 720w, https:\/\/www.ritsukaparts.com\/br\/wp-content\/uploads\/2018\/09\/rikbr8-300x181.png 300w, https:\/\/www.ritsukaparts.com\/br\/wp-content\/uploads\/2018\/09\/rikbr8-109x66.png 109w, https:\/\/www.ritsukaparts.com\/br\/wp-content\/uploads\/2018\/09\/rikbr8-200x121.png 200w, https:\/\/www.ritsukaparts.com\/br\/wp-content\/uploads\/2018\/09\/rikbr8-600x363.png 600w\" sizes=\"(max-width: 720px) 100vw, 720px\" \/><\/p>\n<ul>\n<li>N\u00famero de dentes \u00e9 a contagem total do n\u00famero de dentes (proje\u00e7\u00f5es) ao redor de toda a circunfer\u00eancia de uma roda dentada. Para as rodas dentadas com poucos dentes, \u00e9 f\u00e1cil simplesmente contar o n\u00famero de dentes. No entanto, para as rodas dentadas com um n\u00famero maior de dentes, tentar contar os dentes pode n\u00e3o ser muito pr\u00e1tico ou preciso.<\/li>\n<li>O Passo Diametral (PD) \u00e9 um c\u00edrculo imagin\u00e1rio que \u00e9 tra\u00e7ado pelo centro dos pinos da corrente quando a roda dentada gira enquanto engrenada com uma corrente. A rela\u00e7\u00e3o entre o passo diametral entre as rodas dentadas pode ser usada para calcular a rela\u00e7\u00e3o de engrenagem, por\u00e9m mais comumente e de forma muito mais simples a propor\u00e7\u00e3o do n\u00famero de dentes \u00e9 usada para este c\u00e1lculo.<\/li>\n<li>O passo representa a quantidade de passo diametral em polegadas por dente. Engrenagens com afastamento maior ter\u00e3o dentes maiores. Common pitches are 0.25\u201d, conhecidos como #25, e 0.375\u201d(#35).<\/li>\n<li>O Di\u00e2metro Externo (OD) ser\u00e1 sempre maior que o di\u00e2metro de afastamento, mas menor que o di\u00e2metro da folga da corrente. O di\u00e2metro externo n\u00e3o leva em conta o di\u00e2metro adicional adicionado pela corrente, portanto, n\u00e3o deve ser usado para verificar a interfer\u00eancia na montage<\/li>\n<li>O Di\u00e2metro de Folga da Corrente \u00e9 o di\u00e2metro externo de uma roda dentada com corrente enrolada ao redor. O di\u00e2metro da folga da corrente ser\u00e1 sempre maior que o di\u00e2metro do passo e o di\u00e2metro externo. O di\u00e2metro da folga da corrente deve ser usado ao verificar a interfer\u00eancia ao colocar as rodas dentadas muito pr\u00f3ximas de outras estruturas.<\/li>\n<\/ul>\n<p>N\u00f3s da Ritsuka entendemos a precis\u00e3o e a engenharia de cada pe\u00e7a sobressalente em seu n\u00facleo e nosso conhecimento e abordagem focada nos levam a criar rodas dentadas de exce\u00e7\u00e3o para v\u00e1rios modelos de motocicleta.<\/p>\n<\/div>\n","protected":false},"excerpt":{"rendered":"<div id=\"style-4\" class=\"table-scrl\">\n<p>N\u00f3s fabricamos Rodas Dentadas superiores devido a excelentes mat\u00e9rias-primas e nossa ades\u00e3o ao rigoroso controle de qualidade. Empregamos o melhor tipo de A\u00e7o de Alto Carbono para rodas dentadas traseiras e Liga de A\u00e7o para rodas dentadas dianteiras. Nossas unidades de fabrica\u00e7\u00e3o s\u00e3o totalmente equipadas com m\u00e1quinas de alta precis\u00e3o de \u00faltima gera\u00e7\u00e3o, juntamente com a \u00faltima gera\u00e7\u00e3o de projetos de computadores CNC e equipamentos de corte de metal controlados por computador que nos permitem criar as melhores rodas dentadas para sua motocicleta.<\/p>\n<p>Revendo a anatomia b\u00e1sica das Rodas Dentadas, estas s\u00e3o pe\u00e7as rotativas com dentes que s\u00e3o usados em conjunto com uma corrente e, quase sempre, pelo menos uma outra roda dentada para transmitir o torque. As rodas dentadas e a corrente podem ser usadas para alterar a velocidade, o torque ou a dire\u00e7\u00e3o original de um motor. Para que as rodas dentadas e a corrente sejam compat\u00edveis entre si, elas devem ter a mesma espessura e inclina\u00e7\u00e3o. Para que as rodas dentadas e a corrente funcionem eficazmente, todas as rodas dentadas devem estar em eixos paralelos com os dentes correspondentes no mesmo plano<\/p>\n<\/div>\n","protected":false},"featured_media":17091,"template":"","meta":[],"product_cat":[317],"product_tag":[],"_links":{"self":[{"href":"https:\/\/www.ritsukaparts.com\/br\/wp-json\/wp\/v2\/product\/17039"}],"collection":[{"href":"https:\/\/www.ritsukaparts.com\/br\/wp-json\/wp\/v2\/product"}],"about":[{"href":"https:\/\/www.ritsukaparts.com\/br\/wp-json\/wp\/v2\/types\/product"}],"wp:featuredmedia":[{"embeddable":true,"href":"https:\/\/www.ritsukaparts.com\/br\/wp-json\/wp\/v2\/media\/17091"}],"wp:attachment":[{"href":"https:\/\/www.ritsukaparts.com\/br\/wp-json\/wp\/v2\/media?parent=17039"}],"wp:term":[{"taxonomy":"product_cat","embeddable":true,"href":"https:\/\/www.ritsukaparts.com\/br\/wp-json\/wp\/v2\/product_cat?post=17039"},{"taxonomy":"product_tag","embeddable":true,"href":"https:\/\/www.ritsukaparts.com\/br\/wp-json\/wp\/v2\/product_tag?post=17039"}],"curies":[{"name":"wp","href":"https:\/\/api.w.org\/{rel}","templated":true}]}}