{"id":17040,"date":"2018-09-22T14:50:17","date_gmt":"2018-09-22T09:20:17","guid":{"rendered":"http:\/\/www.ritsukaparts.com\/new\/product\/import-placeholder-for-1100\/"},"modified":"2018-11-07T16:05:26","modified_gmt":"2018-11-07T10:35:26","slug":"painel-de-instrumentos","status":"publish","type":"product","link":"https:\/\/www.ritsukaparts.com\/br\/produtos\/painel-de-instrumentos\/","title":{"rendered":"Painel de Instrumentos"},"content":{"rendered":"","protected":false},"excerpt":{"rendered":"<p>N\u00f3s fabricamos uma ampla gama de Veloc\u00edmetros e Pain\u00e9is de Instrumentos. Acreditamos na fabrica\u00e7\u00e3o pr\u00f3pria rigorosa de pe\u00e7as mi\u00fadas.<\/p>\n<p class=\"prd-tt-txt\">Vantagens<\/p>\n<ul>\n<li>F\u00e1cil de ler ponteiros e placas de discagem.<\/li>\n<li>Tecnologia de exibi\u00e7\u00e3o digital<\/li>\n<li>Design atraente<\/li>\n<li>Visor anti-reflexo<\/li>\n<li>Longa Capacidade de Manuten\u00e7\u00e3o<\/li>\n<li>\u00c0 prova de \u00e1gua<\/li>\n<li>\u00c0 prova de poeira<\/li>\n<\/ul>\n","protected":false},"featured_media":17093,"template":"","meta":[],"product_cat":[316],"product_tag":[],"_links":{"self":[{"href":"https:\/\/www.ritsukaparts.com\/br\/wp-json\/wp\/v2\/product\/17040"}],"collection":[{"href":"https:\/\/www.ritsukaparts.com\/br\/wp-json\/wp\/v2\/product"}],"about":[{"href":"https:\/\/www.ritsukaparts.com\/br\/wp-json\/wp\/v2\/types\/product"}],"wp:featuredmedia":[{"embeddable":true,"href":"https:\/\/www.ritsukaparts.com\/br\/wp-json\/wp\/v2\/media\/17093"}],"wp:attachment":[{"href":"https:\/\/www.ritsukaparts.com\/br\/wp-json\/wp\/v2\/media?parent=17040"}],"wp:term":[{"taxonomy":"product_cat","embeddable":true,"href":"https:\/\/www.ritsukaparts.com\/br\/wp-json\/wp\/v2\/product_cat?post=17040"},{"taxonomy":"product_tag","embeddable":true,"href":"https:\/\/www.ritsukaparts.com\/br\/wp-json\/wp\/v2\/product_tag?post=17040"}],"curies":[{"name":"wp","href":"https:\/\/api.w.org\/{rel}","templated":true}]}}