{"id":17042,"date":"2018-09-22T14:50:18","date_gmt":"2018-09-22T09:20:18","guid":{"rendered":"http:\/\/www.ritsukaparts.com\/new\/product\/import-placeholder-for-1105\/"},"modified":"2018-11-02T15:05:35","modified_gmt":"2018-11-02T09:35:35","slug":"componentes-para-luzes","status":"publish","type":"product","link":"https:\/\/www.ritsukaparts.com\/br\/produtos\/componentes-para-luzes\/","title":{"rendered":"Componentes para luzes"},"content":{"rendered":"","protected":false},"excerpt":{"rendered":"<p>N\u00f3s fabricamos cerca de 100 mil unidades de luzes e componentes em um m\u00eas e cada um sob rigoroso controle de qualidade. Tamb\u00e9m produzimos uma ampla gama dessas pe\u00e7as de reposi\u00e7\u00e3o para a maioria das principais marcas de motocicletas em todo o mundo. Nossas luzes s\u00e3o produzidas de acordo com o limite de desenho e toler\u00e2ncia, eliminando assim todos os problemas de montagem. Nosso prazo de entrega de produ\u00e7\u00e3o adequado, garantindo entregas a tempo.<\/p>\n<p class=\"prd-tt-txt\">Caracter\u00edsticas:<\/p>\n<ul>\n<li>Longo Raio de Feixe<\/li>\n<li>Alta Durabilidade<\/li>\n<li>Compacto e Leve<\/li>\n<li>Design de refletor otimizado<\/li>\n<li>Alto fluxo luminoso<\/li>\n<li>Fluxo luminoso constante ao longo da vida \u00fatil da l\u00e2mpada<\/li>\n<li>\u00c0 prova de \u00e1gua<\/li>\n<li>Sa\u00edda regulada<\/li>\n<li>Descarga de alta densidade<\/li>\n<\/ul>\n","protected":false},"featured_media":17096,"template":"","meta":[],"product_cat":[316],"product_tag":[],"_links":{"self":[{"href":"https:\/\/www.ritsukaparts.com\/br\/wp-json\/wp\/v2\/product\/17042"}],"collection":[{"href":"https:\/\/www.ritsukaparts.com\/br\/wp-json\/wp\/v2\/product"}],"about":[{"href":"https:\/\/www.ritsukaparts.com\/br\/wp-json\/wp\/v2\/types\/product"}],"wp:featuredmedia":[{"embeddable":true,"href":"https:\/\/www.ritsukaparts.com\/br\/wp-json\/wp\/v2\/media\/17096"}],"wp:attachment":[{"href":"https:\/\/www.ritsukaparts.com\/br\/wp-json\/wp\/v2\/media?parent=17042"}],"wp:term":[{"taxonomy":"product_cat","embeddable":true,"href":"https:\/\/www.ritsukaparts.com\/br\/wp-json\/wp\/v2\/product_cat?post=17042"},{"taxonomy":"product_tag","embeddable":true,"href":"https:\/\/www.ritsukaparts.com\/br\/wp-json\/wp\/v2\/product_tag?post=17042"}],"curies":[{"name":"wp","href":"https:\/\/api.w.org\/{rel}","templated":true}]}}