{"id":17043,"date":"2018-09-22T14:50:19","date_gmt":"2018-09-22T09:20:19","guid":{"rendered":"http:\/\/www.ritsukaparts.com\/new\/product\/import-placeholder-for-1110\/"},"modified":"2018-11-07T15:47:03","modified_gmt":"2018-11-07T10:17:03","slug":"regulador","status":"publish","type":"product","link":"https:\/\/www.ritsukaparts.com\/br\/produtos\/regulador\/","title":{"rendered":"Regulador"},"content":{"rendered":"","protected":false},"excerpt":{"rendered":"<p>N\u00f3s produzimos as melhores qualidades de reguladores.<\/p>\n<p class=\"prd-tt-txt\">Caracter\u00edsticas:<\/p>\n<ul>\n<li>Os transistores s\u00e3o substitu\u00eddos pelo Mosfet para aumentar a efici\u00eancia<\/li>\n<li>Circuito preciso para opera\u00e7\u00e3o livre de erros<\/li>\n<li>Circuito Interno Philips para melhor vida de programa\u00e7\u00e3o<\/li>\n<li>Capacitor de alta capacidade para baixo uso de RPM<\/li>\n<li>Tomada de nylon PA66 a prova de calor e \u00e0 prova de fogo<\/li>\n<li>Placa de circuito com dissipador de calor para dissipa\u00e7\u00e3o de calor.<\/li>\n<li>Aletas grossas de alum\u00ednio para melhor resfriamento<\/li>\n<\/ul>\n","protected":false},"featured_media":17098,"template":"","meta":[],"product_cat":[316],"product_tag":[],"_links":{"self":[{"href":"https:\/\/www.ritsukaparts.com\/br\/wp-json\/wp\/v2\/product\/17043"}],"collection":[{"href":"https:\/\/www.ritsukaparts.com\/br\/wp-json\/wp\/v2\/product"}],"about":[{"href":"https:\/\/www.ritsukaparts.com\/br\/wp-json\/wp\/v2\/types\/product"}],"wp:featuredmedia":[{"embeddable":true,"href":"https:\/\/www.ritsukaparts.com\/br\/wp-json\/wp\/v2\/media\/17098"}],"wp:attachment":[{"href":"https:\/\/www.ritsukaparts.com\/br\/wp-json\/wp\/v2\/media?parent=17043"}],"wp:term":[{"taxonomy":"product_cat","embeddable":true,"href":"https:\/\/www.ritsukaparts.com\/br\/wp-json\/wp\/v2\/product_cat?post=17043"},{"taxonomy":"product_tag","embeddable":true,"href":"https:\/\/www.ritsukaparts.com\/br\/wp-json\/wp\/v2\/product_tag?post=17043"}],"curies":[{"name":"wp","href":"https:\/\/api.w.org\/{rel}","templated":true}]}}