{"id":17045,"date":"2018-09-22T14:50:21","date_gmt":"2018-09-22T09:20:21","guid":{"rendered":"http:\/\/www.ritsukaparts.com\/new\/product\/import-placeholder-for-1116\/"},"modified":"2018-11-02T13:15:42","modified_gmt":"2018-11-02T07:45:42","slug":"estator","status":"publish","type":"product","link":"https:\/\/www.ritsukaparts.com\/br\/produtos\/estator\/","title":{"rendered":"Estator"},"content":{"rendered":"","protected":false},"excerpt":{"rendered":"<p>Produzimos estatores de motocicletas de alto desempenho que oferecem \u00f3tima qualidade e s\u00e3o mais adequados para atender \u00e0s demandas exclusivas dos clientes.<\/p>\n<p class=\"prd-tt-txt\">Caracter\u00edsticas:<\/p>\n<ul>\n<li>As estruturas s\u00e3o feitas de a\u00e7o sil\u00edcio para gera\u00e7\u00e3o de alto fluxo magn\u00e9tico.<\/li>\n<li>O fio de enrolamento de cobre \u00e9 conforme o padr\u00e3o OEM para alta gera\u00e7\u00e3o de corrente.<\/li>\n<li>Lamina\u00e7\u00e3o de Nylon PA66 para seguran\u00e7a em alta rota\u00e7\u00e3o.<\/li>\n<li>Fio de PVC novo de 0,75 mm para fornecer opera\u00e7\u00e3o \u00e0 prova de fogo e \u00e0 prova de curto.<\/li>\n<\/ul>\n","protected":false},"featured_media":17108,"template":"","meta":[],"product_cat":[316],"product_tag":[],"_links":{"self":[{"href":"https:\/\/www.ritsukaparts.com\/br\/wp-json\/wp\/v2\/product\/17045"}],"collection":[{"href":"https:\/\/www.ritsukaparts.com\/br\/wp-json\/wp\/v2\/product"}],"about":[{"href":"https:\/\/www.ritsukaparts.com\/br\/wp-json\/wp\/v2\/types\/product"}],"wp:featuredmedia":[{"embeddable":true,"href":"https:\/\/www.ritsukaparts.com\/br\/wp-json\/wp\/v2\/media\/17108"}],"wp:attachment":[{"href":"https:\/\/www.ritsukaparts.com\/br\/wp-json\/wp\/v2\/media?parent=17045"}],"wp:term":[{"taxonomy":"product_cat","embeddable":true,"href":"https:\/\/www.ritsukaparts.com\/br\/wp-json\/wp\/v2\/product_cat?post=17045"},{"taxonomy":"product_tag","embeddable":true,"href":"https:\/\/www.ritsukaparts.com\/br\/wp-json\/wp\/v2\/product_tag?post=17045"}],"curies":[{"name":"wp","href":"https:\/\/api.w.org\/{rel}","templated":true}]}}