{"id":17058,"date":"2018-09-22T14:50:47","date_gmt":"2018-09-22T09:20:47","guid":{"rendered":"http:\/\/www.ritsukaparts.com\/new\/product\/import-placeholder-for-1127\/"},"modified":"2021-07-15T11:40:09","modified_gmt":"2021-07-15T06:10:09","slug":"sealed-maintenance-free-battery","status":"publish","type":"product","link":"https:\/\/www.ritsukaparts.com\/br\/produtos\/sealed-maintenance-free-battery\/","title":{"rendered":"Bateria Selada Livre de Manuten\u00e7\u00e3o"},"content":{"rendered":"","protected":false},"excerpt":{"rendered":"<div id=\"style-4\" class=\"bat-para\">\n<p>Oferecemos uma variedade de linhas de Baterias Seladas livre de Manuten\u00e7\u00e3o (SMF), sem necessidade de adicionar \u00e1gua e completamente seladas. As baterias SMF parecem diferentes de outros tipos de bateria. Elas s\u00e3o mais compactas porque n\u00e3o h\u00e1 eletr\u00f3lito livre (ele \u00e9 usado na forma de gel que preenche a cavidade das placas), tornando-as mais \u201ce\u00adcientes em volume\u201d e ocupando menos espa\u00e7o para a capacidade de armazenamento de energia. Porque eles s\u00e3o preenchidos com eletr\u00f3lito apenas uma vez durante a ativa\u00e7\u00e3o, por isso n\u00e3o h\u00e1 tampas de enchimento. Em vez disso, uma tampa de veda\u00e7\u00e3o cobre permanentemente as portas de enchimento. Al\u00e9m disso, n\u00e3o h\u00e1 tubo de ventila\u00e7\u00e3o nesta bateria. A constru\u00e7\u00e3o deste tipo de bateria faz com que o g\u00e1s liberado interno seja recombinado dentro da bateria, portanto, n\u00e3o \u00e9 necess\u00e1rio um tubo de ventila\u00e7\u00e3o. A bateria SMF pode ser selada porque dentro da bateria, as placas negativas nunca s\u00e3o totalmente carregadas e, portanto, n\u00e3o produzem g\u00e1s hidrog\u00eanio. As placas positivas criam oxig\u00eanio durante o processo de descarga, mas ao em vez de o oxig\u00eanio ser for\u00e7ado a sair por um tubo de ventila\u00e7\u00e3o, ele reage com o materialativo carregado nas placas para se tornar \u00e1gua at\u00e9 que a bateria seja carregada e a \u00e1gua se transforme em \u00e1cido. Esse processo \u00e9 chamado de tecnologia recombinante e esse design \u00e9 o que torna nossas baterias \u00fanicas. Uma bateria \u201cativada de f\u00e1brica\u201d n\u00e3o requer carregamento antes da instala\u00e7\u00e3o. Um extenso processo de ativa\u00e7\u00e3o garante a absor\u00e7\u00e3o completa do eletr\u00f3lito, de modo que nenhum \u00e1cido l\u00edquido esteja contido na bateria. Esse processo permite que essas baterias sejam enviadas da f\u00e1brica prontas para instalar.<\/p>\n<\/div>\n","protected":false},"featured_media":17112,"template":"","meta":[],"product_cat":[324],"product_tag":[],"_links":{"self":[{"href":"https:\/\/www.ritsukaparts.com\/br\/wp-json\/wp\/v2\/product\/17058"}],"collection":[{"href":"https:\/\/www.ritsukaparts.com\/br\/wp-json\/wp\/v2\/product"}],"about":[{"href":"https:\/\/www.ritsukaparts.com\/br\/wp-json\/wp\/v2\/types\/product"}],"wp:featuredmedia":[{"embeddable":true,"href":"https:\/\/www.ritsukaparts.com\/br\/wp-json\/wp\/v2\/media\/17112"}],"wp:attachment":[{"href":"https:\/\/www.ritsukaparts.com\/br\/wp-json\/wp\/v2\/media?parent=17058"}],"wp:term":[{"taxonomy":"product_cat","embeddable":true,"href":"https:\/\/www.ritsukaparts.com\/br\/wp-json\/wp\/v2\/product_cat?post=17058"},{"taxonomy":"product_tag","embeddable":true,"href":"https:\/\/www.ritsukaparts.com\/br\/wp-json\/wp\/v2\/product_tag?post=17058"}],"curies":[{"name":"wp","href":"https:\/\/api.w.org\/{rel}","templated":true}]}}