{"id":17061,"date":"2018-09-22T14:50:50","date_gmt":"2018-09-22T09:20:50","guid":{"rendered":"http:\/\/www.ritsukaparts.com\/new\/product\/import-placeholder-for-1150\/"},"modified":"2021-07-15T11:46:27","modified_gmt":"2021-07-15T06:16:27","slug":"bateria-de-carga-seca","status":"publish","type":"product","link":"https:\/\/www.ritsukaparts.com\/br\/produtos\/bateria-de-carga-seca\/","title":{"rendered":"Bateria de Carga Seca"},"content":{"rendered":"","protected":false},"excerpt":{"rendered":"<div id=\"style-4\" class=\"bat-para\">\n<p>Oferecemos uma vasta gama de Baterias de Carga Seca ou Baterias Convencionais. Nossas baterias s\u00e3o projetadas para ter tampas de enchimento e tubos de ventila\u00e7\u00e3o. Nem todos os ve\u00edculos precisam de baterias SMF e as baterias de Carga Seca\/Convencional oferecem bom desempenho e longevidade, por\u00e9m com um pre\u00e7o mais baixo.<\/p>\n<p>Aspectos importantes da nossa bateria incluem colunas vedadas para resistir \u00e0 corros\u00e3o, coberturas de polipropileno resistentes, recipientes e constru\u00e7\u00e3o selados a calor para uma unidade forte e unida. Al\u00e9m disso, os recursos de design incluem separadores especiais e constru\u00e7\u00e3o por parti\u00e7\u00e3o<\/p>\n<p>Nossas baterias t\u00eam mais pot\u00eancia de partida (at\u00e9 30%) para seu tamanho f\u00edsico do que outras Baterias Convencionais. A \u00e1rea da superf\u00edcie da placa na bateria \u00e9 aumentada pelo uso de separadores \u00adnos e de alta tecnologia que abrem espa\u00e7o para placas extras dentro de cada c\u00e9lula.<\/p>\n<p>&nbsp;<\/p>\n<\/div>\n","protected":false},"featured_media":17115,"template":"","meta":[],"product_cat":[324],"product_tag":[],"_links":{"self":[{"href":"https:\/\/www.ritsukaparts.com\/br\/wp-json\/wp\/v2\/product\/17061"}],"collection":[{"href":"https:\/\/www.ritsukaparts.com\/br\/wp-json\/wp\/v2\/product"}],"about":[{"href":"https:\/\/www.ritsukaparts.com\/br\/wp-json\/wp\/v2\/types\/product"}],"wp:featuredmedia":[{"embeddable":true,"href":"https:\/\/www.ritsukaparts.com\/br\/wp-json\/wp\/v2\/media\/17115"}],"wp:attachment":[{"href":"https:\/\/www.ritsukaparts.com\/br\/wp-json\/wp\/v2\/media?parent=17061"}],"wp:term":[{"taxonomy":"product_cat","embeddable":true,"href":"https:\/\/www.ritsukaparts.com\/br\/wp-json\/wp\/v2\/product_cat?post=17061"},{"taxonomy":"product_tag","embeddable":true,"href":"https:\/\/www.ritsukaparts.com\/br\/wp-json\/wp\/v2\/product_tag?post=17061"}],"curies":[{"name":"wp","href":"https:\/\/api.w.org\/{rel}","templated":true}]}}