{"id":17661,"date":"2018-10-01T14:04:55","date_gmt":"2018-10-01T08:34:55","guid":{"rendered":"http:\/\/www.ritsukaparts.com\/new\/?page_id=17661"},"modified":"2018-10-18T23:13:37","modified_gmt":"2018-10-18T17:43:37","slug":"preguntas-mas-frecuentes","status":"publish","type":"page","link":"https:\/\/www.ritsukaparts.com\/es\/preguntas-mas-frecuentes\/","title":{"rendered":"Preguntas m\u00e1s frecuentes"},"content":{"rendered":"<p>[vc_row][vc_column][vc_column_text css_animation=&#8221;appear&#8221;]Nos esforzamos por ofrecer el mejor servicio al cliente en el negocio y, al hacerlo, hemos compilado una lista de preguntas frecuentes que creemos que pueden serle de utilidad. Si hay m\u00e1s consultas o informaci\u00f3n que busca, esperamos escuchar de usted.<\/p>\n<p>[\/vc_column_text][vc_tta_accordion style=&#8221;modern&#8221; shape=&#8221;square&#8221; color=&#8221;black&#8221; active_section=&#8221;1&#8243;][vc_tta_section title=&#8221;\u00bfPor qu\u00e9 asociarse con nosotros?&#8221; tab_id=&#8221;1538382523392-59a20f6c-f952&#8243;][vc_column_text]Somos uno de los mayores fabricantes y exportadores. Dise\u00f1amos una capacidad masiva de aprox. 10 unidades de lakh de diferentes productos por mes y al mismo tiempo dominan una amplia gama de alrededor de 100-120 modelos diferentes. La promesa de calidad y mezcla de productos sin igual nos define. Estamos enfocados en ofrecer una experiencia de primera calidad y repuestos altamente duraderos para las masas. Con este fin, nos esforzamos por la innovaci\u00f3n continua y, por lo tanto, introducimos el mundo de la industria de repuestos automotrices a un nuevo paradigma de excelencia. Tambi\u00e9n ofrecemos los siguientes beneficios a nuestros socios.<\/p>\n<ul>\n<li>Gerente de cuenta dedicado<\/li>\n<li>Soporte de marca \/ marketing<\/li>\n<li>Amplio conocimiento de las normativas de importaci\u00f3n y cumplimiento<\/li>\n<li>Seguro de calidad<\/li>\n<li>Transacci\u00f3n comercial 100% transparente<\/li>\n<li>Apoyo a la promoci\u00f3n de ventas<\/li>\n<li>Etiquetado blanco privado<\/li>\n<\/ul>\n<p>[\/vc_column_text][\/vc_tta_section][vc_tta_section title=&#8221;\u00bfEn qu\u00e9 tipo de actividades participa la empresa matriz: Eastman Auto and Power?&#8221; tab_id=&#8221;1538382523416-96b8d06f-f7a7&#8243;][vc_column_text]Eastman se dedica al negocio internacional de productos \/ componentes automotrices (motocicletas).<\/p>\n<ul>\n<li>Neum\u00e1ticos y tubos<\/li>\n<li>Piezas de repuesto<\/li>\n<li>Baterias<\/li>\n<li>Motos<\/li>\n<\/ul>\n<p>Somos proveedores de servicios de extremo a extremo, desde el suministro y el control de calidad hasta la log\u00edstica de los productos a los pa\u00edses donde suministramos.<br \/>\n[\/vc_column_text][\/vc_tta_section][vc_tta_section title=&#8221;\u00bfD\u00f3nde est\u00e1 presente la marca \/ empresa?&#8221; tab_id=&#8221;1538382660738-30f7714d-ce28&#8243;][vc_column_text]La compa\u00f1\u00eda trabaja con muchos importadores \/ distribuidores con base en un conjunto diverso de ubicaciones que incluyen Am\u00e9rica Latina, Medio Oriente, \u00c1frica y Asia. Ver todos nuestros\u00a0<a href=\"http:\/\/www.eastmanautogroup.com\/network\">global locations<\/a>.<br \/>\n[\/vc_column_text][\/vc_tta_section][vc_tta_section title=&#8221;\u00bfC\u00f3mo asociarse o convertirse en un importador?&#8221; tab_id=&#8221;1538986100774-e38c9e03-7758&#8243;][vc_column_text]La asociaci\u00f3n con Eastman abre muchas oportunidades de alojamiento. Puedes hacerte socio por\u00a0<a href=\"http:\/\/www.eastmanautogroup.com\/import-distributorship\">simplemente llenando un formulario<\/a>\u00a0para que podamos saber m\u00e1s de ti.<br \/>\n[\/vc_column_text][\/vc_tta_section][vc_tta_section title=&#8221;\u00bfD\u00f3nde est\u00e1 ubicada la empresa?&#8221; tab_id=&#8221;1538382728460-42ae0a4b-1cd4&#8243;][vc_column_text]Eastman auto and power es una compa\u00f1\u00eda internacional con sede en Gurugram, Haryana. La oficina de marketing tambi\u00e9n es Gurugram, Haryana.<\/p>\n<p>[\/vc_column_text][\/vc_tta_section][vc_tta_section title=&#8221;\u00bfC\u00f3mo puedo conectarme con Eastman?&#8221; tab_id=&#8221;1538382698565-e9bef013-a7ec&#8221;][vc_column_text]Correo electr\u00f3nico o contacto a trav\u00e9s de tel\u00e9fono \/ m\u00f3vil de los detalles dados en <a href=\"http:\/\/www.ritsukaparts.com\/es\/contact\/\">Cont\u00e1ctenos<\/a> p\u00e1gina o simplemente llenar una <a href=\"http:\/\/www.ritsukaparts.com\/es\/contact\/\">formar<\/a>.<br \/>\n[\/vc_column_text][\/vc_tta_section][vc_tta_section title=&#8221;\u00bfQu\u00e9 pasa si tengo una pregunta sobre cualquier otro tema?&#8221; tab_id=&#8221;1538382802704-41d12141-82c0&#8243;][vc_column_text]Escribe a Eastman en <a href=\"mailto:ritsuka@eastmanglobal.com\">ritsuka@eastmanglobal.com<\/a>\u00a0o soltar una consulta\u00a0<a href=\"http:\/\/www.ritsukaparts.com\/es\/contact\/\">aqu\u00ed<\/a>.<br \/>\n[\/vc_column_text][\/vc_tta_section][vc_tta_section title=&#8221;\u00bfD\u00f3nde puedo encontrar informaci\u00f3n completa sobre la empresa?&#8221; tab_id=&#8221;1538382831909-4d32a192-b960&#8243;][vc_column_text]Visita el <a href=\"http:\/\/www.ritsukaparts.com\/es\/company\/\">p\u00e1gina de la empresa<\/a>.<br \/>\n[\/vc_column_text][\/vc_tta_section][vc_tta_section title=&#8221;\u00bfPuedo obtener m\u00e1s informaci\u00f3n sobre el producto?&#8221; tab_id=&#8221;1538382861678-9e34bcc9-633d&#8221;][vc_column_text]Tenemos secciones dedicadas a cada pieza de recambio. Obtener informaci\u00f3n detallada sobre los productos.\u00a0<a href=\"http:\/\/www.ritsukaparts.com\"><u>aqu\u00ed.<\/u><\/a><\/p>\n<p>&nbsp;<\/p>\n<p>[\/vc_column_text][\/vc_tta_section][\/vc_tta_accordion][\/vc_column][\/vc_row][vc_row][vc_column][vc_column_text]\u00a0[\/vc_column_text][\/vc_column][\/vc_row]<\/p>\n","protected":false},"excerpt":{"rendered":"<p>[vc_row][vc_column][vc_column_text css_animation=&#8221;appear&#8221;]Nos esforzamos por ofrecer el mejor servicio al cliente en el negocio y, al hacerlo, hemos compilado una lista de preguntas frecuentes que creemos que pueden serle de utilidad. Si hay m\u00e1s consultas o informaci\u00f3n que busca, esperamos escuchar de usted. [\/vc_column_text][vc_tta_accordion style=&#8221;modern&#8221; shape=&#8221;square&#8221; color=&#8221;black&#8221; active_section=&#8221;1&#8243;][vc_tta_section title=&#8221;\u00bfPor qu\u00e9 asociarse con nosotros?&#8221; tab_id=&#8221;1538382523392-59a20f6c-f952&#8243;][vc_column_text]Somos uno de [&hellip;]<\/p>\n","protected":false},"author":1,"featured_media":0,"parent":0,"menu_order":0,"comment_status":"open","ping_status":"open","template":"","meta":{"footnotes":""},"class_list":["post-17661","page","type-page","status-publish","hentry"],"_links":{"self":[{"href":"https:\/\/www.ritsukaparts.com\/es\/wp-json\/wp\/v2\/pages\/17661","targetHints":{"allow":["GET"]}}],"collection":[{"href":"https:\/\/www.ritsukaparts.com\/es\/wp-json\/wp\/v2\/pages"}],"about":[{"href":"https:\/\/www.ritsukaparts.com\/es\/wp-json\/wp\/v2\/types\/page"}],"author":[{"embeddable":true,"href":"https:\/\/www.ritsukaparts.com\/es\/wp-json\/wp\/v2\/users\/1"}],"replies":[{"embeddable":true,"href":"https:\/\/www.ritsukaparts.com\/es\/wp-json\/wp\/v2\/comments?post=17661"}],"version-history":[{"count":14,"href":"https:\/\/www.ritsukaparts.com\/es\/wp-json\/wp\/v2\/pages\/17661\/revisions"}],"predecessor-version":[{"id":18362,"href":"https:\/\/www.ritsukaparts.com\/es\/wp-json\/wp\/v2\/pages\/17661\/revisions\/18362"}],"wp:attachment":[{"href":"https:\/\/www.ritsukaparts.com\/es\/wp-json\/wp\/v2\/media?parent=17661"}],"curies":[{"name":"wp","href":"https:\/\/api.w.org\/{rel}","templated":true}]}}