{"id":22072,"date":"2021-07-13T17:50:59","date_gmt":"2021-07-13T12:20:59","guid":{"rendered":"https:\/\/www.ritsukaparts.com\/es\/?page_id=22072"},"modified":"2021-07-15T12:05:00","modified_gmt":"2021-07-15T06:35:00","slug":"import-distributorship","status":"publish","type":"page","link":"https:\/\/www.ritsukaparts.com\/es\/import-distributorship\/","title":{"rendered":"IMPORTAR\/DISTRIBUIDORA"},"content":{"rendered":"<p>[vc_row][vc_column][vc_column_text]<div class=\"center-content\"><div class=\"decor-2\"><i class=\"icon fa fa-caret-down\"><\/i><\/div><\/div>\n            <div class=\"center-content\"><h2 class=\"ui-title-inner\">Convi\u00e9rtete en un importador \/ distribuidor<br \/>\n<\/h2><\/div>\n<p>Creemos en brindar la mejor experiencia a las personas con las que trabajamos, ya sean nuestros clientes o nuestros proveedores. Por lo tanto, nuestros servicios y procesos est\u00e1n dise\u00f1ados de tal manera que cumplen con todos los requisitos que pueden tener nuestros socios. Desde la obtenci\u00f3n del producto hasta la puesta a disposici\u00f3n del producto en el destino y, adem\u00e1s, el soporte para la venta en el mercado respectivo es parte de nuestro proceso. <div class=\"center-content\"><div class=\"decor-1\"><\/div><\/div>[\/vc_column_text][\/vc_column][\/vc_row][vc_row][vc_column]<div class=\"kameleon-cf7-container kameleon-cf7-containerWImV6ErJ\" data-classname=\".kameleon-cf7-containerWImV6ErJ\" data-style-name=\"default\"  data-style=\"qaswara\" data-button-style=\"qaswara\" data-style-css=\"--kmcf7-btn-fontsize: 16px;--kmcf7-btn-align: center;--kmcf7-btn-width: 50%;--kmcf7-btn-letterspacing: 1px;--kmcf7-btn-height: 45px;--kmcf7-btn-mgtop: 15px;--kmcf7-btn-mgbottom: 15px;--kmcf7-btn-border-radius: 0;--kmcf7-btn-color: #ccc;--kmcf7-btn-border-width: 0;--kmcf7-btn-bg-color: #111;--kmcf7-btn-border-color: #1a1a1a;--kmcf7-btn-color-hover: #fff;--kmcf7-btn-bg-color-hover: #269AD6;--kmcf7-btn-border-color-hover: #2492CA;--qaswara-input-height:50px;--qaswara-input-margin-top:15px;--qaswara-input-margin-bottom:15px;--qaswara-input-font-size:15px;  --qaswara-input-color: #888;    --qaswara-color: #bbb;     --qaswara-font-size:15px;--qaswara-border-width: 1px;  --qaswara-border-color:#eee;--qaswara-border-active-color:#269AD6;--qaswara-textarea-height:250px;;\" style=\"--kmcf7-btn-fontsize: 16px;--kmcf7-btn-align: center;--kmcf7-btn-width: 50%;--kmcf7-btn-letterspacing: 1px;--kmcf7-btn-height: 45px;--kmcf7-btn-mgtop: 15px;--kmcf7-btn-mgbottom: 15px;--kmcf7-btn-border-radius: 0;--kmcf7-btn-color: #ccc;--kmcf7-btn-border-width: 0;--kmcf7-btn-bg-color: #111;--kmcf7-btn-border-color: #1a1a1a;--kmcf7-btn-color-hover: #fff;--kmcf7-btn-bg-color-hover: #269AD6;--kmcf7-btn-border-color-hover: #2492CA;--qaswara-input-height:50px;--qaswara-input-margin-top:15px;--qaswara-input-margin-bottom:15px;--qaswara-input-font-size:15px;  --qaswara-input-color: #888;    --qaswara-color: #bbb;     --qaswara-font-size:15px;--qaswara-border-width: 1px;  --qaswara-border-color:#eee;--qaswara-border-active-color:#269AD6;--qaswara-textarea-height:250px;;\">\n<div class=\"wpcf7 no-js\" id=\"wpcf7-f22069-o1\" lang=\"en-US\" dir=\"ltr\" data-wpcf7-id=\"22069\">\n<div class=\"screen-reader-response\"><p role=\"status\" aria-live=\"polite\" aria-atomic=\"true\"><\/p> <ul><\/ul><\/div>\n<form action=\"\/es\/wp-json\/wp\/v2\/pages\/22072#wpcf7-f22069-o1\" method=\"post\" class=\"wpcf7-form init\" aria-label=\"Contact form\" novalidate=\"novalidate\" data-status=\"init\">\n<fieldset class=\"hidden-fields-container\"><input type=\"hidden\" name=\"_wpcf7\" value=\"22069\" \/><input type=\"hidden\" name=\"_wpcf7_version\" value=\"6.1.5\" \/><input type=\"hidden\" name=\"_wpcf7_locale\" value=\"en_US\" \/><input type=\"hidden\" name=\"_wpcf7_unit_tag\" value=\"wpcf7-f22069-o1\" \/><input type=\"hidden\" name=\"_wpcf7_container_post\" value=\"0\" \/><input type=\"hidden\" name=\"_wpcf7_posted_data_hash\" value=\"\" \/><input type=\"hidden\" name=\"_wpcf7_recaptcha_response\" value=\"\" \/>\n<\/fieldset>\n<div class=\"form-contact\" id=\"cnt\">\n\t<div class=\"\" style=\"margin-top:10px\">\n\t\t<p><span class=\"wpcf7-form-control-wrap\" data-name=\"partner_type\"><select class=\"wpcf7-form-control wpcf7-select wpcf7-validates-as-required\" aria-required=\"true\" aria-invalid=\"false\" name=\"partner_type\"><option value=\"Seleccionar tipo de socio *\">Seleccionar tipo de socio *<\/option><option value=\"Soy importador \/ distribuidor\">Soy importador \/ distribuidor<\/option><option value=\"Soy un proveedor\">Soy un proveedor<\/option><\/select><\/span>\n\t\t<\/p>\n\t<\/div>\n\t<div class=\"row\" style=\"margin-top:10px\">\n\t\t<div class=\" col-md-2\">\n\t\t\t<p><span class=\"wpcf7-form-control-wrap\" data-name=\"Title\"><select class=\"wpcf7-form-control wpcf7-select wpcf7-validates-as-required\" aria-required=\"true\" aria-invalid=\"false\" name=\"Title\"><option value=\"T\u00edtulo*\">T\u00edtulo*<\/option><option value=\"Se\u00f1or\">Se\u00f1or<\/option><option value=\"Se\u00f1ora\">Se\u00f1ora<\/option><\/select><\/span>\n\t\t\t<\/p>\n\t\t<\/div>\n\t\t<div class=\" col-md-5\">\n\t\t\t<p><span class=\"wpcf7-form-control-wrap your-name km_cf7-input-container \">     \n      <input size=\"40\" class=\"wpcf7-form-control wpcf7-text wpcf7-validates-as-required km_cf7-input\" id=\"kmcf7-your-nameojYUVPMb\" aria-required=\"true\" aria-invalid=\"false\" value=\"\" type=\"text\" name=\"your-name\" onfocus=\"km_cf7_designer_focus(this)\" onblur=\"km_cf7_designer_blur()\"\/>\n      <label class=\"km_cf7-label\" for=\"kmcf7-your-nameojYUVPMb\" data-content=\"Nombre de pila*\">\n        <span class=\"km_cf7_label-content\" data-content=\"Nombre de pila*\">Nombre de pila*<\/span>\n      <\/label>\n      \n    <\/span>\n\t\t\t<\/p>\n\t\t<\/div>\n\t\t<div class=\" col-md-5\" >\n\t\t\t<p><span class=\"wpcf7-form-control-wrap last_name km_cf7-input-container \">     \n      <input size=\"40\" class=\"wpcf7-form-control wpcf7-text wpcf7-validates-as-required km_cf7-input\" id=\"kmcf7-last_nameR7rj8lkN\" aria-required=\"true\" aria-invalid=\"false\" value=\"\" type=\"text\" name=\"last_name\" onfocus=\"km_cf7_designer_focus(this)\" onblur=\"km_cf7_designer_blur()\"\/>\n      <label class=\"km_cf7-label\" for=\"kmcf7-last_nameR7rj8lkN\" data-content=\"Apellido*\">\n        <span class=\"km_cf7_label-content\" data-content=\"Apellido*\">Apellido*<\/span>\n      <\/label>\n      \n    <\/span>\n\t\t\t<\/p>\n\t\t<\/div>\n\t<\/div>\n\t<div class=\"row\" style=\"margin-top:10px\">\n\t\t<div class=\" col-md-6\" >\n\t\t\t<p><span class=\"wpcf7-form-control-wrap Designation km_cf7-input-container \">     \n      <input size=\"40\" class=\"wpcf7-form-control wpcf7-text wpcf7-validates-as-required km_cf7-input\" id=\"kmcf7-DesignationCjBzKwch\" aria-required=\"true\" aria-invalid=\"false\" value=\"\" type=\"text\" name=\"Designation\" onfocus=\"km_cf7_designer_focus(this)\" onblur=\"km_cf7_designer_blur()\"\/>\n      <label class=\"km_cf7-label\" for=\"kmcf7-DesignationCjBzKwch\" data-content=\"Designacion*\">\n        <span class=\"km_cf7_label-content\" data-content=\"Designacion*\">Designacion*<\/span>\n      <\/label>\n      \n    <\/span>\n\t\t\t<\/p>\n\t\t<\/div>\n\t\t<div class=\" col-md-6\">\n\t\t\t<p><span class=\"wpcf7-form-control-wrap your-email km_cf7-input-container \">     \n      <input size=\"40\" class=\"wpcf7-form-control wpcf7-email wpcf7-text wpcf7-validates-as-email km_cf7-input\" id=\"kmcf7-your-email5xkyUITc\" aria-invalid=\"false\" value=\"\" type=\"email\" name=\"your-email\" onfocus=\"km_cf7_designer_focus(this)\" onblur=\"km_cf7_designer_blur()\"\/>\n      <label class=\"km_cf7-label\" for=\"kmcf7-your-email5xkyUITc\" data-content=\"Email*\">\n        <span class=\"km_cf7_label-content\" data-content=\"Email*\">Email*<\/span>\n      <\/label>\n      \n    <\/span>\n\t\t\t<\/p>\n\t\t<\/div>\n\t<\/div>\n\t<div class=\"row\" style=\"margin-top:10px\">\n\t\t<div class=\" col-md-6\">\n\t\t\t<p><span class=\"wpcf7-form-control-wrap Direction km_cf7-input-container \">     \n      <input size=\"40\" class=\"wpcf7-form-control wpcf7-text wpcf7-validates-as-required km_cf7-input\" id=\"kmcf7-DirectionSofb0RHt\" aria-required=\"true\" aria-invalid=\"false\" value=\"\" type=\"text\" name=\"Direction\" onfocus=\"km_cf7_designer_focus(this)\" onblur=\"km_cf7_designer_blur()\"\/>\n      <label class=\"km_cf7-label\" for=\"kmcf7-DirectionSofb0RHt\" data-content=\"Direcci\u00f3n*\">\n        <span class=\"km_cf7_label-content\" data-content=\"Direcci\u00f3n*\">Direcci\u00f3n*<\/span>\n      <\/label>\n      \n    <\/span>\n\t\t\t<\/p>\n\t\t<\/div>\n\t\t<div class=\" col-md-6\">\n\t\t\t<p><span class=\"wpcf7-form-control-wrap number km_cf7-input-container \">     \n      <input size=\"40\" class=\"wpcf7-form-control wpcf7-tel wpcf7-validates-as-required wpcf7-text wpcf7-validates-as-tel phoneNumber km_cf7-input\" id=\"kmcf7-numberSG9pNd2Y\" aria-required=\"true\" aria-invalid=\"false\" value=\"\" type=\"tel\" name=\"number\" onfocus=\"km_cf7_designer_focus(this)\" onblur=\"km_cf7_designer_blur()\"\/>\n      <label class=\"km_cf7-label\" for=\"kmcf7-numberSG9pNd2Y\" data-content=\"M\u00f3vil*\">\n        <span class=\"km_cf7_label-content\" data-content=\"M\u00f3vil*\">M\u00f3vil*<\/span>\n      <\/label>\n      \n    <\/span>\n\t\t\t<\/p>\n\t\t<\/div>\n\t<\/div>\n\t<div class=\"row\" style=\"margin-top:10px\">\n\t\t<div class=\" col-md-4\">\n\t\t\t<p><span class=\"wpcf7-form-control-wrap\" data-name=\"pick-fields\"><select class=\"wpcf7-form-control wpcf7-select allCountryList\" id=\"country\" aria-invalid=\"false\" name=\"pick-fields\"><option value=\"Seleccionar pa\u00eds\">Seleccionar pa\u00eds<\/option><option value=\"Argentina\">Argentina<\/option><option value=\"Bolivia\">Bolivia<\/option><option value=\"Brazil\">Brazil<\/option><option value=\"Chile\">Chile<\/option><option value=\"Colombia\">Colombia<\/option><option value=\"Ecuador\">Ecuador<\/option><option value=\"Guyana\">Guyana<\/option><option value=\"Paraguay\">Paraguay<\/option><option value=\"Peru\">Peru<\/option><option value=\"Suriname\">Suriname<\/option><option value=\"Uruguay\">Uruguay<\/option><option value=\"Venezuela\">Venezuela<\/option><option value=\"Mexico\">Mexico<\/option><option value=\"Guatemala\">Guatemala<\/option><option value=\"Dominican Republic\">Dominican Republic<\/option><option value=\"Honduras\">Honduras<\/option><option value=\"El Salvador\">El Salvador<\/option><option value=\"Nicaragua\">Nicaragua<\/option><option value=\"Costa Rica\">Costa Rica<\/option><option value=\"Panama\">Panama<\/option><option value=\"India\">India<\/option><option value=\"Nepal\">Nepal<\/option><option value=\"Vietnam\">Vietnam<\/option><option value=\"Pakistan\">Pakistan<\/option><option value=\"Indonesia\">Indonesia<\/option><option value=\"Sri Lanka\">Sri Lanka<\/option><option value=\"Burma\">Burma<\/option><option value=\"Malaysia\">Malaysia<\/option><option value=\"Cambodia\">Cambodia<\/option><option value=\"Afghanistan\">Afghanistan<\/option><option value=\"Philippines\">Philippines<\/option><option value=\"Syria\">Syria<\/option><option value=\"Saudi Arabia\">Saudi Arabia<\/option><option value=\"United Arab Emirates\">United Arab Emirates<\/option><option value=\"Egypt\">Egypt<\/option><option value=\"Lebanon\">Lebanon<\/option><option value=\"Qatar\">Qatar<\/option><option value=\"Oman\">Oman<\/option><option value=\"Kuwait\">Kuwait<\/option><option value=\"Yemen\">Yemen<\/option><option value=\"Bahrain\">Bahrain<\/option><option value=\"Nigeria\">Nigeria<\/option><option value=\"Ethiopia\">Ethiopia<\/option><option value=\"Kenya\">Kenya<\/option><option value=\"Tanzania\">Tanzania<\/option><option value=\"Senegal\">Senegal<\/option><option value=\"Sudan\">Sudan<\/option><option value=\"Uganda\">Uganda<\/option><\/select><\/span>\n\t\t\t<\/p>\n\t\t<\/div>\n\t\t<div class=\" col-md-4\">\n\t\t\t<p><span class=\"wpcf7-form-control-wrap\" data-name=\"Seleccione\"><select class=\"wpcf7-form-control wpcf7-select states\" id=\"state\" aria-invalid=\"false\" name=\"Seleccione\"><option value=\"Seleccione estado\">Seleccione estado<\/option><\/select><\/span>\n\t\t\t<\/p>\n\t\t<\/div>\n\t\t<div class=\" col-md-4\">\n\t\t\t<p><span class=\"wpcf7-form-control-wrap city km_cf7-input-container \">     \n      <input size=\"40\" class=\"wpcf7-form-control wpcf7-text wpcf7-validates-as-required km_cf7-input\" id=\"kmcf7-cityhiy5QfOB\" aria-required=\"true\" aria-invalid=\"false\" value=\"\" type=\"text\" name=\"city\" onfocus=\"km_cf7_designer_focus(this)\" onblur=\"km_cf7_designer_blur()\"\/>\n      <label class=\"km_cf7-label\" for=\"kmcf7-cityhiy5QfOB\" data-content=\"Ciudad*\">\n        <span class=\"km_cf7_label-content\" data-content=\"Ciudad*\">Ciudad*<\/span>\n      <\/label>\n      \n    <\/span>\n\t\t\t<\/p>\n\t\t<\/div>\n\t<\/div>\n\t<div class=\"row\" style=\"margin-top:10px\">\n\t\t<div class=\" col-md-6\">\n\t\t\t<p><span class=\"wpcf7-form-control-wrap postal-code km_cf7-input-container \">     \n      <input size=\"40\" class=\"wpcf7-form-control wpcf7-text wpcf7-validates-as-required km_cf7-input\" id=\"kmcf7-postal-codeCLSvP56Y\" aria-required=\"true\" aria-invalid=\"false\" value=\"\" type=\"text\" name=\"postal-code\" onfocus=\"km_cf7_designer_focus(this)\" onblur=\"km_cf7_designer_blur()\"\/>\n      <label class=\"km_cf7-label\" for=\"kmcf7-postal-codeCLSvP56Y\" data-content=\"C\u00f3digo postal*\">\n        <span class=\"km_cf7_label-content\" data-content=\"C\u00f3digo postal*\">C\u00f3digo postal*<\/span>\n      <\/label>\n      \n    <\/span>\n\t\t\t<\/p>\n\t\t<\/div>\n\t\t<div class=\" col-md-6\">\n\t\t\t<p><span class=\"wpcf7-form-control-wrap website km_cf7-input-container \">     \n      <input size=\"40\" class=\"wpcf7-form-control wpcf7-text wpcf7-validates-as-required km_cf7-input\" id=\"kmcf7-websiteLjCDdbFY\" aria-required=\"true\" aria-invalid=\"false\" value=\"\" type=\"text\" name=\"website\" onfocus=\"km_cf7_designer_focus(this)\" onblur=\"km_cf7_designer_blur()\"\/>\n      <label class=\"km_cf7-label\" for=\"kmcf7-websiteLjCDdbFY\" data-content=\"Sitio web*\">\n        <span class=\"km_cf7_label-content\" data-content=\"Sitio web*\">Sitio web*<\/span>\n      <\/label>\n      \n    <\/span>\n\t\t\t<\/p>\n\t\t<\/div>\n\t<\/div>\n\t<div class=\"row\" style=\"margin-top:10px\">\n\t\t<div class=\" col-md-6\">\n\t\t\t<p><span class=\"wpcf7-form-control-wrap\" data-name=\"no-of-employes\"><select class=\"wpcf7-form-control wpcf7-select wpcf7-validates-as-required\" aria-required=\"true\" aria-invalid=\"false\" name=\"no-of-employes\"><option value=\"Cantidad de Empleados*\">Cantidad de Empleados*<\/option><option value=\"1-5\">1-5<\/option><option value=\"6-10\">6-10<\/option><option value=\"11-20\">11-20<\/option><option value=\"21-50\">21-50<\/option><option value=\"51-100\">51-100<\/option><option value=\"Above 100\">Above 100<\/option><\/select><\/span>\n\t\t\t<\/p>\n\t\t<\/div>\n\t\t<div class=\" col-md-6\">\n\t\t\t<p><span class=\"wpcf7-form-control-wrap import-USD km_cf7-input-container \">     \n      <input size=\"40\" class=\"wpcf7-form-control wpcf7-text wpcf7-validates-as-required km_cf7-input\" id=\"kmcf7-import-USDL8DfTuM4\" aria-required=\"true\" aria-invalid=\"false\" value=\"\" type=\"text\" name=\"import-USD\" onfocus=\"km_cf7_designer_focus(this)\" onblur=\"km_cf7_designer_blur()\"\/>\n      <label class=\"km_cf7-label\" for=\"kmcf7-import-USDL8DfTuM4\" data-content=\"Imports (USD) in 2019-20*\">\n        <span class=\"km_cf7_label-content\" data-content=\"Imports (USD) in 2019-20*\">Imports (USD) in 2019-20*<\/span>\n      <\/label>\n      \n    <\/span>\n\t\t\t<\/p>\n\t\t<\/div>\n\t<\/div>\n\t<div class=\"row\" style=\"margin-top:10px\">\n\t\t<div class=\" col-md-6\">\n\t\t\t<p><span class=\"wpcf7-form-control-wrap\" data-name=\"type-of-establish\"><select class=\"wpcf7-form-control wpcf7-select wpcf7-validates-as-required\" aria-required=\"true\" aria-invalid=\"false\" name=\"type-of-establish\"><option value=\"Tipo de establecimiento*\">Tipo de establecimiento*<\/option><option value=\"Propietario \u00fanico\">Propietario \u00fanico<\/option><option value=\"Asociaci\u00f3n\">Asociaci\u00f3n<\/option><option value=\"Privada limitada\">Privada limitada<\/option><option value=\"P\u00fablico limitado\">P\u00fablico limitado<\/option><\/select><\/span>\n\t\t\t<\/p>\n\t\t<\/div>\n\t\t<div class=\" col-md-6\">\n\t\t\t<p><span class=\"wpcf7-form-control-wrap\" data-name=\"year-in-business\"><select class=\"wpcf7-form-control wpcf7-select wpcf7-validates-as-required\" aria-required=\"true\" aria-invalid=\"false\" name=\"year-in-business\"><option value=\"A\u00f1os en negocios*\">A\u00f1os en negocios*<\/option><option value=\"0-1 A\u00f1o\">0-1 A\u00f1o<\/option><option value=\"1-3 A\u00f1os\">1-3 A\u00f1os<\/option><option value=\"3-5 A\u00f1os\">3-5 A\u00f1os<\/option><option value=\"5-10 A\u00f1os\">5-10 A\u00f1os<\/option><option value=\"Mas que 10 A\u00f1os\">Mas que 10 A\u00f1os<\/option><\/select><\/span>\n\t\t\t<\/p>\n\t\t<\/div>\n\t<\/div>\n\t<div class=\"\" style=\"margin-top:20px\">\n\t\t<div class=\"km_cf7-submit-container\">\n        <div class=\"km_cf7-submit-insider\">\n          <div class=\"km_cf7-submit-btn-txt km_cf7-btn-txt-r\">Enviar<\/div>\n          <div class=\"km_cf7-submit-btn-txt km_cf7-btn-txt-h\">Enviar<\/div>\n          <div class=\"km_cf7-btn-bg-r\"><\/div><div class=\"km_cf7-btn-bg-h\"><\/div>\n          <input class=\"wpcf7-form-control wpcf7-submit btn-default-submit-btn km_cf7-button\" id=\"submit-type\" type=\"submit\" value=\"Enviar\" \/>\n        <\/div>\n      <\/div>\n\t<\/div>\n<\/div><p style=\"display: none !important;\" class=\"akismet-fields-container\" data-prefix=\"_wpcf7_ak_\"><label>&#916;<textarea name=\"_wpcf7_ak_hp_textarea\" cols=\"45\" rows=\"8\" maxlength=\"100\"><\/textarea><\/label><input type=\"hidden\" id=\"ak_js_1\" name=\"_wpcf7_ak_js\" value=\"244\"\/><script type=\"text\/javascript\">\n\/* <![CDATA[ *\/\ndocument.getElementById( \"ak_js_1\" ).setAttribute( \"value\", ( new Date() ).getTime() );\n\/* ]]> *\/\n<\/script>\n<\/p><div class=\"wpcf7-response-output\" aria-hidden=\"true\"><\/div>\n<\/form>\n<\/div>\n<\/div>[\/vc_column][\/vc_row]<\/p>\n","protected":false},"excerpt":{"rendered":"<p>[vc_row][vc_column][vc_column_text] Creemos en brindar la mejor experiencia a las personas con las que trabajamos, ya sean nuestros clientes o nuestros proveedores. Por lo tanto, nuestros servicios y procesos est\u00e1n dise\u00f1ados de tal manera que cumplen con todos los requisitos que pueden tener nuestros socios. Desde la obtenci\u00f3n del producto hasta la puesta a disposici\u00f3n del [&hellip;]<\/p>\n","protected":false},"author":1,"featured_media":0,"parent":0,"menu_order":0,"comment_status":"open","ping_status":"closed","template":"","meta":{"footnotes":""},"class_list":["post-22072","page","type-page","status-publish","hentry"],"_links":{"self":[{"href":"https:\/\/www.ritsukaparts.com\/es\/wp-json\/wp\/v2\/pages\/22072","targetHints":{"allow":["GET"]}}],"collection":[{"href":"https:\/\/www.ritsukaparts.com\/es\/wp-json\/wp\/v2\/pages"}],"about":[{"href":"https:\/\/www.ritsukaparts.com\/es\/wp-json\/wp\/v2\/types\/page"}],"author":[{"embeddable":true,"href":"https:\/\/www.ritsukaparts.com\/es\/wp-json\/wp\/v2\/users\/1"}],"replies":[{"embeddable":true,"href":"https:\/\/www.ritsukaparts.com\/es\/wp-json\/wp\/v2\/comments?post=22072"}],"version-history":[{"count":5,"href":"https:\/\/www.ritsukaparts.com\/es\/wp-json\/wp\/v2\/pages\/22072\/revisions"}],"predecessor-version":[{"id":22080,"href":"https:\/\/www.ritsukaparts.com\/es\/wp-json\/wp\/v2\/pages\/22072\/revisions\/22080"}],"wp:attachment":[{"href":"https:\/\/www.ritsukaparts.com\/es\/wp-json\/wp\/v2\/media?parent=22072"}],"curies":[{"name":"wp","href":"https:\/\/api.w.org\/{rel}","templated":true}]}}