{"id":16885,"date":"2018-09-22T14:46:11","date_gmt":"2018-09-22T09:16:11","guid":{"rendered":"http:\/\/www.ritsukaparts.com\/new\/product\/import-placeholder-for-122\/"},"modified":"2018-10-28T15:09:13","modified_gmt":"2018-10-28T09:39:13","slug":"discos-de-embrague","status":"publish","type":"product","link":"https:\/\/www.ritsukaparts.com\/es\/product\/discos-de-embrague\/","title":{"rendered":"Discos de embrague"},"content":{"rendered":"","protected":false},"excerpt":{"rendered":"<p>Producimos discos de embragues para veh\u00edculos a partir de 50cc hasta 220cc. Desde la materia prima hasta la precisi\u00f3n de cada proceso, nuestros discos de embrague son excelentes en todos los aspectos. Cada pieza que fabricamos garantiza una experiencia de conducci\u00f3n perfecta. Nuestros discos de embrague no tienen comparaci\u00f3n en t\u00e9rminos de fiabilidad, durabilidad y rendimiento, ya que se adhieren a los estrictos est\u00e1ndares industriales e incluyen componentes genuinos.<\/p>\n<p>Caracter\u00edsticas:<\/p>\n<ul>\n<li>Niveles de fricci\u00f3n altos y estables<\/li>\n<li>Muy buena resistencia al desgaste<\/li>\n<li>Una superficie superior proporciona un mejor rendimiento del torque<\/li>\n<li>Mayor durabilidad<\/li>\n<li>Anti corrosion<\/li>\n<li>Operaci\u00f3n h\u00fameda<\/li>\n<li>Pasaje de cambios m\u00e1s suave<\/li>\n<li>Coeficiente de fricci\u00f3n estable<\/li>\n<\/ul>\n","protected":false},"featured_media":16916,"template":"","meta":[],"product_brand":[],"product_cat":[314],"product_tag":[],"class_list":{"0":"post-16885","1":"product","2":"type-product","3":"status-publish","4":"has-post-thumbnail","6":"product_cat-partes-de-motor","8":"first","9":"instock","10":"shipping-taxable","11":"product-type-simple"},"_links":{"self":[{"href":"https:\/\/www.ritsukaparts.com\/es\/wp-json\/wp\/v2\/product\/16885","targetHints":{"allow":["GET"]}}],"collection":[{"href":"https:\/\/www.ritsukaparts.com\/es\/wp-json\/wp\/v2\/product"}],"about":[{"href":"https:\/\/www.ritsukaparts.com\/es\/wp-json\/wp\/v2\/types\/product"}],"wp:featuredmedia":[{"embeddable":true,"href":"https:\/\/www.ritsukaparts.com\/es\/wp-json\/wp\/v2\/media\/16916"}],"wp:attachment":[{"href":"https:\/\/www.ritsukaparts.com\/es\/wp-json\/wp\/v2\/media?parent=16885"}],"wp:term":[{"taxonomy":"product_brand","embeddable":true,"href":"https:\/\/www.ritsukaparts.com\/es\/wp-json\/wp\/v2\/product_brand?post=16885"},{"taxonomy":"product_cat","embeddable":true,"href":"https:\/\/www.ritsukaparts.com\/es\/wp-json\/wp\/v2\/product_cat?post=16885"},{"taxonomy":"product_tag","embeddable":true,"href":"https:\/\/www.ritsukaparts.com\/es\/wp-json\/wp\/v2\/product_tag?post=16885"}],"curies":[{"name":"wp","href":"https:\/\/api.w.org\/{rel}","templated":true}]}}