{"id":16886,"date":"2018-09-22T14:46:11","date_gmt":"2018-09-22T09:16:11","guid":{"rendered":"http:\/\/www.ritsukaparts.com\/new\/product\/import-placeholder-for-125\/"},"modified":"2018-11-08T11:55:05","modified_gmt":"2018-11-08T06:25:05","slug":"bielas","status":"publish","type":"product","link":"https:\/\/www.ritsukaparts.com\/es\/product\/bielas\/","title":{"rendered":"Bielas"},"content":{"rendered":"","protected":false},"excerpt":{"rendered":"<p>Las bielas se fabrican bajo estrictos par\u00e1metros de calidad que nos hacen entregar lo mejor. Cada elemento de la pieza, del m\u00e1s peque\u00f1o al elemento principal, pasa por numerosas pruebas antes de que el producto est\u00e9 listo para ser enviado. Suministramos productos completos con mu\u00f1\u00f3n de biela, rodamientos grandes y peque\u00f1os<\/p>\n<p>Fortalezas:<\/p>\n<ul>\n<li>Materia prima de grado de acero 20crmo<\/li>\n<li>Alta resistencia y alto rendimiento<\/li>\n<li>Resistencia a altas temperaturas<\/li>\n<\/ul>\n<p>Caracter\u00edsticas:<\/p>\n<ul>\n<li>Fuerza superior, durabilidad y consistencia dimensional<\/li>\n<li>Materia prima utilizada 20CrMo<\/li>\n<li>Alta resistencia y alto rendimiento<\/li>\n<li>Dureza entre HRC 60-62<\/li>\n<li>Profundidad de carburaci\u00f3n del tratamiento t\u00e9rmico 0.8 &#8211; 1.2m<\/li>\n<li>Rugosidad superficial \u2264 0.2 RA<\/li>\n<li>Resistente a altas temperaturas<\/li>\n<li>Acero fuerte aleado endurecido con material endurecido<\/li>\n<li>Mejorado para una mejor retenci\u00f3n de aceite<\/li>\n<li>Mu\u00f1ones carburizados y afilados<\/li>\n<li>Rodamientos importados de Taiw\u00e1n<\/li>\n<\/ul>\n","protected":false},"featured_media":16918,"template":"","meta":[],"product_brand":[],"product_cat":[314],"product_tag":[],"class_list":{"0":"post-16886","1":"product","2":"type-product","3":"status-publish","4":"has-post-thumbnail","6":"product_cat-partes-de-motor","8":"first","9":"instock","10":"shipping-taxable","11":"product-type-simple"},"_links":{"self":[{"href":"https:\/\/www.ritsukaparts.com\/es\/wp-json\/wp\/v2\/product\/16886","targetHints":{"allow":["GET"]}}],"collection":[{"href":"https:\/\/www.ritsukaparts.com\/es\/wp-json\/wp\/v2\/product"}],"about":[{"href":"https:\/\/www.ritsukaparts.com\/es\/wp-json\/wp\/v2\/types\/product"}],"wp:featuredmedia":[{"embeddable":true,"href":"https:\/\/www.ritsukaparts.com\/es\/wp-json\/wp\/v2\/media\/16918"}],"wp:attachment":[{"href":"https:\/\/www.ritsukaparts.com\/es\/wp-json\/wp\/v2\/media?parent=16886"}],"wp:term":[{"taxonomy":"product_brand","embeddable":true,"href":"https:\/\/www.ritsukaparts.com\/es\/wp-json\/wp\/v2\/product_brand?post=16886"},{"taxonomy":"product_cat","embeddable":true,"href":"https:\/\/www.ritsukaparts.com\/es\/wp-json\/wp\/v2\/product_cat?post=16886"},{"taxonomy":"product_tag","embeddable":true,"href":"https:\/\/www.ritsukaparts.com\/es\/wp-json\/wp\/v2\/product_tag?post=16886"}],"curies":[{"name":"wp","href":"https:\/\/api.w.org\/{rel}","templated":true}]}}