{"id":16888,"date":"2018-09-22T14:46:13","date_gmt":"2018-09-22T09:16:13","guid":{"rendered":"http:\/\/www.ritsukaparts.com\/new\/product\/import-placeholder-for-213\/"},"modified":"2018-11-08T11:39:43","modified_gmt":"2018-11-08T06:09:43","slug":"juntas-y-kit-retenedores","status":"publish","type":"product","link":"https:\/\/www.ritsukaparts.com\/es\/product\/juntas-y-kit-retenedores\/","title":{"rendered":"Juntas y Kit Retenedores"},"content":{"rendered":"","protected":false},"excerpt":{"rendered":"<p>Fabricamos juntas de motores de motocicletas de alto rendimiento que ofrecen una calidad \u00f3ptima y son las m\u00e1s adecuadas para satisfacer las demandas \u00fanicas de los clientes y del mercado. Nuestro fuerte compromiso por continuar como una organizaci\u00f3n impulsada por la calidad junto con iniciativas innovadoras en el desarrollo de productos garantiza que nuestro producto sea reconocido.<\/p>\n<p>Fortalezas:<\/p>\n<ul>\n<li>Materia prima de alta calidad<\/li>\n<li>Dimensi\u00f3nes precisa<\/li>\n<li>Acabado de la superficie suave<\/li>\n<li>Alta resistencia al calor y resistencia a la compresi\u00f3n<\/li>\n<li>Riguroso control de calidad<\/li>\n<\/ul>\n","protected":false},"featured_media":16922,"template":"","meta":[],"product_brand":[],"product_cat":[314],"product_tag":[],"class_list":{"0":"post-16888","1":"product","2":"type-product","3":"status-publish","4":"has-post-thumbnail","6":"product_cat-partes-de-motor","8":"first","9":"instock","10":"shipping-taxable","11":"product-type-simple"},"_links":{"self":[{"href":"https:\/\/www.ritsukaparts.com\/es\/wp-json\/wp\/v2\/product\/16888","targetHints":{"allow":["GET"]}}],"collection":[{"href":"https:\/\/www.ritsukaparts.com\/es\/wp-json\/wp\/v2\/product"}],"about":[{"href":"https:\/\/www.ritsukaparts.com\/es\/wp-json\/wp\/v2\/types\/product"}],"wp:featuredmedia":[{"embeddable":true,"href":"https:\/\/www.ritsukaparts.com\/es\/wp-json\/wp\/v2\/media\/16922"}],"wp:attachment":[{"href":"https:\/\/www.ritsukaparts.com\/es\/wp-json\/wp\/v2\/media?parent=16888"}],"wp:term":[{"taxonomy":"product_brand","embeddable":true,"href":"https:\/\/www.ritsukaparts.com\/es\/wp-json\/wp\/v2\/product_brand?post=16888"},{"taxonomy":"product_cat","embeddable":true,"href":"https:\/\/www.ritsukaparts.com\/es\/wp-json\/wp\/v2\/product_cat?post=16888"},{"taxonomy":"product_tag","embeddable":true,"href":"https:\/\/www.ritsukaparts.com\/es\/wp-json\/wp\/v2\/product_tag?post=16888"}],"curies":[{"name":"wp","href":"https:\/\/api.w.org\/{rel}","templated":true}]}}