{"id":16889,"date":"2018-09-22T14:46:14","date_gmt":"2018-09-22T09:16:14","guid":{"rendered":"http:\/\/www.ritsukaparts.com\/new\/product\/import-placeholder-for-216\/"},"modified":"2018-11-08T11:38:13","modified_gmt":"2018-11-08T06:08:13","slug":"kit-de-piston","status":"publish","type":"product","link":"https:\/\/www.ritsukaparts.com\/es\/product\/kit-de-piston\/","title":{"rendered":"Kit De Piston"},"content":{"rendered":"","protected":false},"excerpt":{"rendered":"<p>Los pistones fabricados por nosotros siempre se componen de materiales de calidad. Cada parte del pist\u00f3n, como el aro de compresi\u00f3n, el aro del limpiador, el aro de aceite, el perno del pist\u00f3n, etc., se fabrican con la m\u00e1xima precisi\u00f3n.<\/p>\n<p>Fortalezas:<\/p>\n<ul>\n<li>Revestimientos del lado de fricci\u00f3n para mantener la tensi\u00f3n radial en los aros<\/li>\n<li>Alta vida \u00fatil de los pistones<\/li>\n<\/ul>\n<p>Caracter\u00edsticas:<\/p>\n<ul>\n<li>Hechos de material de aluminio AC8A<\/li>\n<li>Aros de compresi\u00f3n fabricados con especificaciones de precisi\u00f3n de fundici\u00f3n de hierro de alta calidad<\/li>\n<li>Fabricados bajo estricta supervisi\u00f3n para mantener la calidad<\/li>\n<li>Cada componente se prueba por eso no hay margen de error<\/li>\n<li>Aro de compresi\u00f3n compuesto por fundici\u00f3n nodular DH 30<\/li>\n<li>Aro limpiador compuesto de acero DQ 20<\/li>\n<li>Aros de aceite compuestos por acero DS 45<\/li>\n<li>Perno de pist\u00f3n compuesto por acero 20 CrMo<\/li>\n<li>Pist\u00f3n disponible en acabado brillante plateado, acabado negro, acabado de esta\u00f1o<\/li>\n<li>Materia prima ADC 12 con alto porcentaje de cobre de 1.65%<\/li>\n<li>Mantenimiento un nivel de tolerancia de la camisa de 0.002 mm ~ 0.003 mm<\/li>\n<li>Tratamiento t\u00e9rmico a 350 grados<\/li>\n<li>Mecanizado VMC altamente preciso<\/li>\n<li>Rango de dureza Brinell \u226571 HBS<\/li>\n<li>Rango de resistencia a la tracci\u00f3n \u2265 125 Mpa<\/li>\n<li>Ductilidad \u2265 1%<\/li>\n<\/ul>\n","protected":false},"featured_media":16929,"template":"","meta":[],"product_brand":[],"product_cat":[314],"product_tag":[],"class_list":{"0":"post-16889","1":"product","2":"type-product","3":"status-publish","4":"has-post-thumbnail","6":"product_cat-partes-de-motor","8":"first","9":"instock","10":"shipping-taxable","11":"product-type-simple"},"_links":{"self":[{"href":"https:\/\/www.ritsukaparts.com\/es\/wp-json\/wp\/v2\/product\/16889","targetHints":{"allow":["GET"]}}],"collection":[{"href":"https:\/\/www.ritsukaparts.com\/es\/wp-json\/wp\/v2\/product"}],"about":[{"href":"https:\/\/www.ritsukaparts.com\/es\/wp-json\/wp\/v2\/types\/product"}],"wp:featuredmedia":[{"embeddable":true,"href":"https:\/\/www.ritsukaparts.com\/es\/wp-json\/wp\/v2\/media\/16929"}],"wp:attachment":[{"href":"https:\/\/www.ritsukaparts.com\/es\/wp-json\/wp\/v2\/media?parent=16889"}],"wp:term":[{"taxonomy":"product_brand","embeddable":true,"href":"https:\/\/www.ritsukaparts.com\/es\/wp-json\/wp\/v2\/product_brand?post=16889"},{"taxonomy":"product_cat","embeddable":true,"href":"https:\/\/www.ritsukaparts.com\/es\/wp-json\/wp\/v2\/product_cat?post=16889"},{"taxonomy":"product_tag","embeddable":true,"href":"https:\/\/www.ritsukaparts.com\/es\/wp-json\/wp\/v2\/product_tag?post=16889"}],"curies":[{"name":"wp","href":"https:\/\/api.w.org\/{rel}","templated":true}]}}