{"id":16890,"date":"2018-09-22T14:46:15","date_gmt":"2018-09-22T09:16:15","guid":{"rendered":"http:\/\/www.ritsukaparts.com\/new\/product\/import-placeholder-for-220\/"},"modified":"2018-11-08T11:44:26","modified_gmt":"2018-11-08T06:14:26","slug":"rocker-arm","status":"publish","type":"product","link":"https:\/\/www.ritsukaparts.com\/es\/product\/rocker-arm\/","title":{"rendered":"Balancines de Valvulas"},"content":{"rendered":"","protected":false},"excerpt":{"rendered":"<p>El balanc\u00edn de v\u00e1lvulas es una leva oscilante en un motor. Se eleva en un extremo que se baja por un l\u00f3bulo giratorio del \u00e1rbol de levas, mientras que el otro extremo sirve para trabajar en un v\u00e1stago de la v\u00e1lvula. Nos ocupamos de la resistencia al desgaste con hierro fundido refrigerado junto con el tratamiento t\u00e9rmico y alcanzamos la rugosidad superficial perfecta al controlar los par\u00e1metros de corte del metal. En definitica, esta es la forma en que fabricamos balancines.<\/p>\n<p>Fortalezas:<\/p>\n<ul>\n<li>Dureza perfecta<\/li>\n<li>Tratamiento termico<\/li>\n<li>Rendimiento libre de problemas<\/li>\n<li>Rodamientos de Taiwan inclu\u00eddos<\/li>\n<\/ul>\n<p>Caracter\u00edsticas:<\/p>\n<ul>\n<li>Materia prima utilizado 20CrMo<\/li>\n<li>Durenza entre 60-62 HRC<\/li>\n<li>Profundidad de carburaci\u00f3n del tratamiento t\u00e9rmico 0.8 &#8211; 1.2m<\/li>\n<li>Rugosidad superficial \u2264 0.2 RA<\/li>\n<li>Proporci\u00f3n del balanc\u00edn de v\u00e1lvulas entre 1.5: 1.0 a 1.8: 1.0<\/li>\n<\/ul>\n","protected":false},"featured_media":16931,"template":"","meta":[],"product_brand":[],"product_cat":[314],"product_tag":[],"class_list":{"0":"post-16890","1":"product","2":"type-product","3":"status-publish","4":"has-post-thumbnail","6":"product_cat-partes-de-motor","8":"first","9":"instock","10":"shipping-taxable","11":"product-type-simple"},"_links":{"self":[{"href":"https:\/\/www.ritsukaparts.com\/es\/wp-json\/wp\/v2\/product\/16890","targetHints":{"allow":["GET"]}}],"collection":[{"href":"https:\/\/www.ritsukaparts.com\/es\/wp-json\/wp\/v2\/product"}],"about":[{"href":"https:\/\/www.ritsukaparts.com\/es\/wp-json\/wp\/v2\/types\/product"}],"wp:featuredmedia":[{"embeddable":true,"href":"https:\/\/www.ritsukaparts.com\/es\/wp-json\/wp\/v2\/media\/16931"}],"wp:attachment":[{"href":"https:\/\/www.ritsukaparts.com\/es\/wp-json\/wp\/v2\/media?parent=16890"}],"wp:term":[{"taxonomy":"product_brand","embeddable":true,"href":"https:\/\/www.ritsukaparts.com\/es\/wp-json\/wp\/v2\/product_brand?post=16890"},{"taxonomy":"product_cat","embeddable":true,"href":"https:\/\/www.ritsukaparts.com\/es\/wp-json\/wp\/v2\/product_cat?post=16890"},{"taxonomy":"product_tag","embeddable":true,"href":"https:\/\/www.ritsukaparts.com\/es\/wp-json\/wp\/v2\/product_tag?post=16890"}],"curies":[{"name":"wp","href":"https:\/\/api.w.org\/{rel}","templated":true}]}}