{"id":16891,"date":"2018-09-22T14:46:16","date_gmt":"2018-09-22T09:16:16","guid":{"rendered":"http:\/\/www.ritsukaparts.com\/new\/product\/import-placeholder-for-223\/"},"modified":"2018-11-08T12:09:53","modified_gmt":"2018-11-08T06:39:53","slug":"valvulas","status":"publish","type":"product","link":"https:\/\/www.ritsukaparts.com\/es\/product\/valvulas\/","title":{"rendered":"V\u00e1lvulas"},"content":{"rendered":"","protected":false},"excerpt":{"rendered":"<p>Nuestras ligeras v\u00e1lvulas ofrecen un mejor rendimiento del motor y una mayor eficiencia de combustible para cumplir con las cambiantes normas de emisi\u00f3n. Mejora la fatiga y la resistencia a la corrosi\u00f3n debido a la mayor profundidad de las v\u00e1lvulas de nitruro. Todas nuestras v\u00e1lvulas est\u00e1n debidamente tratadas t\u00e9rmicamente, lo que aumenta la fuerza y la resistencia al desgaste en el v\u00e1stago y las \u00e1reas de asiento. Estas v\u00e1lvulas est\u00e1n hechas bajo especificaciones OE con pruebas adecuadas que se someten a una inspecci\u00f3n del 100% de las caracter\u00edsticas cr\u00edticas. Tambi\u00e9n se someten a pruebas de detecci\u00f3n de grietas.<\/p>\n<p>Fortalezas<\/p>\n<ul>\n<li>Aleaci\u00f3n de silicio de alta Resistencia<\/li>\n<li>Soldadura de acumulaci\u00f3n de vac\u00edo<\/li>\n<li>Grado de la materia prima En52<\/li>\n<li>1 hora a 650 \u00b0 C de templado<\/li>\n<li>M\u00e9todo de detecci\u00f3n de fallas por onda ultras\u00f3nica<\/li>\n<\/ul>\n<p>Caracter\u00edsticas<\/p>\n<p>&nbsp;<\/p>\n<ul>\n<li>Soldadura de acumulaci\u00f3n de vac\u00edo<\/li>\n<li>Aleaci\u00f3n satelital con propiedad resistente al impacto y al desgaste<\/li>\n<li>V\u00e1lvula de escape de materia prima de grado SCr21Mn9Ni4n<\/li>\n<li>1 hora a 650 \u00b0 C de templado<\/li>\n<li>Admisi\u00f3n 4Cr10Si2MO<\/li>\n<\/ul>\n","protected":false},"featured_media":16933,"template":"","meta":[],"product_brand":[],"product_cat":[314],"product_tag":[],"class_list":{"0":"post-16891","1":"product","2":"type-product","3":"status-publish","4":"has-post-thumbnail","6":"product_cat-partes-de-motor","8":"first","9":"instock","10":"shipping-taxable","11":"product-type-simple"},"_links":{"self":[{"href":"https:\/\/www.ritsukaparts.com\/es\/wp-json\/wp\/v2\/product\/16891","targetHints":{"allow":["GET"]}}],"collection":[{"href":"https:\/\/www.ritsukaparts.com\/es\/wp-json\/wp\/v2\/product"}],"about":[{"href":"https:\/\/www.ritsukaparts.com\/es\/wp-json\/wp\/v2\/types\/product"}],"wp:featuredmedia":[{"embeddable":true,"href":"https:\/\/www.ritsukaparts.com\/es\/wp-json\/wp\/v2\/media\/16933"}],"wp:attachment":[{"href":"https:\/\/www.ritsukaparts.com\/es\/wp-json\/wp\/v2\/media?parent=16891"}],"wp:term":[{"taxonomy":"product_brand","embeddable":true,"href":"https:\/\/www.ritsukaparts.com\/es\/wp-json\/wp\/v2\/product_brand?post=16891"},{"taxonomy":"product_cat","embeddable":true,"href":"https:\/\/www.ritsukaparts.com\/es\/wp-json\/wp\/v2\/product_cat?post=16891"},{"taxonomy":"product_tag","embeddable":true,"href":"https:\/\/www.ritsukaparts.com\/es\/wp-json\/wp\/v2\/product_tag?post=16891"}],"curies":[{"name":"wp","href":"https:\/\/api.w.org\/{rel}","templated":true}]}}