{"id":16892,"date":"2018-09-22T14:46:16","date_gmt":"2018-09-22T09:16:16","guid":{"rendered":"http:\/\/www.ritsukaparts.com\/new\/product\/import-placeholder-for-519\/"},"modified":"2018-11-08T11:15:18","modified_gmt":"2018-11-08T05:45:18","slug":"rodamientos","status":"publish","type":"product","link":"https:\/\/www.ritsukaparts.com\/es\/product\/rodamientos\/","title":{"rendered":"Rodamientos"},"content":{"rendered":"","protected":false},"excerpt":{"rendered":"<p>Fabricamos rodamientos de motocicletas de alto rendimiento que ofrecen una calidad \u00f3ptima y son m\u00e1s adecuados para satisfacer las demandas \u00fanicas de los clientes. Nuestro fuerte compromiso por continuar como una organizaci\u00f3n impulsada por la calidad junto con iniciativas innovadoras en el desarrollo de productos garantiza que los productos sean reconocidos y aceptados por nuestros clientes en todo el mundo. Nuestro equipo de expertos se adhiere a los m\u00e1s altos est\u00e1ndares de calidad y seguridad para ofrecer lo mejor.<\/p>\n<p>Caracter\u00edsticas:<\/p>\n<ul>\n<li>Sistema de lubricaci\u00f3n simple<\/li>\n<li>Capacidad de autoalineaci\u00f3n<\/li>\n<li>Nivel medio a alto de capacidad de carga de empuje<\/li>\n<li>Capacidad de carga din\u00e1mica media en todos los \u00e1ngulos<\/li>\n<li>Buen rendimiento de alta velocidad en ranuras profundas y contactos angulares<\/li>\n<li>Baja fricci\u00f3n de funcionamiento<\/li>\n<li>Baja fricci\u00f3n de arranque<\/li>\n<li>Alta tolerancia a la desalineaci\u00f3n<\/li>\n<li>Gran tolerancia a la suciedad<\/li>\n<li>Calidad Z1<\/li>\n<\/ul>\n","protected":false},"featured_media":16935,"template":"","meta":[],"product_brand":[],"product_cat":[315],"product_tag":[],"class_list":{"0":"post-16892","1":"product","2":"type-product","3":"status-publish","4":"has-post-thumbnail","6":"product_cat-partes-de-freno-y-chasis","8":"first","9":"instock","10":"shipping-taxable","11":"product-type-simple"},"_links":{"self":[{"href":"https:\/\/www.ritsukaparts.com\/es\/wp-json\/wp\/v2\/product\/16892","targetHints":{"allow":["GET"]}}],"collection":[{"href":"https:\/\/www.ritsukaparts.com\/es\/wp-json\/wp\/v2\/product"}],"about":[{"href":"https:\/\/www.ritsukaparts.com\/es\/wp-json\/wp\/v2\/types\/product"}],"wp:featuredmedia":[{"embeddable":true,"href":"https:\/\/www.ritsukaparts.com\/es\/wp-json\/wp\/v2\/media\/16935"}],"wp:attachment":[{"href":"https:\/\/www.ritsukaparts.com\/es\/wp-json\/wp\/v2\/media?parent=16892"}],"wp:term":[{"taxonomy":"product_brand","embeddable":true,"href":"https:\/\/www.ritsukaparts.com\/es\/wp-json\/wp\/v2\/product_brand?post=16892"},{"taxonomy":"product_cat","embeddable":true,"href":"https:\/\/www.ritsukaparts.com\/es\/wp-json\/wp\/v2\/product_cat?post=16892"},{"taxonomy":"product_tag","embeddable":true,"href":"https:\/\/www.ritsukaparts.com\/es\/wp-json\/wp\/v2\/product_tag?post=16892"}],"curies":[{"name":"wp","href":"https:\/\/api.w.org\/{rel}","templated":true}]}}