{"id":16893,"date":"2018-09-22T14:46:17","date_gmt":"2018-09-22T09:16:17","guid":{"rendered":"http:\/\/www.ritsukaparts.com\/new\/product\/import-placeholder-for-690\/"},"modified":"2018-11-08T10:27:24","modified_gmt":"2018-11-08T04:57:24","slug":"cables","status":"publish","type":"product","link":"https:\/\/www.ritsukaparts.com\/es\/product\/cables\/","title":{"rendered":"Cables"},"content":{"rendered":"","protected":false},"excerpt":{"rendered":"<p>Usamos la tecnolog\u00eda m\u00e1s moderna junto con casi una d\u00e9cada de trabajo duro y dedicaci\u00f3n. Somos superiores en calidad con nuestra tecnolog\u00eda de punta y por el uso de PVC virgen y un mayor grosor del cable interno.<\/p>\n<p><strong>\u00a0Caracter\u00edsticas:<\/strong><\/p>\n<ul>\n<li>Un control de calidad completo y el uso de materiales de alta calidad garantizan el ajuste perfecto<\/li>\n<li>Forro exterior de PVC negro para m\u00e1xima flexibilidad y durabilidad<\/li>\n<li>Carcasa interior de acero que est\u00e1 ajustadamente enrollada para una baja compression<\/li>\n<li>Una manga interna de nylon prelubricado garantiza un funcionamiento suave y una larga vida \u00fatil.<\/li>\n<li>Todos los extremos de los cables est\u00e1n enjaulados antes del ensamble final para una resistencia superior a la extracci\u00f3n<\/li>\n<li>Piezas completamente probadas<\/li>\n<li>Fabricaci\u00f3n de flujo de una sola pieza<\/li>\n<li>Movimiento sin fricci\u00f3n<\/li>\n<li>Uso de materiales avanzados<\/li>\n<li>Excelente resistencia al calor<\/li>\n<li>Resistencia y dise\u00f1o compacto<\/li>\n<li>Gran flexibilidad<\/li>\n<li>Resistentes a la abrasion<\/li>\n<li>Radio de curvado ajustado<\/li>\n<li>Peque\u00f1o di\u00e1metro general<\/li>\n<li>Carga de quiebre de 5KN<\/li>\n<\/ul>\n","protected":false},"featured_media":16937,"template":"","meta":[],"product_brand":[],"product_cat":[315],"product_tag":[],"class_list":{"0":"post-16893","1":"product","2":"type-product","3":"status-publish","4":"has-post-thumbnail","6":"product_cat-partes-de-freno-y-chasis","8":"first","9":"instock","10":"shipping-taxable","11":"product-type-simple"},"_links":{"self":[{"href":"https:\/\/www.ritsukaparts.com\/es\/wp-json\/wp\/v2\/product\/16893","targetHints":{"allow":["GET"]}}],"collection":[{"href":"https:\/\/www.ritsukaparts.com\/es\/wp-json\/wp\/v2\/product"}],"about":[{"href":"https:\/\/www.ritsukaparts.com\/es\/wp-json\/wp\/v2\/types\/product"}],"wp:featuredmedia":[{"embeddable":true,"href":"https:\/\/www.ritsukaparts.com\/es\/wp-json\/wp\/v2\/media\/16937"}],"wp:attachment":[{"href":"https:\/\/www.ritsukaparts.com\/es\/wp-json\/wp\/v2\/media?parent=16893"}],"wp:term":[{"taxonomy":"product_brand","embeddable":true,"href":"https:\/\/www.ritsukaparts.com\/es\/wp-json\/wp\/v2\/product_brand?post=16893"},{"taxonomy":"product_cat","embeddable":true,"href":"https:\/\/www.ritsukaparts.com\/es\/wp-json\/wp\/v2\/product_cat?post=16893"},{"taxonomy":"product_tag","embeddable":true,"href":"https:\/\/www.ritsukaparts.com\/es\/wp-json\/wp\/v2\/product_tag?post=16893"}],"curies":[{"name":"wp","href":"https:\/\/api.w.org\/{rel}","templated":true}]}}