{"id":16894,"date":"2018-09-22T14:46:17","date_gmt":"2018-09-22T09:16:17","guid":{"rendered":"http:\/\/www.ritsukaparts.com\/new\/product\/import-placeholder-for-696\/"},"modified":"2018-11-08T10:41:51","modified_gmt":"2018-11-08T05:11:51","slug":"tapa-de-tanque-y-juego-de-cerraduras","status":"publish","type":"product","link":"https:\/\/www.ritsukaparts.com\/es\/product\/tapa-de-tanque-y-juego-de-cerraduras\/","title":{"rendered":"Tapa de tanque y juego de cerraduras"},"content":{"rendered":"","protected":false},"excerpt":{"rendered":"<div id=\"style-4\" class=\"table-scrl-igni\">\n<p>El juego de llave de encendido consta de 8 piezas diferentes: tapa del dep\u00f3sito de combustible, cerradura, cerradura de casco, perno de seguridad, cerradura de cacha lateral, llaves, tambor de contacto y cerradura del asiento. Usamos ADC12 que tiene un alto porcentaje de cobre. En palabras simples, significa durabilidad y longevidad excepcionales. ADC12 aumenta la resistencia de un material a romperse bajo tensi\u00f3n o carga. Tambi\u00e9n mejora la resistencia a la tracci\u00f3n de un material y le permite soportar la m\u00e1xima cantidad de tensi\u00f3n y tracci\u00f3n antes de romperse. Las aleaciones de aluminio y cobre generalmente con otras adiciones forman importantes familias de aleaciones. Las aleaciones de aluminio y cobre, tanto fundidas como forjadas, responden al tratamiento t\u00e9rmico y al envejecimiento posterior con un aumento en la elongaci\u00f3n.<\/p>\n<p>Fortalezas<\/p>\n<ul>\n<li>Utilizaci\u00f3n de materia prima de alto grado<\/li>\n<li>Llaves de alto grado de cobre para evitar la oxidaci\u00f3n<\/li>\n<li>Gran durabilidad<\/li>\n<li>Riguroso control de calidad<\/li>\n<\/ul>\n<\/div>\n","protected":false},"featured_media":16944,"template":"","meta":[],"product_brand":[],"product_cat":[315],"product_tag":[],"class_list":{"0":"post-16894","1":"product","2":"type-product","3":"status-publish","4":"has-post-thumbnail","6":"product_cat-partes-de-freno-y-chasis","8":"first","9":"instock","10":"shipping-taxable","11":"product-type-simple"},"_links":{"self":[{"href":"https:\/\/www.ritsukaparts.com\/es\/wp-json\/wp\/v2\/product\/16894","targetHints":{"allow":["GET"]}}],"collection":[{"href":"https:\/\/www.ritsukaparts.com\/es\/wp-json\/wp\/v2\/product"}],"about":[{"href":"https:\/\/www.ritsukaparts.com\/es\/wp-json\/wp\/v2\/types\/product"}],"wp:featuredmedia":[{"embeddable":true,"href":"https:\/\/www.ritsukaparts.com\/es\/wp-json\/wp\/v2\/media\/16944"}],"wp:attachment":[{"href":"https:\/\/www.ritsukaparts.com\/es\/wp-json\/wp\/v2\/media?parent=16894"}],"wp:term":[{"taxonomy":"product_brand","embeddable":true,"href":"https:\/\/www.ritsukaparts.com\/es\/wp-json\/wp\/v2\/product_brand?post=16894"},{"taxonomy":"product_cat","embeddable":true,"href":"https:\/\/www.ritsukaparts.com\/es\/wp-json\/wp\/v2\/product_cat?post=16894"},{"taxonomy":"product_tag","embeddable":true,"href":"https:\/\/www.ritsukaparts.com\/es\/wp-json\/wp\/v2\/product_tag?post=16894"}],"curies":[{"name":"wp","href":"https:\/\/api.w.org\/{rel}","templated":true}]}}