{"id":16898,"date":"2018-09-22T14:46:19","date_gmt":"2018-09-22T09:16:19","guid":{"rendered":"http:\/\/www.ritsukaparts.com\/new\/product\/import-placeholder-for-719\/"},"modified":"2018-10-25T17:56:36","modified_gmt":"2018-10-25T12:26:36","slug":"amortiguadores","status":"publish","type":"product","link":"https:\/\/www.ritsukaparts.com\/es\/product\/amortiguadores\/","title":{"rendered":"Amortiguadores"},"content":{"rendered":"","protected":false},"excerpt":{"rendered":"<p>Los amortiguadores de nuestra empresa se someten a varias inspecciones de calidad internacional en cada etapa de producci\u00f3n que nos ayudan a mantener nuestra calidad superior. Con esa referencia, fabricamos alrededor de 100.000 unidades por mes y una amplia gama de alrededor de 100 modelos diferentes. Un buen tiempo de producci\u00f3n que garantiza la entrega r\u00e1pida de los productos y nuestros procesos de producci\u00f3n optimizados nos ayudan a alcanzar la satisfacci\u00f3n del cliente al 100% y una calidad sin igual.<\/p>\n<p><strong>Caracter\u00edsticas:<\/strong><\/p>\n<ul>\n<li>Amplio rango (tradicional y monoshock) que se adaptan a varios modelos de motocicletas<\/li>\n<li>Gran Resistencia<\/li>\n<li>Varilla de pist\u00f3n cromada dura \/ n\u00edquel para un funcionamiento suave<\/li>\n<li>Uso de materiales de alta calidad para resortes de suspensi\u00f3n para mejorar la durabilidad<\/li>\n<li>Dise\u00f1o optimizado de sistemas de suspensi\u00f3n para soportar altas cargas de trabajo<\/li>\n<li>Sistema hidr\u00e1ulico con carga de gas para una mejor comodidad de conducci\u00f3n<\/li>\n<li>Suspensiones antisalpicaduras para diferentes tipos de carreteras<\/li>\n<li>Alta amortiguaci\u00f3n para una mejor capacidad de amortiguaci\u00f3n<\/li>\n<li>Gr\u00e1fico de cavitaci\u00f3n no distorsionado a 500 ciclos.<\/li>\n<\/ul>\n","protected":false},"featured_media":16952,"template":"","meta":[],"product_brand":[],"product_cat":[315],"product_tag":[],"class_list":{"0":"post-16898","1":"product","2":"type-product","3":"status-publish","4":"has-post-thumbnail","6":"product_cat-partes-de-freno-y-chasis","8":"first","9":"instock","10":"shipping-taxable","11":"product-type-simple"},"_links":{"self":[{"href":"https:\/\/www.ritsukaparts.com\/es\/wp-json\/wp\/v2\/product\/16898","targetHints":{"allow":["GET"]}}],"collection":[{"href":"https:\/\/www.ritsukaparts.com\/es\/wp-json\/wp\/v2\/product"}],"about":[{"href":"https:\/\/www.ritsukaparts.com\/es\/wp-json\/wp\/v2\/types\/product"}],"wp:featuredmedia":[{"embeddable":true,"href":"https:\/\/www.ritsukaparts.com\/es\/wp-json\/wp\/v2\/media\/16952"}],"wp:attachment":[{"href":"https:\/\/www.ritsukaparts.com\/es\/wp-json\/wp\/v2\/media?parent=16898"}],"wp:term":[{"taxonomy":"product_brand","embeddable":true,"href":"https:\/\/www.ritsukaparts.com\/es\/wp-json\/wp\/v2\/product_brand?post=16898"},{"taxonomy":"product_cat","embeddable":true,"href":"https:\/\/www.ritsukaparts.com\/es\/wp-json\/wp\/v2\/product_cat?post=16898"},{"taxonomy":"product_tag","embeddable":true,"href":"https:\/\/www.ritsukaparts.com\/es\/wp-json\/wp\/v2\/product_tag?post=16898"}],"curies":[{"name":"wp","href":"https:\/\/api.w.org\/{rel}","templated":true}]}}