{"id":16900,"date":"2018-09-22T14:46:20","date_gmt":"2018-09-22T09:16:20","guid":{"rendered":"http:\/\/www.ritsukaparts.com\/new\/product\/import-placeholder-for-733\/"},"modified":"2018-11-08T10:23:20","modified_gmt":"2018-11-08T04:53:20","slug":"pastilla-de-freno","status":"publish","type":"product","link":"https:\/\/www.ritsukaparts.com\/es\/product\/pastilla-de-freno\/","title":{"rendered":"Pastilla de freno"},"content":{"rendered":"","protected":false},"excerpt":{"rendered":"<p>Dise\u00f1adas y probadas para un uso mayormente orientado al rendimiento, nuestras pastillas de freno son el principal nivel de actualizaci\u00f3n para cualquier mecanismo de frenado. Nuestro material de fricci\u00f3n brinda una excelente calidad a nuestras pastillas de freno haci\u00e9ndolas superiores al resto en el mercado.<\/p>\n<p>Caracter\u00edsticas:<\/p>\n<ul>\n<li>Aseguran el balance ideal entre seguridad y rendimiento, al mismo tiempo que minimizan el desgaste de las almohadillas y discos del veh\u00edculo<\/li>\n<li>Eficacia inicial mejorada (no se requiere intrusi\u00f3n)<\/li>\n<li>Alta resistencia al desgaste<\/li>\n<li>Frenado estable y balanceado<\/li>\n<li>Entrega gran resistencia al corte<\/li>\n<li>Bajo nivel de ruido y vibraciones<\/li>\n<li>Revestimiento sumergido de primera calidad: proporciona resistencia a la corrosi\u00f3n para una mayor durabilidad<\/li>\n<li>Niveles de fricci\u00f3n altos y estables<\/li>\n<li>Hechas para render en rangos extremos de temperatura<\/li>\n<\/ul>\n","protected":false},"featured_media":16961,"template":"","meta":[],"product_brand":[],"product_cat":[315],"product_tag":[],"class_list":{"0":"post-16900","1":"product","2":"type-product","3":"status-publish","4":"has-post-thumbnail","6":"product_cat-partes-de-freno-y-chasis","8":"first","9":"instock","10":"shipping-taxable","11":"product-type-simple"},"_links":{"self":[{"href":"https:\/\/www.ritsukaparts.com\/es\/wp-json\/wp\/v2\/product\/16900","targetHints":{"allow":["GET"]}}],"collection":[{"href":"https:\/\/www.ritsukaparts.com\/es\/wp-json\/wp\/v2\/product"}],"about":[{"href":"https:\/\/www.ritsukaparts.com\/es\/wp-json\/wp\/v2\/types\/product"}],"wp:featuredmedia":[{"embeddable":true,"href":"https:\/\/www.ritsukaparts.com\/es\/wp-json\/wp\/v2\/media\/16961"}],"wp:attachment":[{"href":"https:\/\/www.ritsukaparts.com\/es\/wp-json\/wp\/v2\/media?parent=16900"}],"wp:term":[{"taxonomy":"product_brand","embeddable":true,"href":"https:\/\/www.ritsukaparts.com\/es\/wp-json\/wp\/v2\/product_brand?post=16900"},{"taxonomy":"product_cat","embeddable":true,"href":"https:\/\/www.ritsukaparts.com\/es\/wp-json\/wp\/v2\/product_cat?post=16900"},{"taxonomy":"product_tag","embeddable":true,"href":"https:\/\/www.ritsukaparts.com\/es\/wp-json\/wp\/v2\/product_tag?post=16900"}],"curies":[{"name":"wp","href":"https:\/\/api.w.org\/{rel}","templated":true}]}}