{"id":16901,"date":"2018-09-22T14:46:21","date_gmt":"2018-09-22T09:16:21","guid":{"rendered":"http:\/\/www.ritsukaparts.com\/new\/product\/import-placeholder-for-737\/"},"modified":"2018-11-08T10:10:50","modified_gmt":"2018-11-08T04:40:50","slug":"zapatas-de-freno","status":"publish","type":"product","link":"https:\/\/www.ritsukaparts.com\/es\/product\/zapatas-de-freno\/","title":{"rendered":"Zapatas de Freno"},"content":{"rendered":"","protected":false},"excerpt":{"rendered":"<p>En nuestras instalaciones de fabricaci\u00f3n y dise\u00f1o de \u00faltima generaci\u00f3n, fabricamos una amplia gama de forros de freno sin amianto. Nuestro forro de freno ofrece un frenado \u00f3ptimo en todas las condiciones de temperatura, clima y terreno. Dise\u00f1ados para eliminar el ruido, la vibraci\u00f3n y la dureza, nuestras zapatas de freno ofrecen la mejor experiencia de frenado. Nuestra calidad comienza en la superficie y corre hacia las profundidades. En las zapatas de freno, ofrecemos dos tipos de acabado: arenado y regular brillo. Adem\u00e1s de dar a la pieza de repuesto la apariencia perfecta, un buen acabado ayuda a crear una superficie m\u00e1s lisa para un funcionamiento general m\u00e1s alto de una motocicleta.<\/p>\n<p>Caracter\u00edsticos:<\/p>\n<ul>\n<li>Altos y estables niveles de fricci\u00f3n<\/li>\n<li>Gran Resistencia al desgaste<\/li>\n<li>Mayor integridad de la ligadura<\/li>\n<li>Mejor rendimiento y vida \u00fatil<\/li>\n<li>Bajo nivel de ruido y vibraciones<\/li>\n<li>Asegura la operaci\u00f3n segura y una durabilidad adecuada<\/li>\n<li>Formulacion certificada por ECE-R90<\/li>\n<li>Facilita el correcto contacto entre la Zapata y el tambor para la mejor performance<\/li>\n<li>Frenado estable y balanceado<\/li>\n<li>Entrega mayor resitencia al corte<\/li>\n<\/ul>\n","protected":false},"featured_media":16963,"template":"","meta":[],"product_brand":[],"product_cat":[315],"product_tag":[],"class_list":{"0":"post-16901","1":"product","2":"type-product","3":"status-publish","4":"has-post-thumbnail","6":"product_cat-partes-de-freno-y-chasis","8":"first","9":"instock","10":"shipping-taxable","11":"product-type-simple"},"_links":{"self":[{"href":"https:\/\/www.ritsukaparts.com\/es\/wp-json\/wp\/v2\/product\/16901","targetHints":{"allow":["GET"]}}],"collection":[{"href":"https:\/\/www.ritsukaparts.com\/es\/wp-json\/wp\/v2\/product"}],"about":[{"href":"https:\/\/www.ritsukaparts.com\/es\/wp-json\/wp\/v2\/types\/product"}],"wp:featuredmedia":[{"embeddable":true,"href":"https:\/\/www.ritsukaparts.com\/es\/wp-json\/wp\/v2\/media\/16963"}],"wp:attachment":[{"href":"https:\/\/www.ritsukaparts.com\/es\/wp-json\/wp\/v2\/media?parent=16901"}],"wp:term":[{"taxonomy":"product_brand","embeddable":true,"href":"https:\/\/www.ritsukaparts.com\/es\/wp-json\/wp\/v2\/product_brand?post=16901"},{"taxonomy":"product_cat","embeddable":true,"href":"https:\/\/www.ritsukaparts.com\/es\/wp-json\/wp\/v2\/product_cat?post=16901"},{"taxonomy":"product_tag","embeddable":true,"href":"https:\/\/www.ritsukaparts.com\/es\/wp-json\/wp\/v2\/product_tag?post=16901"}],"curies":[{"name":"wp","href":"https:\/\/api.w.org\/{rel}","templated":true}]}}